{"id":36409,"date":"2025-01-30T17:36:07","date_gmt":"2025-01-30T16:36:07","guid":{"rendered":"https:\/\/www.tatanka.nl\/?post_type=product&#038;p=36409"},"modified":"2025-05-16T14:42:54","modified_gmt":"2025-05-16T13:42:54","slug":"auto-vision-critical","status":"publish","type":"product","link":"https:\/\/www.tatanka.nl\/fr\/auto-vision-critical\/","title":{"rendered":"Auto Vision Critical - Vision Seeds"},"content":{"rendered":"<h2><span data-sheets-value=\"{&quot;1&quot;:2,&quot;2&quot;:&quot;Auto Vision Critical&quot;}\" data-sheets-userformat=\"{&quot;2&quot;:14915,&quot;3&quot;:{&quot;1&quot;:0},&quot;4&quot;:{&quot;1&quot;:2,&quot;2&quot;:14281427},&quot;9&quot;:0,&quot;12&quot;:0,&quot;14&quot;:{&quot;1&quot;:2,&quot;2&quot;:0},&quot;15&quot;:&quot;Calibri&quot;,&quot;16&quot;:12}\">Auto Vision Critical <\/span>Graines de cannabis de Vision Seeds<\/h2>\n<p>Petites et discr\u00e8tes, mais pas trop faibles en THC. Vous n'aurez pas \u00e0 craindre que ces dames ne perturbent votre op\u00e9ration de culture furtive. Elle est parfaite si vous voulez juste un peu de relaxation abrutissante sans trop d'anxi\u00e9t\u00e9 sociale. Ce b\u00e9b\u00e9 \u00e0 autofloraison amusant et engageant est quelque chose que m\u00eame le cultivateur le plus novice peut g\u00e9rer avec une relative facilit\u00e9 !<\/p>\n<p>Vision Seeds Vision Critical Auto est une vari\u00e9t\u00e9 parfaite si vous \u00eates \u00e0 la recherche d'une plante facile \u00e0 cultiver et qui offre des saveurs, des ar\u00f4mes et des effets de premier ordre. C'est un bon choix pour la culture sournoise, elle sera facile \u00e0 cultiver pour ceux qui recherchent une petite plante qui peut \u00eatre cach\u00e9e discr\u00e8tement aux yeux des passants. De plus, qu'elle soit dank ou savoureuse, cela n'a pas d'importance puisque cette fille ne d\u00e9\u00e7oit pas !<\/p>","protected":false},"excerpt":{"rendered":"<p>Elle le fait \u00e0 sa fa\u00e7on et elle est tout simplement parfaite. Vision Critical Auto offre une bouff\u00e9e douce, pas trop charg\u00e9e en THC, d\u00e9tendue et relaxante, qui plaira \u00e0 beaucoup gr\u00e2ce \u00e0 son ar\u00f4me unique et charmant d'agrumes, d'\u00e9pices et de bois. Oh, et elle est parfaite pour les cultivateurs ultra furtifs. Essayez-la vous-m\u00eame et vous l'adorerez !<\/p>","protected":false},"featured_media":36438,"template":"","meta":[],"product_brand":[],"product_cat":[546,297,547,638],"product_tag":[],"class_list":{"0":"post-36409","1":"product","2":"type-product","3":"status-publish","4":"has-post-thumbnail","6":"product_cat-seedshop","7":"product_cat-all-products","8":"product_cat-autoflowering-seeds","9":"product_cat-vision-seeds","10":"product_shipping_class-creditcard-on","12":"first","13":"instock","14":"taxable","15":"shipping-taxable","16":"purchasable","17":"product-type-variable","18":"has-default-attributes"},"_links":{"self":[{"href":"https:\/\/www.tatanka.nl\/fr\/wp-json\/wp\/v2\/product\/36409","targetHints":{"allow":["GET"]}}],"collection":[{"href":"https:\/\/www.tatanka.nl\/fr\/wp-json\/wp\/v2\/product"}],"about":[{"href":"https:\/\/www.tatanka.nl\/fr\/wp-json\/wp\/v2\/types\/product"}],"wp:featuredmedia":[{"embeddable":true,"href":"https:\/\/www.tatanka.nl\/fr\/wp-json\/wp\/v2\/media\/36438"}],"wp:attachment":[{"href":"https:\/\/www.tatanka.nl\/fr\/wp-json\/wp\/v2\/media?parent=36409"}],"wp:term":[{"taxonomy":"product_brand","embeddable":true,"href":"https:\/\/www.tatanka.nl\/fr\/wp-json\/wp\/v2\/product_brand?post=36409"},{"taxonomy":"product_cat","embeddable":true,"href":"https:\/\/www.tatanka.nl\/fr\/wp-json\/wp\/v2\/product_cat?post=36409"},{"taxonomy":"product_tag","embeddable":true,"href":"https:\/\/www.tatanka.nl\/fr\/wp-json\/wp\/v2\/product_tag?post=36409"}],"curies":[{"name":"wp","href":"https:\/\/api.w.org\/{rel}","templated":true}]}}