{"id":36411,"date":"2025-01-30T17:36:07","date_gmt":"2025-01-30T16:36:07","guid":{"rendered":"https:\/\/www.tatanka.nl\/?post_type=product&#038;p=36411"},"modified":"2025-05-16T14:42:58","modified_gmt":"2025-05-16T13:42:58","slug":"auto-vision-gorilla","status":"publish","type":"product","link":"https:\/\/www.tatanka.nl\/fr\/auto-vision-gorilla\/","title":{"rendered":"Auto Vision Gorilla - Vision Seeds"},"content":{"rendered":"<h2><span data-sheets-value=\"{&quot;1&quot;:2,&quot;2&quot;:&quot;Auto Vision Gorilla&quot;}\" data-sheets-userformat=\"{&quot;2&quot;:14915,&quot;3&quot;:{&quot;1&quot;:0},&quot;4&quot;:{&quot;1&quot;:2,&quot;2&quot;:16043212},&quot;9&quot;:0,&quot;12&quot;:0,&quot;14&quot;:{&quot;1&quot;:2,&quot;2&quot;:0},&quot;15&quot;:&quot;Calibri&quot;,&quot;16&quot;:12}\">Auto Vision Gorilla<\/span> Graines de cannabis de Vision Seeds<\/h2>\n<p>Cette fille est la reine de l'autofloraison la plus choisie par la plupart des d\u00e9butants en raison de son ensemble unique de caract\u00e9ristiques. La Vision Gorilla Auto poss\u00e8de un go\u00fbt d'agrumes, avec de fortes notes de pin, et un go\u00fbt aigre-doux.<\/p>\n<p>Les Vision Gorilla Auto Cannabis Seeds sont parfaites pour vous, si vous cherchez \u00e0 cultiver vos propres plantes de cannabis \u00e0 autofloraison qui ont un temps de floraison rapide et des niveaux \u00e9lev\u00e9s de THC. Et oui, cette vari\u00e9t\u00e9 est r\u00e9sistante aux parasites\/maladies, ce qui la rend encore meilleure car personne n'a l'\u00e9nergie de s'occuper de cela. Avec son go\u00fbt d'agrumes et ses notes de pin, cette fille est parfaite pour vous !<\/p>","protected":false},"excerpt":{"rendered":"<p>Vision Seeds Vision Gorilla Auto est l'une des vari\u00e9t\u00e9s \u00e0 autofloraison les plus populaires en raison de son taux \u00e9lev\u00e9 de THC, de sa facilit\u00e9 de culture dans les climats froids et des go\u00fbts contemporains qu'elle offre. S\u00e9lectionn\u00e9e naturellement pour une utilisation en int\u00e9rieur par la soci\u00e9t\u00e9 hollandaise Vision Seeds, cette vari\u00e9t\u00e9 est id\u00e9ale pour les cultivateurs d\u00e9butants qui souhaitent s'initier aux plantes de marijuana \u00e0 autofloraison !<\/p>","protected":false},"featured_media":36440,"template":"","meta":[],"product_brand":[],"product_cat":[546,297,547,548,638],"product_tag":[],"class_list":{"0":"post-36411","1":"product","2":"type-product","3":"status-publish","4":"has-post-thumbnail","6":"product_cat-seedshop","7":"product_cat-all-products","8":"product_cat-autoflowering-seeds","9":"product_cat-high-thc-seeds","10":"product_cat-vision-seeds","11":"product_shipping_class-creditcard-on","13":"first","14":"instock","15":"taxable","16":"shipping-taxable","17":"purchasable","18":"product-type-variable","19":"has-default-attributes"},"_links":{"self":[{"href":"https:\/\/www.tatanka.nl\/fr\/wp-json\/wp\/v2\/product\/36411","targetHints":{"allow":["GET"]}}],"collection":[{"href":"https:\/\/www.tatanka.nl\/fr\/wp-json\/wp\/v2\/product"}],"about":[{"href":"https:\/\/www.tatanka.nl\/fr\/wp-json\/wp\/v2\/types\/product"}],"wp:featuredmedia":[{"embeddable":true,"href":"https:\/\/www.tatanka.nl\/fr\/wp-json\/wp\/v2\/media\/36440"}],"wp:attachment":[{"href":"https:\/\/www.tatanka.nl\/fr\/wp-json\/wp\/v2\/media?parent=36411"}],"wp:term":[{"taxonomy":"product_brand","embeddable":true,"href":"https:\/\/www.tatanka.nl\/fr\/wp-json\/wp\/v2\/product_brand?post=36411"},{"taxonomy":"product_cat","embeddable":true,"href":"https:\/\/www.tatanka.nl\/fr\/wp-json\/wp\/v2\/product_cat?post=36411"},{"taxonomy":"product_tag","embeddable":true,"href":"https:\/\/www.tatanka.nl\/fr\/wp-json\/wp\/v2\/product_tag?post=36411"}],"curies":[{"name":"wp","href":"https:\/\/api.w.org\/{rel}","templated":true}]}}