{"id":36413,"date":"2025-01-30T17:36:07","date_gmt":"2025-01-30T16:36:07","guid":{"rendered":"https:\/\/www.tatanka.nl\/?post_type=product&#038;p=36413"},"modified":"2025-05-16T14:43:05","modified_gmt":"2025-05-16T13:43:05","slug":"auto-vision-jack","status":"publish","type":"product","link":"https:\/\/www.tatanka.nl\/fr\/auto-vision-jack\/","title":{"rendered":"Auto Vision Jack - Vision Seeds"},"content":{"rendered":"<h2><span data-sheets-value=\"{&quot;1&quot;:2,&quot;2&quot;:&quot;Auto Vision Jack&quot;}\" data-sheets-userformat=\"{&quot;2&quot;:14915,&quot;3&quot;:{&quot;1&quot;:0},&quot;4&quot;:{&quot;1&quot;:2,&quot;2&quot;:13689059},&quot;9&quot;:0,&quot;12&quot;:0,&quot;14&quot;:{&quot;1&quot;:2,&quot;2&quot;:0},&quot;15&quot;:&quot;Calibri&quot;,&quot;16&quot;:12}\">Auto Vision Jack <\/span>Graines de cannabis de Vision Seeds<\/h2>\n<p>Vision Seeds Vision Jack Auto a le m\u00eame go\u00fbt et la m\u00eame sensation de skunky que sa grande soeur, mais cette vari\u00e9t\u00e9 a \u00e9t\u00e9 cr\u00e9\u00e9e sp\u00e9cifiquement pour pousser \u00e0 l'int\u00e9rieur ou \u00e0 l'ext\u00e9rieur. Cela signifie que si vous ne cherchez qu'une seule plante \u00e0 autofloraison, vous ne pouvez absolument pas vous tromper en choisissant Vision Seeds Vision Jack Auto.<\/p>\n<p>Les graines de cannabis Auto Vision Jack sont un hybride de cannabis Sativa et Ruderalis. Avec un go\u00fbt fort et des notes musqu\u00e9es puissantes, c'est une vari\u00e9t\u00e9 que vous serez heureux d'avoir dans votre r\u00e9serve ! Les t\u00eates sentent l\u00e9g\u00e8rement l'\u00e9pice et vous laisseront un sentiment d'\u00e9l\u00e9vation avec des pens\u00e9es claires et des niveaux d'\u00e9nergie accrus apr\u00e8s seulement quelques bouff\u00e9es. C'est l'auto-floraison \u00e0 son meilleur : une floraison rapide pour une culture plus facile, combin\u00e9e avec toute la puissance de la Ruderalis classique que nous aimons tant.<\/p>","protected":false},"excerpt":{"rendered":"<p>Pr\u00e9parez-vous \u00e0 d\u00e9couvrir le meilleur go\u00fbt de la c\u00e9l\u00e8bre vari\u00e9t\u00e9 Sativa Jack Herer ! C'est tout simplement l'une de ces saveurs que vous ne pourrez pas oublier apr\u00e8s l'avoir go\u00fbt\u00e9e. Les ar\u00f4mes \u00e9pic\u00e9s et musqu\u00e9s uniques proviennent de ses g\u00e9n\u00e9tiques Ruderalis et cr\u00e9ent un \"complexe sans pareil\". Un go\u00fbt aussi complexe s'accompagne d'effets tout aussi complexes mais agr\u00e9ables !<\/p>","protected":false},"featured_media":36441,"template":"","meta":[],"product_brand":[],"product_cat":[546,297,547,548,638],"product_tag":[],"class_list":{"0":"post-36413","1":"product","2":"type-product","3":"status-publish","4":"has-post-thumbnail","6":"product_cat-seedshop","7":"product_cat-all-products","8":"product_cat-autoflowering-seeds","9":"product_cat-high-thc-seeds","10":"product_cat-vision-seeds","11":"product_shipping_class-creditcard-on","13":"first","14":"instock","15":"taxable","16":"shipping-taxable","17":"purchasable","18":"product-type-variable","19":"has-default-attributes"},"_links":{"self":[{"href":"https:\/\/www.tatanka.nl\/fr\/wp-json\/wp\/v2\/product\/36413","targetHints":{"allow":["GET"]}}],"collection":[{"href":"https:\/\/www.tatanka.nl\/fr\/wp-json\/wp\/v2\/product"}],"about":[{"href":"https:\/\/www.tatanka.nl\/fr\/wp-json\/wp\/v2\/types\/product"}],"wp:featuredmedia":[{"embeddable":true,"href":"https:\/\/www.tatanka.nl\/fr\/wp-json\/wp\/v2\/media\/36441"}],"wp:attachment":[{"href":"https:\/\/www.tatanka.nl\/fr\/wp-json\/wp\/v2\/media?parent=36413"}],"wp:term":[{"taxonomy":"product_brand","embeddable":true,"href":"https:\/\/www.tatanka.nl\/fr\/wp-json\/wp\/v2\/product_brand?post=36413"},{"taxonomy":"product_cat","embeddable":true,"href":"https:\/\/www.tatanka.nl\/fr\/wp-json\/wp\/v2\/product_cat?post=36413"},{"taxonomy":"product_tag","embeddable":true,"href":"https:\/\/www.tatanka.nl\/fr\/wp-json\/wp\/v2\/product_tag?post=36413"}],"curies":[{"name":"wp","href":"https:\/\/api.w.org\/{rel}","templated":true}]}}