{"id":36414,"date":"2025-01-30T17:36:07","date_gmt":"2025-01-30T16:36:07","guid":{"rendered":"https:\/\/www.tatanka.nl\/?post_type=product&#038;p=36414"},"modified":"2025-05-16T14:43:09","modified_gmt":"2025-05-16T13:43:09","slug":"auto-vision-kush","status":"publish","type":"product","link":"https:\/\/www.tatanka.nl\/fr\/auto-vision-kush\/","title":{"rendered":"Auto Vision Kush - Vision Seeds"},"content":{"rendered":"<h2><span data-sheets-value=\"{&quot;1&quot;:2,&quot;2&quot;:&quot;Auto Vision Kush&quot;}\" data-sheets-userformat=\"{&quot;2&quot;:14915,&quot;3&quot;:{&quot;1&quot;:0},&quot;4&quot;:{&quot;1&quot;:2,&quot;2&quot;:16773836},&quot;9&quot;:0,&quot;12&quot;:0,&quot;14&quot;:{&quot;1&quot;:2,&quot;2&quot;:0},&quot;15&quot;:&quot;Calibri&quot;,&quot;16&quot;:12}\">Auto Vision Kush<\/span> Graines de cannabis de Vision Seeds<\/h2>\n<p>Voici la reine des grandes r\u00e9coltes, Vision Kush Auto Cannabis Seeds. Bien qu'il s'agisse d'une plante \u00e0 floraison automatique, elle finira de fleurir en moins de 12 semaines ! Une fois que vous aurez mis la main sur l'une de ces plantes de 200 cm, vous ne cultiverez plus jamais rien d'autre. De plus, elle n'est pas du tout timide avec une teneur en THC de 19%.<\/p>\n<p>Elle a une forte dominance Indica, ce qui la rend parfaite pour le soulagement de la douleur et le sommeil si elle est fum\u00e9e pendant la journ\u00e9e, ou pour se d\u00e9tendre avant le coucher si elle est fum\u00e9e tard dans la nuit.<\/p>\n<p>Ces graines d'herbe folles sont connues pour leurs rendements \u00e9lev\u00e9s et peuvent \u00eatre cultiv\u00e9es \u00e0 l'int\u00e9rieur ou \u00e0 l'ext\u00e9rieur. Si vous voulez obtenir la vari\u00e9t\u00e9 Kush \u00e0 autofloraison la plus puissante avec un THC moyen de 19%, vous devez planter ces graines de cannabis d\u00e8s maintenant !<\/p>\n<p>Ces graines de marijuana vous donneront de meilleurs r\u00e9sultats parce qu'elles sont plus fortes et que la d\u00e9fonce dure plus longtemps que les autres vari\u00e9t\u00e9s d'herbe standard. Obtenez de l'aide pour soulager la douleur, l'insomnie, la d\u00e9pression, le manque d'app\u00e9tit, entre autres, en cultivant ce cannabis \u00e0 croissance rapide pour vous-m\u00eame.<\/p>","protected":false},"excerpt":{"rendered":"<p>Si vous \u00eates \u00e0 la recherche d'une vari\u00e9t\u00e9 qui vous procurera une exp\u00e9rience de croissance incroyable, Vision Kush Auto est ce qu'il vous faut. Cette reine automatique produit des rendements \u00e9lev\u00e9s, et si elle est cultiv\u00e9e en ext\u00e9rieur, elle peut produire jusqu'\u00e0 200 cm de hauteur ! Votre r\u00e9colte sera nettement plus importante que si vous choisissiez d'autres vari\u00e9t\u00e9s. Oh, et elle est tr\u00e8s riche en THC. Incroyable, non ?<\/p>","protected":false},"featured_media":36442,"template":"","meta":[],"product_brand":[],"product_cat":[546,297,547,548,638],"product_tag":[],"class_list":{"0":"post-36414","1":"product","2":"type-product","3":"status-publish","4":"has-post-thumbnail","6":"product_cat-seedshop","7":"product_cat-all-products","8":"product_cat-autoflowering-seeds","9":"product_cat-high-thc-seeds","10":"product_cat-vision-seeds","11":"product_shipping_class-creditcard-on","13":"first","14":"instock","15":"taxable","16":"shipping-taxable","17":"purchasable","18":"product-type-variable","19":"has-default-attributes"},"_links":{"self":[{"href":"https:\/\/www.tatanka.nl\/fr\/wp-json\/wp\/v2\/product\/36414","targetHints":{"allow":["GET"]}}],"collection":[{"href":"https:\/\/www.tatanka.nl\/fr\/wp-json\/wp\/v2\/product"}],"about":[{"href":"https:\/\/www.tatanka.nl\/fr\/wp-json\/wp\/v2\/types\/product"}],"wp:featuredmedia":[{"embeddable":true,"href":"https:\/\/www.tatanka.nl\/fr\/wp-json\/wp\/v2\/media\/36442"}],"wp:attachment":[{"href":"https:\/\/www.tatanka.nl\/fr\/wp-json\/wp\/v2\/media?parent=36414"}],"wp:term":[{"taxonomy":"product_brand","embeddable":true,"href":"https:\/\/www.tatanka.nl\/fr\/wp-json\/wp\/v2\/product_brand?post=36414"},{"taxonomy":"product_cat","embeddable":true,"href":"https:\/\/www.tatanka.nl\/fr\/wp-json\/wp\/v2\/product_cat?post=36414"},{"taxonomy":"product_tag","embeddable":true,"href":"https:\/\/www.tatanka.nl\/fr\/wp-json\/wp\/v2\/product_tag?post=36414"}],"curies":[{"name":"wp","href":"https:\/\/api.w.org\/{rel}","templated":true}]}}