{"id":36415,"date":"2025-01-30T17:36:08","date_gmt":"2025-01-30T16:36:08","guid":{"rendered":"https:\/\/www.tatanka.nl\/?post_type=product&#038;p=36415"},"modified":"2026-02-06T00:48:30","modified_gmt":"2026-02-05T23:48:30","slug":"auto-white-widow","status":"publish","type":"product","link":"https:\/\/www.tatanka.nl\/fr\/auto-white-widow\/","title":{"rendered":"Auto White Widow - Vision Seeds"},"content":{"rendered":"<h2><span data-sheets-value=\"{&quot;1&quot;:2,&quot;2&quot;:&quot;Auto White Widow&quot;}\" data-sheets-userformat=\"{&quot;2&quot;:14915,&quot;3&quot;:{&quot;1&quot;:0},&quot;4&quot;:{&quot;1&quot;:2,&quot;2&quot;:13624051},&quot;9&quot;:0,&quot;12&quot;:0,&quot;14&quot;:{&quot;1&quot;:2,&quot;2&quot;:0},&quot;15&quot;:&quot;Calibri&quot;,&quot;16&quot;:12}\">Auto White Widow<\/span> Graines de cannabis de Vision Seeds<\/h2>\n<p>Apr\u00e8s 12 semaines, vous aurez de magnifiques bourgeons m\u00fbrs pour la cueillette dans votre serre de marijuana et suffisamment r\u00e9sistants pour survivre aux conditions climatiques les plus rudes. N'attendez plus, mesdames et messieurs ! N'attendez plus !<\/p>\n<p>Les graines de cannabis White Widow Auto sont votre nouveau meilleur ami ! Ces graines de cannabis \u00e0 croissance rapide et discr\u00e8te sont parfaites pour les cultivateurs des climats les plus rudes. Leurs puissants effets relaxants les rendent id\u00e9ales pour soulager l'anxi\u00e9t\u00e9, tandis que leur temps de croissance rapide rend la r\u00e9colte courte et pr\u00e9cise. Commencez \u00e0 cultiver ces b\u00e9b\u00e9s d\u00e8s aujourd'hui !<\/p>\n<p>Ce choix accessible apaisera toute fr\u00e9n\u00e9sie tout en vous mettant \u00e0 l'aise gr\u00e2ce \u00e0 ses effets calmants sur l'inflammation, la douleur et l'insomnie. Id\u00e9al pour la journ\u00e9e.<\/p>","protected":false},"excerpt":{"rendered":"<p>La White Widow est un produit de choix pour de nombreuses personnes. Que ce soit pour combattre l'ennui, l'anxi\u00e9t\u00e9 ou la d\u00e9pression, cette vari\u00e9t\u00e9 fait l'affaire sans en faire trop pendant les heures de la journ\u00e9e. Et le plus beau, c'est qu'elle pousse vite ! Elle pousse rapidement ! Une vari\u00e9t\u00e9 de cannabis classique pour les fumeurs de cannabis classiques. Vous savez ce que c'est !<\/p>","protected":false},"featured_media":36443,"template":"","meta":[],"product_brand":[],"product_cat":[546,297,547,638],"product_tag":[],"class_list":{"0":"post-36415","1":"product","2":"type-product","3":"status-publish","4":"has-post-thumbnail","6":"product_cat-seedshop","7":"product_cat-all-products","8":"product_cat-autoflowering-seeds","9":"product_cat-vision-seeds","10":"product_shipping_class-creditcard-on","12":"first","13":"instock","14":"taxable","15":"shipping-taxable","16":"purchasable","17":"product-type-variable","18":"has-default-attributes"},"_links":{"self":[{"href":"https:\/\/www.tatanka.nl\/fr\/wp-json\/wp\/v2\/product\/36415","targetHints":{"allow":["GET"]}}],"collection":[{"href":"https:\/\/www.tatanka.nl\/fr\/wp-json\/wp\/v2\/product"}],"about":[{"href":"https:\/\/www.tatanka.nl\/fr\/wp-json\/wp\/v2\/types\/product"}],"wp:featuredmedia":[{"embeddable":true,"href":"https:\/\/www.tatanka.nl\/fr\/wp-json\/wp\/v2\/media\/36443"}],"wp:attachment":[{"href":"https:\/\/www.tatanka.nl\/fr\/wp-json\/wp\/v2\/media?parent=36415"}],"wp:term":[{"taxonomy":"product_brand","embeddable":true,"href":"https:\/\/www.tatanka.nl\/fr\/wp-json\/wp\/v2\/product_brand?post=36415"},{"taxonomy":"product_cat","embeddable":true,"href":"https:\/\/www.tatanka.nl\/fr\/wp-json\/wp\/v2\/product_cat?post=36415"},{"taxonomy":"product_tag","embeddable":true,"href":"https:\/\/www.tatanka.nl\/fr\/wp-json\/wp\/v2\/product_tag?post=36415"}],"curies":[{"name":"wp","href":"https:\/\/api.w.org\/{rel}","templated":true}]}}