{"id":36416,"date":"2025-01-30T17:36:08","date_gmt":"2025-01-30T16:36:08","guid":{"rendered":"https:\/\/www.tatanka.nl\/?post_type=product&#038;p=36416"},"modified":"2025-05-16T14:41:01","modified_gmt":"2025-05-16T13:41:01","slug":"ak-49","status":"publish","type":"product","link":"https:\/\/www.tatanka.nl\/fr\/ak-49\/","title":{"rendered":"AK-49 - Vision Seeds"},"content":{"rendered":"<h2><span data-sheets-value=\"{&quot;1&quot;:2,&quot;2&quot;:&quot;AK-49&quot;}\" data-sheets-userformat=\"{&quot;2&quot;:14915,&quot;3&quot;:{&quot;1&quot;:0},&quot;4&quot;:{&quot;1&quot;:2,&quot;2&quot;:16773836},&quot;9&quot;:0,&quot;12&quot;:0,&quot;14&quot;:{&quot;1&quot;:2,&quot;2&quot;:0},&quot;15&quot;:&quot;docs-Calibri&quot;,&quot;16&quot;:12}\">AK-49<\/span> Graines de cannabis de Vision Seeds<\/h2>\n<p>Il n'est donc pas \u00e9tonnant que ce vieux produit favori soit utilis\u00e9 pour soulager les douleurs chroniques, l'insomnie, les maux de t\u00eate et lutter contre les sympt\u00f4mes du syndrome pr\u00e9menstruel - c'est une femme vraiment forte. C'est une dame c\u00e9l\u00e8bre qui est aim\u00e9e par de nombreux...<\/p>\n<p>Les graines de cannabis Original AK-49 de Vision seeds sont les outils parfaits pour cultiver de l'herbe superbe. Cette vari\u00e9t\u00e9 puissante, r\u00e9sineuse et compacte a \u00e9t\u00e9 popularis\u00e9e dans les ann\u00e9es 1990 pour ses effets puissants et son taux \u00e9lev\u00e9 de THC. Si vous voulez une indica de haute qualit\u00e9 avec une fum\u00e9e douce et inattendue, ces graines de cannabis AK-47 - AK-49 sister sont exactement ce qu'il vous faut !<\/p>\n<p>Marquez ces graines pour obtenir votre propre r\u00e9colte incroyable !<\/p>","protected":false},"excerpt":{"rendered":"<p>Vous pouvez toujours compter sur AK-49 Cannabis Seeds pour une haute qualit\u00e9 et un buzz euphorique. AK-49 est une vari\u00e9t\u00e9 puissante qui se fume facilement. Cette vari\u00e9t\u00e9 s\u0153ur de l'AK-47 produit des t\u00eates de taille parfaite, charg\u00e9es de r\u00e9sine, qui se cultivent mieux dans des conditions d'humidit\u00e9 \u00e9lev\u00e9e. L'AK-49 fonctionne rapidement et ne d\u00e9cevra pas !<\/p>","protected":false},"featured_media":36444,"template":"","meta":[],"product_brand":[],"product_cat":[546,297,549,548,638],"product_tag":[],"class_list":{"0":"post-36416","1":"product","2":"type-product","3":"status-publish","4":"has-post-thumbnail","6":"product_cat-seedshop","7":"product_cat-all-products","8":"product_cat-feminized-seeds","9":"product_cat-high-thc-seeds","10":"product_cat-vision-seeds","11":"product_shipping_class-creditcard-on","13":"first","14":"instock","15":"taxable","16":"shipping-taxable","17":"purchasable","18":"product-type-variable","19":"has-default-attributes"},"_links":{"self":[{"href":"https:\/\/www.tatanka.nl\/fr\/wp-json\/wp\/v2\/product\/36416","targetHints":{"allow":["GET"]}}],"collection":[{"href":"https:\/\/www.tatanka.nl\/fr\/wp-json\/wp\/v2\/product"}],"about":[{"href":"https:\/\/www.tatanka.nl\/fr\/wp-json\/wp\/v2\/types\/product"}],"wp:featuredmedia":[{"embeddable":true,"href":"https:\/\/www.tatanka.nl\/fr\/wp-json\/wp\/v2\/media\/36444"}],"wp:attachment":[{"href":"https:\/\/www.tatanka.nl\/fr\/wp-json\/wp\/v2\/media?parent=36416"}],"wp:term":[{"taxonomy":"product_brand","embeddable":true,"href":"https:\/\/www.tatanka.nl\/fr\/wp-json\/wp\/v2\/product_brand?post=36416"},{"taxonomy":"product_cat","embeddable":true,"href":"https:\/\/www.tatanka.nl\/fr\/wp-json\/wp\/v2\/product_cat?post=36416"},{"taxonomy":"product_tag","embeddable":true,"href":"https:\/\/www.tatanka.nl\/fr\/wp-json\/wp\/v2\/product_tag?post=36416"}],"curies":[{"name":"wp","href":"https:\/\/api.w.org\/{rel}","templated":true}]}}