{"id":36417,"date":"2025-01-30T17:36:08","date_gmt":"2025-01-30T16:36:08","guid":{"rendered":"https:\/\/www.tatanka.nl\/?post_type=product&#038;p=36417"},"modified":"2025-05-16T14:42:11","modified_gmt":"2025-05-16T13:42:11","slug":"amnesia","status":"publish","type":"product","link":"https:\/\/www.tatanka.nl\/fr\/amnesia\/","title":{"rendered":"Amnesia - Vision Seeds"},"content":{"rendered":"<h2><span data-sheets-value=\"{&quot;1&quot;:2,&quot;2&quot;:&quot;Amnesia&quot;}\" data-sheets-userformat=\"{&quot;2&quot;:6723,&quot;3&quot;:{&quot;1&quot;:0},&quot;4&quot;:{&quot;1&quot;:2,&quot;2&quot;:16573901},&quot;9&quot;:0,&quot;12&quot;:0,&quot;14&quot;:{&quot;1&quot;:2,&quot;2&quot;:0},&quot;15&quot;:&quot;Arial&quot;}\">Amnesia <\/span>Graines de cannabis de Vision Seeds<\/h2>\n<p>Ces graines de cannabis sont votre ticket d'entr\u00e9e pour un high qui vous fera litt\u00e9ralement chavirer de bonheur et d'euphorie. Vision Seeds Amnesia est un m\u00e9lange parfait de motivation cr\u00e9ative et de sativa dominante. Cette femme poussera votre cr\u00e9ativit\u00e9 \u00e0 son paroxysme gr\u00e2ce \u00e0 son herbe \u00e9nergisante qui revigore tout, de vos pens\u00e9es \u00e0 vos muscles, vous laissant une inspiration cr\u00e9ative \u00e0 revendre.<\/p>\n<p>Son odeur est plut\u00f4t subtile, mais ce n'est qu'au moment o\u00f9 elle est allum\u00e9e que les amateurs sont accueillis par une bouff\u00e9e florale et brumeuse ! Les effets peuvent \u00eatre ressentis d\u00e8s 5 \u00e0 15 minutes apr\u00e8s avoir fum\u00e9 et les personnes interrog\u00e9es font \u00e9tat d'une sensation de bonheur accrue m\u00eal\u00e9e \u00e0 des effets c\u00e9r\u00e9braux accrus.<\/p>","protected":false},"excerpt":{"rendered":"<p>Cultiver du cannabis en int\u00e9rieur est passionnant, mais il y a beaucoup de choses \u00e0 apprendre avant de devenir un expert de la culture en int\u00e9rieur. Les graines de cannabis Amnesia sont l'introduction parfaite pour les d\u00e9butants dans ce nouveau monde de la culture, avec une vari\u00e9t\u00e9 Sativa \u00e0 floraison rapide qui s'accroche rapidement.<\/p>","protected":false},"featured_media":36445,"template":"","meta":[],"product_brand":[],"product_cat":[546,297,549,638],"product_tag":[],"class_list":{"0":"post-36417","1":"product","2":"type-product","3":"status-publish","4":"has-post-thumbnail","6":"product_cat-seedshop","7":"product_cat-all-products","8":"product_cat-feminized-seeds","9":"product_cat-vision-seeds","10":"product_shipping_class-creditcard-on","12":"first","13":"instock","14":"taxable","15":"shipping-taxable","16":"purchasable","17":"product-type-variable","18":"has-default-attributes"},"_links":{"self":[{"href":"https:\/\/www.tatanka.nl\/fr\/wp-json\/wp\/v2\/product\/36417","targetHints":{"allow":["GET"]}}],"collection":[{"href":"https:\/\/www.tatanka.nl\/fr\/wp-json\/wp\/v2\/product"}],"about":[{"href":"https:\/\/www.tatanka.nl\/fr\/wp-json\/wp\/v2\/types\/product"}],"wp:featuredmedia":[{"embeddable":true,"href":"https:\/\/www.tatanka.nl\/fr\/wp-json\/wp\/v2\/media\/36445"}],"wp:attachment":[{"href":"https:\/\/www.tatanka.nl\/fr\/wp-json\/wp\/v2\/media?parent=36417"}],"wp:term":[{"taxonomy":"product_brand","embeddable":true,"href":"https:\/\/www.tatanka.nl\/fr\/wp-json\/wp\/v2\/product_brand?post=36417"},{"taxonomy":"product_cat","embeddable":true,"href":"https:\/\/www.tatanka.nl\/fr\/wp-json\/wp\/v2\/product_cat?post=36417"},{"taxonomy":"product_tag","embeddable":true,"href":"https:\/\/www.tatanka.nl\/fr\/wp-json\/wp\/v2\/product_tag?post=36417"}],"curies":[{"name":"wp","href":"https:\/\/api.w.org\/{rel}","templated":true}]}}