{"id":36418,"date":"2025-01-30T17:36:08","date_gmt":"2025-01-30T16:36:08","guid":{"rendered":"https:\/\/www.tatanka.nl\/?post_type=product&#038;p=36418"},"modified":"2025-05-16T14:42:37","modified_gmt":"2025-05-16T13:42:37","slug":"amnesia-x-buddha-kush","status":"publish","type":"product","link":"https:\/\/www.tatanka.nl\/fr\/amnesia-x-buddha-kush\/","title":{"rendered":"Amnesia x Buddha Kush - Vision Seeds"},"content":{"rendered":"<h2><span data-sheets-value=\"{&quot;1&quot;:2,&quot;2&quot;:&quot;Amnesia x Buddha Kush&quot;}\" data-sheets-userformat=\"{&quot;2&quot;:6723,&quot;3&quot;:{&quot;1&quot;:0},&quot;4&quot;:{&quot;1&quot;:2,&quot;2&quot;:15389148},&quot;9&quot;:0,&quot;12&quot;:0,&quot;14&quot;:{&quot;1&quot;:2,&quot;2&quot;:0},&quot;15&quot;:&quot;Arial&quot;}\">Amnesia x Buddha Kush<\/span> Graines de cannabis de Vision Seeds<\/h2>\n<p>Ces graines de cannabis sont le choix parfait pour les amateurs de high c\u00e9r\u00e9bral \u00e0 la recherche d'un kick puissant. Si elles sont trait\u00e9es correctement, attendez-vous \u00e0 avoir des t\u00eates \u00e9normes et denses, couvertes de r\u00e9sine et d'une couleur brillante. Cette dame n'est pas du tout timide, elle est donc puissante avec de grandes doses de THC qui vous feront \u00e9chapper \u00e0 la r\u00e9alit\u00e9. Ne vous laissez pas d\u00e9courager par sa dominance Sativa ! Ces petites plantes peuvent devenir grandes si on leur laisse le temps de m\u00fbrir. Attendez-vous \u00e0 des ar\u00f4mes de terre qui satisferont vos papilles gustatives tout en persistant quelque temps apr\u00e8s la d\u00e9gustation.<\/p>\n<p>Non seulement elle offre une puissance s\u00e9rieuse, mais il faut s'attendre \u00e0 des bourgeons \u00e9normes et denses couverts de glandes de r\u00e9sine brillantes qui laissent derri\u00e8re elles des ar\u00f4mes de terre et d'agrumes qui valent la peine d'\u00eatre savour\u00e9s et de s'attarder sur vos papilles gustatives pendant un certain temps.<\/p>\n<p>Ses g\u00e8nes Sativa puissants la rendent susceptible de devenir grande, il serait donc pr\u00e9f\u00e9rable de la laisser \u00e0 l'int\u00e9rieur jusqu'\u00e0 ce qu'elle ait fleuri compl\u00e8tement... Excellent croisement \u00e0 essayer si vous cherchez d'autres plantes uniques \u00e0 cultiver !<\/p>","protected":false},"excerpt":{"rendered":"<p>Cette plante de cannabis est le choix parfait pour les amateurs de high c\u00e9r\u00e9bral \u00e0 la recherche d'un gros coup. Comme nous le savons tous, cette plante aime faire des ravages et peut \u00eatre tr\u00e8s puissante si elle est bien trait\u00e9e. Ce qui est le plus impressionnant \u00e0 son sujet, c'est qu'elle se transformera en un incroyable am\u00e9liorateur d'humeur avec des niveaux \u00e9lev\u00e9s de THC si elle est soign\u00e9e correctement. Une tr\u00e8s belle s\u00e9lection qui sera appr\u00e9ci\u00e9e par beaucoup !<\/p>","protected":false},"featured_media":36446,"template":"","meta":[],"product_brand":[],"product_cat":[546,297,549,638],"product_tag":[],"class_list":{"0":"post-36418","1":"product","2":"type-product","3":"status-publish","4":"has-post-thumbnail","6":"product_cat-seedshop","7":"product_cat-all-products","8":"product_cat-feminized-seeds","9":"product_cat-vision-seeds","10":"product_shipping_class-creditcard-on","12":"first","13":"instock","14":"taxable","15":"shipping-taxable","16":"purchasable","17":"product-type-variable","18":"has-default-attributes"},"_links":{"self":[{"href":"https:\/\/www.tatanka.nl\/fr\/wp-json\/wp\/v2\/product\/36418","targetHints":{"allow":["GET"]}}],"collection":[{"href":"https:\/\/www.tatanka.nl\/fr\/wp-json\/wp\/v2\/product"}],"about":[{"href":"https:\/\/www.tatanka.nl\/fr\/wp-json\/wp\/v2\/types\/product"}],"wp:featuredmedia":[{"embeddable":true,"href":"https:\/\/www.tatanka.nl\/fr\/wp-json\/wp\/v2\/media\/36446"}],"wp:attachment":[{"href":"https:\/\/www.tatanka.nl\/fr\/wp-json\/wp\/v2\/media?parent=36418"}],"wp:term":[{"taxonomy":"product_brand","embeddable":true,"href":"https:\/\/www.tatanka.nl\/fr\/wp-json\/wp\/v2\/product_brand?post=36418"},{"taxonomy":"product_cat","embeddable":true,"href":"https:\/\/www.tatanka.nl\/fr\/wp-json\/wp\/v2\/product_cat?post=36418"},{"taxonomy":"product_tag","embeddable":true,"href":"https:\/\/www.tatanka.nl\/fr\/wp-json\/wp\/v2\/product_tag?post=36418"}],"curies":[{"name":"wp","href":"https:\/\/api.w.org\/{rel}","templated":true}]}}