{"id":36420,"date":"2025-01-30T17:36:08","date_gmt":"2025-01-30T16:36:08","guid":{"rendered":"https:\/\/www.tatanka.nl\/?post_type=product&#038;p=36420"},"modified":"2025-06-20T00:48:32","modified_gmt":"2025-06-19T23:48:32","slug":"blue-power","status":"publish","type":"product","link":"https:\/\/www.tatanka.nl\/fr\/blue-power\/","title":{"rendered":"Blue Power - Vision Seeds"},"content":{"rendered":"<h2>Blue Power Cannabis Seeds de Vision Seeds<\/h2>\n<p>Les graines de cannabis Blue Power sont parfaites pour tous vos besoins sucr\u00e9s et fruit\u00e9s. Cr\u00e9\u00e9es en croisant la Blueberry avec la White Widow et la Skunk, ces graines produisent une herbe puissante au parfum de barbe \u00e0 papa. Avec ces petits gar\u00e7ons dank, vous vous demanderez pourquoi vous n'avez jamais pr\u00eat\u00e9 attention aux vari\u00e9t\u00e9s power auparavant !<\/p>\n<p>Mettez la main sur des graines de cannabis Vision Seeds Blue Power et pr\u00e9parez-vous \u00e0 vous \u00e9tonner de la beaut\u00e9 stup\u00e9fiante et de la saveur infinie de cette plante, compl\u00e9t\u00e9e par une bonne dose de CBD.<\/p>\n<p>Des bourgeons aux couleurs de bonbons, un high \u00e9toil\u00e9 ! C'est ce que vous obtenez en croisant la Skunk, la White Widow et la Blueberry pour cr\u00e9er cette incroyable vari\u00e9t\u00e9 qui vous donnera ce dont vous avez besoin \u00e0 tout moment - \u00e9nergie, euphorie et bonheur envelopp\u00e9s dans un incroyable parfum de baies. Tous les amateurs de douceurs doivent essayer ce b\u00e9b\u00e9 !<\/p>","protected":false},"excerpt":{"rendered":"<p>Blue Power Cannabis est un must pour votre jardin ! Apr\u00e8s avoir senti cette puissante vari\u00e9t\u00e9, vous saurez pourquoi. Douce et fruit\u00e9e avec un ar\u00f4me distinct de baies, Blue Power est l'une des fleurs de cannabis les plus d\u00e9sirables de la collection de Vision Seeds. Une reine \u00e9tonnante et savoureuse qui offre une exp\u00e9rience de fumage incroyable !<\/p>","protected":false},"featured_media":36448,"template":"","meta":[],"product_brand":[],"product_cat":[546,297,549,638],"product_tag":[],"class_list":{"0":"post-36420","1":"product","2":"type-product","3":"status-publish","4":"has-post-thumbnail","6":"product_cat-seedshop","7":"product_cat-all-products","8":"product_cat-feminized-seeds","9":"product_cat-vision-seeds","10":"product_shipping_class-creditcard-on","12":"first","13":"instock","14":"taxable","15":"shipping-taxable","16":"purchasable","17":"product-type-variable","18":"has-default-attributes"},"_links":{"self":[{"href":"https:\/\/www.tatanka.nl\/fr\/wp-json\/wp\/v2\/product\/36420","targetHints":{"allow":["GET"]}}],"collection":[{"href":"https:\/\/www.tatanka.nl\/fr\/wp-json\/wp\/v2\/product"}],"about":[{"href":"https:\/\/www.tatanka.nl\/fr\/wp-json\/wp\/v2\/types\/product"}],"wp:featuredmedia":[{"embeddable":true,"href":"https:\/\/www.tatanka.nl\/fr\/wp-json\/wp\/v2\/media\/36448"}],"wp:attachment":[{"href":"https:\/\/www.tatanka.nl\/fr\/wp-json\/wp\/v2\/media?parent=36420"}],"wp:term":[{"taxonomy":"product_brand","embeddable":true,"href":"https:\/\/www.tatanka.nl\/fr\/wp-json\/wp\/v2\/product_brand?post=36420"},{"taxonomy":"product_cat","embeddable":true,"href":"https:\/\/www.tatanka.nl\/fr\/wp-json\/wp\/v2\/product_cat?post=36420"},{"taxonomy":"product_tag","embeddable":true,"href":"https:\/\/www.tatanka.nl\/fr\/wp-json\/wp\/v2\/product_tag?post=36420"}],"curies":[{"name":"wp","href":"https:\/\/api.w.org\/{rel}","templated":true}]}}