{"id":36422,"date":"2025-01-30T17:36:09","date_gmt":"2025-01-30T16:36:09","guid":{"rendered":"https:\/\/www.tatanka.nl\/?post_type=product&#038;p=36422"},"modified":"2025-05-16T14:40:29","modified_gmt":"2025-05-16T13:40:29","slug":"brainkiller-haze","status":"publish","type":"product","link":"https:\/\/www.tatanka.nl\/fr\/brainkiller-haze\/","title":{"rendered":"Brainkiller Haze - Vision Seeds"},"content":{"rendered":"<h2><span data-sheets-value=\"{&quot;1&quot;:2,&quot;2&quot;:&quot;Brainkiller Haze&quot;}\" data-sheets-userformat=\"{&quot;2&quot;:6723,&quot;3&quot;:{&quot;1&quot;:0},&quot;4&quot;:{&quot;1&quot;:2,&quot;2&quot;:14275305},&quot;9&quot;:0,&quot;12&quot;:0,&quot;14&quot;:{&quot;1&quot;:2,&quot;2&quot;:0},&quot;15&quot;:&quot;Arial&quot;}\">Brainkiller Haze<\/span> Graines de cannabis de Vision Seeds<\/h2>\n<p>Les graines de cannabis de haute qualit\u00e9 sont appr\u00e9ci\u00e9es par les cultivateurs d\u00e9butants, ainsi que par les professionnels chevronn\u00e9s qui cultivent depuis des ann\u00e9es - Brainkiller Haze Cannabis Seeds, vous apportera des r\u00e9sultats sur tous les fronts avec ses \u00e9normes r\u00e9coltes de bourgeons puissants en un rien de temps !<\/p>\n<p>Brainkiller Haze Cannabis Seeds de Vision Seeds a un profil g\u00e9n\u00e9tique rare, presque purement haze et est \u00e9galement presque enti\u00e8rement Sativa. Elle fleurit plus longtemps que la plupart des plantes et pousse extr\u00eamement haut et ramifi\u00e9.<\/p>\n<p>Ces graines de cannabis procurent des sensations extr\u00eamement fortes de hausse de la t\u00eate et de gaiet\u00e9 pour ceux qui en ont le plus besoin. Ne pas utiliser au travail devrait \u00eatre l'un des avertissements, car cette vari\u00e9t\u00e9 de marijuana euphorisante, voire psych\u00e9d\u00e9lique, vous perturbera d\u00e8s que vous l'allumerez !<\/p>","protected":false},"excerpt":{"rendered":"<p>Vous sentirez tout de suite l'\u00e9l\u00e9vation et la mont\u00e9e en fl\u00e8che. Beaucoup de gens disent que c'est leur pr\u00e9f\u00e9r\u00e9 parce qu'il est si puissant et si d\u00e9licieux ! Les highs enivrants sont parfaits pour la cr\u00e9ativit\u00e9, l'inspiration, la cr\u00e9ation artistique ou tout simplement pour se d\u00e9tendre en \u00e9coutant de la musique lors d'un apr\u00e8s-midi paresseux. Gardez \u00e0 l'esprit que cette femme ne plaisante pas ! Pas du tout !<\/p>\n<p>&nbsp;<\/p>","protected":false},"featured_media":36450,"template":"","meta":[],"product_brand":[],"product_cat":[546,297,549,638],"product_tag":[],"class_list":{"0":"post-36422","1":"product","2":"type-product","3":"status-publish","4":"has-post-thumbnail","6":"product_cat-seedshop","7":"product_cat-all-products","8":"product_cat-feminized-seeds","9":"product_cat-vision-seeds","10":"product_shipping_class-creditcard-on","12":"first","13":"instock","14":"taxable","15":"shipping-taxable","16":"purchasable","17":"product-type-variable","18":"has-default-attributes"},"_links":{"self":[{"href":"https:\/\/www.tatanka.nl\/fr\/wp-json\/wp\/v2\/product\/36422","targetHints":{"allow":["GET"]}}],"collection":[{"href":"https:\/\/www.tatanka.nl\/fr\/wp-json\/wp\/v2\/product"}],"about":[{"href":"https:\/\/www.tatanka.nl\/fr\/wp-json\/wp\/v2\/types\/product"}],"wp:featuredmedia":[{"embeddable":true,"href":"https:\/\/www.tatanka.nl\/fr\/wp-json\/wp\/v2\/media\/36450"}],"wp:attachment":[{"href":"https:\/\/www.tatanka.nl\/fr\/wp-json\/wp\/v2\/media?parent=36422"}],"wp:term":[{"taxonomy":"product_brand","embeddable":true,"href":"https:\/\/www.tatanka.nl\/fr\/wp-json\/wp\/v2\/product_brand?post=36422"},{"taxonomy":"product_cat","embeddable":true,"href":"https:\/\/www.tatanka.nl\/fr\/wp-json\/wp\/v2\/product_cat?post=36422"},{"taxonomy":"product_tag","embeddable":true,"href":"https:\/\/www.tatanka.nl\/fr\/wp-json\/wp\/v2\/product_tag?post=36422"}],"curies":[{"name":"wp","href":"https:\/\/api.w.org\/{rel}","templated":true}]}}