{"id":36423,"date":"2025-01-30T17:36:09","date_gmt":"2025-01-30T16:36:09","guid":{"rendered":"https:\/\/www.tatanka.nl\/?post_type=product&#038;p=36423"},"modified":"2025-05-16T14:40:37","modified_gmt":"2025-05-16T13:40:37","slug":"caramel-monster","status":"publish","type":"product","link":"https:\/\/www.tatanka.nl\/fr\/caramel-monster\/","title":{"rendered":"Caramel Monster - Vision Seeds"},"content":{"rendered":"<h2>Caramel Monster Graines de cannabis de Vision Seeds<\/h2>\n<p>Les cannabino\u00efdes contenus dans les graines de weed Caramel Monster sont si s\u00e9datifs qu'une seule bouff\u00e9e de cette herbe de cannabis suffira \u00e0 faire dispara\u00eetre tous vos probl\u00e8mes. Cette vari\u00e9t\u00e9 de cannabis a \u00e9t\u00e9 cr\u00e9\u00e9e pour ceux qui appr\u00e9cient une fum\u00e9e facile \u00e0 g\u00e9rer, avec une saveur de baies sucr\u00e9es et un arri\u00e8re-go\u00fbt de caramel qui dure longtemps. Avec des niveaux de THC de 16-22% en moyenne, la Caramel Monster est parfaite pour les cultivateurs qui cherchent \u00e0 obtenir un bon retour sur investissement.<\/p>\n<p>Cette vari\u00e9t\u00e9 aura des go\u00fbts sucr\u00e9s et des odeurs l\u00e9g\u00e8res si vous savez comment l'entretenir. Gardez \u00e0 l'esprit qu'elle n'est pas seulement jolie, mais qu'elle poss\u00e8de \u00e9galement toutes les caract\u00e9ristiques de l'Indica, y compris des t\u00eates denses avec de longs poils orange et des trichomes !<\/p>","protected":false},"excerpt":{"rendered":"<p>Vision Seeds Caramel Monster n'est pas seulement la vari\u00e9t\u00e9 de cannabis la plus sucr\u00e9e que vous rencontrerez jamais, mais elle est tout \u00e0 fait d\u00e9licieuse en termes de saveur et d'ar\u00f4me. En tant que membre de la famille Lavender, proche du milieu du spectre de croissance du cannabis, elle donnera aux cultivateurs une plante de taille moyenne avec un excellent niveau de THC. Vous ne pouvez pas vous tromper en go\u00fbtant cette dame en particulier, car ses t\u00eates sont denses et vertes avec des poils et des trichomes orange vif !<\/p>","protected":false},"featured_media":36451,"template":"","meta":[],"product_brand":[],"product_cat":[546,297,549,548,550,638],"product_tag":[],"class_list":{"0":"post-36423","1":"product","2":"type-product","3":"status-publish","4":"has-post-thumbnail","6":"product_cat-seedshop","7":"product_cat-all-products","8":"product_cat-feminized-seeds","9":"product_cat-high-thc-seeds","10":"product_cat-seedshop-top-10","11":"product_cat-vision-seeds","12":"product_shipping_class-creditcard-on","14":"first","15":"instock","16":"taxable","17":"shipping-taxable","18":"purchasable","19":"product-type-variable","20":"has-default-attributes"},"_links":{"self":[{"href":"https:\/\/www.tatanka.nl\/fr\/wp-json\/wp\/v2\/product\/36423","targetHints":{"allow":["GET"]}}],"collection":[{"href":"https:\/\/www.tatanka.nl\/fr\/wp-json\/wp\/v2\/product"}],"about":[{"href":"https:\/\/www.tatanka.nl\/fr\/wp-json\/wp\/v2\/types\/product"}],"wp:featuredmedia":[{"embeddable":true,"href":"https:\/\/www.tatanka.nl\/fr\/wp-json\/wp\/v2\/media\/36451"}],"wp:attachment":[{"href":"https:\/\/www.tatanka.nl\/fr\/wp-json\/wp\/v2\/media?parent=36423"}],"wp:term":[{"taxonomy":"product_brand","embeddable":true,"href":"https:\/\/www.tatanka.nl\/fr\/wp-json\/wp\/v2\/product_brand?post=36423"},{"taxonomy":"product_cat","embeddable":true,"href":"https:\/\/www.tatanka.nl\/fr\/wp-json\/wp\/v2\/product_cat?post=36423"},{"taxonomy":"product_tag","embeddable":true,"href":"https:\/\/www.tatanka.nl\/fr\/wp-json\/wp\/v2\/product_tag?post=36423"}],"curies":[{"name":"wp","href":"https:\/\/api.w.org\/{rel}","templated":true}]}}