{"id":36424,"date":"2025-01-30T17:36:09","date_gmt":"2025-01-30T16:36:09","guid":{"rendered":"https:\/\/www.tatanka.nl\/?post_type=product&#038;p=36424"},"modified":"2025-05-16T14:40:37","modified_gmt":"2025-05-16T13:40:37","slug":"cheese","status":"publish","type":"product","link":"https:\/\/www.tatanka.nl\/fr\/cheese\/","title":{"rendered":"Cheese - Vision Seeds"},"content":{"rendered":"<h2>Cheese Cannabis Seeds from Vision Seeds<\/h2>\n<p>Les graines de cannabis Cheese de Vision Seeds seront appr\u00e9ci\u00e9es par tout fan inconditionnel de cannabis cheesy qui s'\u00e9panouit lorsque cet ar\u00f4me musqu\u00e9 flotte dans la pi\u00e8ce ! La g\u00e9n\u00e9tique de ces plantes Cheese relativement fortes est assez serr\u00e9e et intense, vous pouvez donc vous attendre \u00e0 un grand ar\u00f4me de cannabis fort avec des nuances de skunk. Vous obtiendrez un stone corporel d\u00e9cent accompagn\u00e9 d'une agr\u00e9able euphorie apr\u00e8s l'avoir fum\u00e9.<\/p>\n<p>Cette plante est garantie pour ravir tous les amateurs de fromage qui recherchent une exp\u00e9rience \u00e9motionnelle, physique et mentale agr\u00e9able. Vision Seeds Cheese vous hypnotisera avec son ar\u00f4me funky de musc skunk kush. Cette vari\u00e9t\u00e9 offre un stone corporel \u00e9tonnant coupl\u00e9 \u00e0 une euphorie agr\u00e9able.<\/p>","protected":false},"excerpt":{"rendered":"<p>La vari\u00e9t\u00e9 de cannabis Cheese est connue pour l'odeur musqu\u00e9e qu'elle d\u00e9gage. Con\u00e7ue pour ceux qui aiment tout ce qui est \"cheesy\", cette plante est garantie de vous satisfaire de plus d'une fa\u00e7on avec son fort impact de skunk et de kush. C'est une vari\u00e9t\u00e9 incroyablement bonne pour un vrai amateur de cannabis !<\/p>","protected":false},"featured_media":36452,"template":"","meta":[],"product_brand":[],"product_cat":[546,297,549,638],"product_tag":[],"class_list":{"0":"post-36424","1":"product","2":"type-product","3":"status-publish","4":"has-post-thumbnail","6":"product_cat-seedshop","7":"product_cat-all-products","8":"product_cat-feminized-seeds","9":"product_cat-vision-seeds","10":"product_shipping_class-creditcard-on","12":"first","13":"instock","14":"taxable","15":"shipping-taxable","16":"purchasable","17":"product-type-variable","18":"has-default-attributes"},"_links":{"self":[{"href":"https:\/\/www.tatanka.nl\/fr\/wp-json\/wp\/v2\/product\/36424","targetHints":{"allow":["GET"]}}],"collection":[{"href":"https:\/\/www.tatanka.nl\/fr\/wp-json\/wp\/v2\/product"}],"about":[{"href":"https:\/\/www.tatanka.nl\/fr\/wp-json\/wp\/v2\/types\/product"}],"wp:featuredmedia":[{"embeddable":true,"href":"https:\/\/www.tatanka.nl\/fr\/wp-json\/wp\/v2\/media\/36452"}],"wp:attachment":[{"href":"https:\/\/www.tatanka.nl\/fr\/wp-json\/wp\/v2\/media?parent=36424"}],"wp:term":[{"taxonomy":"product_brand","embeddable":true,"href":"https:\/\/www.tatanka.nl\/fr\/wp-json\/wp\/v2\/product_brand?post=36424"},{"taxonomy":"product_cat","embeddable":true,"href":"https:\/\/www.tatanka.nl\/fr\/wp-json\/wp\/v2\/product_cat?post=36424"},{"taxonomy":"product_tag","embeddable":true,"href":"https:\/\/www.tatanka.nl\/fr\/wp-json\/wp\/v2\/product_tag?post=36424"}],"curies":[{"name":"wp","href":"https:\/\/api.w.org\/{rel}","templated":true}]}}