{"id":36425,"date":"2025-01-30T17:36:09","date_gmt":"2025-01-30T16:36:09","guid":{"rendered":"https:\/\/www.tatanka.nl\/?post_type=product&#038;p=36425"},"modified":"2025-05-16T14:40:46","modified_gmt":"2025-05-16T13:40:46","slug":"choco-bud","status":"publish","type":"product","link":"https:\/\/www.tatanka.nl\/fr\/choco-bud\/","title":{"rendered":"Choco Bud - Vision Seeds"},"content":{"rendered":"<h2>Choco Bud Graines de cannabis de Vision Seeds<\/h2>\n<p>Avec un taux de CBD plus \u00e9lev\u00e9, la vari\u00e9t\u00e9 de cannabis Choco Bud est puissante pour soulager de nombreuses affections corporelles. Avec des rendements de 160-180 g\/m2, cette beaut\u00e9 vous fera certainement tomber amoureux de la fa\u00e7on dont elle pousse ! La principale pr\u00e9occupation de tous ceux qui l'ont cultiv\u00e9e est sans aucun doute son go\u00fbt extraordinaire. Lorsqu'elle est s\u00e9ch\u00e9e et trait\u00e9e avant d'\u00eatre consomm\u00e9e, il faut s'attendre \u00e0 trouver un go\u00fbt de chocolat\/caramel dans chaque bouff\u00e9e de cette herbe.<\/p>\n<p>Avec des caract\u00e9ristiques rappelant la Sour Diesel, amusante et c\u00e9r\u00e9brale, la Purple Kush, qui procure un buzz corporel qui vous rend heureux \u00e0 l'int\u00e9rieur, et d'autres vari\u00e9t\u00e9s plus lourdes comme la Strawberry Moonshine ou la Tahoe OG Kush, qui procurent une mont\u00e9e en puissance constante qui vous laisse l'esprit clair comme de l'eau de roche. Un excellent choix.<\/p>","protected":false},"excerpt":{"rendered":"<p>Elles sont vraiment bonnes ! Cr\u00e9\u00e9e pour les fumeurs aventureux \u00e0 la recherche d'un peu de polyvalence dans leur d\u00e9fonce, cette fille fera tr\u00e8s bien l'affaire. Douceur pour les sens ! Cette dame royale des fleurs de cannabis offre un go\u00fbt excitant et l\u00e9ger de chocolat et de caramel avec un final fruit\u00e9. Une fille duveteuse et branchue, la Choco Bud de Vision Seeds a \u00e9t\u00e9 d\u00e9crite par beaucoup comme unique et \u00e9tonnante !<\/p>","protected":false},"featured_media":36453,"template":"","meta":[],"product_brand":[],"product_cat":[546,297,549,550,638],"product_tag":[],"class_list":{"0":"post-36425","1":"product","2":"type-product","3":"status-publish","4":"has-post-thumbnail","6":"product_cat-seedshop","7":"product_cat-all-products","8":"product_cat-feminized-seeds","9":"product_cat-seedshop-top-10","10":"product_cat-vision-seeds","11":"product_shipping_class-creditcard-on","13":"first","14":"instock","15":"taxable","16":"shipping-taxable","17":"purchasable","18":"product-type-variable","19":"has-default-attributes"},"_links":{"self":[{"href":"https:\/\/www.tatanka.nl\/fr\/wp-json\/wp\/v2\/product\/36425","targetHints":{"allow":["GET"]}}],"collection":[{"href":"https:\/\/www.tatanka.nl\/fr\/wp-json\/wp\/v2\/product"}],"about":[{"href":"https:\/\/www.tatanka.nl\/fr\/wp-json\/wp\/v2\/types\/product"}],"wp:featuredmedia":[{"embeddable":true,"href":"https:\/\/www.tatanka.nl\/fr\/wp-json\/wp\/v2\/media\/36453"}],"wp:attachment":[{"href":"https:\/\/www.tatanka.nl\/fr\/wp-json\/wp\/v2\/media?parent=36425"}],"wp:term":[{"taxonomy":"product_brand","embeddable":true,"href":"https:\/\/www.tatanka.nl\/fr\/wp-json\/wp\/v2\/product_brand?post=36425"},{"taxonomy":"product_cat","embeddable":true,"href":"https:\/\/www.tatanka.nl\/fr\/wp-json\/wp\/v2\/product_cat?post=36425"},{"taxonomy":"product_tag","embeddable":true,"href":"https:\/\/www.tatanka.nl\/fr\/wp-json\/wp\/v2\/product_tag?post=36425"}],"curies":[{"name":"wp","href":"https:\/\/api.w.org\/{rel}","templated":true}]}}