{"id":36456,"date":"2025-01-30T17:36:27","date_gmt":"2025-01-30T16:36:27","guid":{"rendered":"https:\/\/www.tatanka.nl\/?post_type=product&#038;p=36456"},"modified":"2025-05-16T14:39:08","modified_gmt":"2025-05-16T13:39:08","slug":"dark-star-x-ak-49","status":"publish","type":"product","link":"https:\/\/www.tatanka.nl\/fr\/dark-star-x-ak-49\/","title":{"rendered":"Dark Star x AK-49 - Vision Seeds"},"content":{"rendered":"<h2><span data-sheets-value=\"{&quot;1&quot;:2,&quot;2&quot;:&quot;Dark Star x AK-49&quot;}\" data-sheets-userformat=\"{&quot;2&quot;:6723,&quot;3&quot;:{&quot;1&quot;:0},&quot;4&quot;:{&quot;1&quot;:2,&quot;2&quot;:14275305},&quot;9&quot;:0,&quot;12&quot;:0,&quot;14&quot;:{&quot;1&quot;:2,&quot;2&quot;:0},&quot;15&quot;:&quot;Arial&quot;}\">Dark Star x AK-49 <\/span>Graines de cannabis de Vision Seeds<\/h2>\n<p>AK-49 x Dark Star est une combinaison de l\u00e9gendes absolues, et j'ai le plaisir de vous pr\u00e9senter cette vari\u00e9t\u00e9 prim\u00e9e. Cette vari\u00e9t\u00e9 a l'un des arbres g\u00e9n\u00e9alogiques les plus int\u00e9ressants de notre liste de graines de cannabis, donc si vous recherchez des g\u00e9n\u00e9tiques excitantes, elle est faite pour vous.<\/p>\n<p>Dans des conditions parfaites - c'est-\u00e0-dire chez un cultivateur exp\u00e9riment\u00e9 qui prend soin de ses plantes - la Dark Star x AK-49 peut produire pr\u00e8s de 1 kg de t\u00eates denses ! La saveur offre un bel \u00e9quilibre entre les saveurs terreuses et \u00e9pic\u00e9es et les saveurs sucr\u00e9es qui se m\u00e9langent agr\u00e9ablement. Une super plante pour des super cultivateurs !<\/p>","protected":false},"excerpt":{"rendered":"<p>Dark Star x AK-49 est une vari\u00e9t\u00e9 hybride \u00e9quilibr\u00e9e qui ne manquera pas de vous impressionner par sa saveur. La Tone combine des saveurs dominantes de terre, d'\u00e9pices et d'ar\u00f4mes sucr\u00e9s pour une exp\u00e9rience incroyable \u00e0 chaque fois. Si vous l'entretenez correctement en ext\u00e9rieur, vous pourrez r\u00e9colter une quantit\u00e9 incroyable de bourgeons denses. Cette plante ne plaisante pas !<\/p>","protected":false},"featured_media":36486,"template":"","meta":[],"product_brand":[],"product_cat":[546,297,549,548,638],"product_tag":[],"class_list":{"0":"post-36456","1":"product","2":"type-product","3":"status-publish","4":"has-post-thumbnail","6":"product_cat-seedshop","7":"product_cat-all-products","8":"product_cat-feminized-seeds","9":"product_cat-high-thc-seeds","10":"product_cat-vision-seeds","11":"product_shipping_class-creditcard-on","13":"first","14":"instock","15":"taxable","16":"shipping-taxable","17":"purchasable","18":"product-type-variable","19":"has-default-attributes"},"_links":{"self":[{"href":"https:\/\/www.tatanka.nl\/fr\/wp-json\/wp\/v2\/product\/36456","targetHints":{"allow":["GET"]}}],"collection":[{"href":"https:\/\/www.tatanka.nl\/fr\/wp-json\/wp\/v2\/product"}],"about":[{"href":"https:\/\/www.tatanka.nl\/fr\/wp-json\/wp\/v2\/types\/product"}],"wp:featuredmedia":[{"embeddable":true,"href":"https:\/\/www.tatanka.nl\/fr\/wp-json\/wp\/v2\/media\/36486"}],"wp:attachment":[{"href":"https:\/\/www.tatanka.nl\/fr\/wp-json\/wp\/v2\/media?parent=36456"}],"wp:term":[{"taxonomy":"product_brand","embeddable":true,"href":"https:\/\/www.tatanka.nl\/fr\/wp-json\/wp\/v2\/product_brand?post=36456"},{"taxonomy":"product_cat","embeddable":true,"href":"https:\/\/www.tatanka.nl\/fr\/wp-json\/wp\/v2\/product_cat?post=36456"},{"taxonomy":"product_tag","embeddable":true,"href":"https:\/\/www.tatanka.nl\/fr\/wp-json\/wp\/v2\/product_tag?post=36456"}],"curies":[{"name":"wp","href":"https:\/\/api.w.org\/{rel}","templated":true}]}}