{"id":36459,"date":"2025-01-30T17:36:27","date_gmt":"2025-01-30T16:36:27","guid":{"rendered":"https:\/\/www.tatanka.nl\/?post_type=product&#038;p=36459"},"modified":"2025-05-16T14:40:20","modified_gmt":"2025-05-16T13:40:20","slug":"lambs-breath-x-ak-49","status":"publish","type":"product","link":"https:\/\/www.tatanka.nl\/fr\/lambs-breath-x-ak-49\/","title":{"rendered":"Lamb\u2019s Breath x AK-49 - Vision Seeds"},"content":{"rendered":"<h2>Lamb's Breath x AK-49 Graines de cannabis de Vision Seeds<\/h2>\n<p>Pr\u00e9parez-vous \u00e0 explorer un high profond et intriguant, rempli d'\u00e9pices et de fromage. La vari\u00e9t\u00e9 Lamb's Breath x AK-49 est notre championne Sativa de choix pour ceux qui recherchent un formidable stimulant d'humeur avec une forte \u00e9nergie.<\/p>\n<p>Comme cette fille n'a que des atouts positifs, nous vous invitons \u00e0 appr\u00e9cier sa saveur subtilement \u00e9pic\u00e9e et \u00e0 d\u00e9couvrir toutes les grandes qualit\u00e9s qu'elle peut offrir \u00e0 votre vie ! Les bourgeons verts sympathiques sont recouverts de poils orange, sans oublier que cette dame a quelque chose \u00e0 l'int\u00e9rieur qui rendra l'exp\u00e9rience encore plus agr\u00e9able : un m\u00e9lange complexe de cannabino\u00efdes et de terp\u00e8nes.<\/p>\n<p>Alors n'h\u00e9sitez pas, commandez votre ma\u00eetresse d\u00e8s maintenant !<\/p>","protected":false},"excerpt":{"rendered":"<p>Issue d'un croisement entre Vision Seeds Lamb's Breath et AK-49 Cannabis Strain, cette femme est aussi amusante qu'un r\u00e9veil un jeudi matin. Puissante avec une s\u00e9rieuse influence Sativa, elle vous fera tomber amoureux d'elle si vous \u00eates d'humeur acerbe. Les verts vifs deviendraient toutes les nuances de vert apr\u00e8s les avoir regard\u00e9s trop longtemps en raison des niveaux \u00e9lev\u00e9s de THC combin\u00e9s \u00e0 des niveaux \u00e9lev\u00e9s d'autres cannabino\u00efdes. Une vari\u00e9t\u00e9 de cannabis \u00e0 essayer absolument !<\/p>","protected":false},"featured_media":36488,"template":"","meta":[],"product_brand":[],"product_cat":[546,297,549,548,638],"product_tag":[],"class_list":{"0":"post-36459","1":"product","2":"type-product","3":"status-publish","4":"has-post-thumbnail","6":"product_cat-seedshop","7":"product_cat-all-products","8":"product_cat-feminized-seeds","9":"product_cat-high-thc-seeds","10":"product_cat-vision-seeds","11":"product_shipping_class-creditcard-on","13":"first","14":"instock","15":"taxable","16":"shipping-taxable","17":"purchasable","18":"product-type-variable","19":"has-default-attributes"},"_links":{"self":[{"href":"https:\/\/www.tatanka.nl\/fr\/wp-json\/wp\/v2\/product\/36459","targetHints":{"allow":["GET"]}}],"collection":[{"href":"https:\/\/www.tatanka.nl\/fr\/wp-json\/wp\/v2\/product"}],"about":[{"href":"https:\/\/www.tatanka.nl\/fr\/wp-json\/wp\/v2\/types\/product"}],"wp:featuredmedia":[{"embeddable":true,"href":"https:\/\/www.tatanka.nl\/fr\/wp-json\/wp\/v2\/media\/36488"}],"wp:attachment":[{"href":"https:\/\/www.tatanka.nl\/fr\/wp-json\/wp\/v2\/media?parent=36459"}],"wp:term":[{"taxonomy":"product_brand","embeddable":true,"href":"https:\/\/www.tatanka.nl\/fr\/wp-json\/wp\/v2\/product_brand?post=36459"},{"taxonomy":"product_cat","embeddable":true,"href":"https:\/\/www.tatanka.nl\/fr\/wp-json\/wp\/v2\/product_cat?post=36459"},{"taxonomy":"product_tag","embeddable":true,"href":"https:\/\/www.tatanka.nl\/fr\/wp-json\/wp\/v2\/product_tag?post=36459"}],"curies":[{"name":"wp","href":"https:\/\/api.w.org\/{rel}","templated":true}]}}