{"id":36462,"date":"2025-01-30T17:36:28","date_gmt":"2025-01-30T16:36:28","guid":{"rendered":"https:\/\/www.tatanka.nl\/?post_type=product&#038;p=36462"},"modified":"2025-05-16T14:38:36","modified_gmt":"2025-05-16T13:38:36","slug":"mighty-mango-bud","status":"publish","type":"product","link":"https:\/\/www.tatanka.nl\/fr\/mighty-mango-bud\/","title":{"rendered":"Mighty Mango Bud - Vision Seeds"},"content":{"rendered":"<h2><span data-sheets-value=\"{&quot;1&quot;:2,&quot;2&quot;:&quot;Mighty Mango Bud&quot;}\" data-sheets-userformat=\"{&quot;2&quot;:6723,&quot;3&quot;:{&quot;1&quot;:0},&quot;4&quot;:{&quot;1&quot;:2,&quot;2&quot;:16773836},&quot;9&quot;:0,&quot;12&quot;:0,&quot;14&quot;:{&quot;1&quot;:2,&quot;2&quot;:0},&quot;15&quot;:&quot;Arial&quot;}\">Mighty Mango Bud<\/span> Graines de cannabis de Vision Seeds<\/h2>\n<p>Lorsque vous avez besoin de quelque chose de parfait pour vous d\u00e9tendre et vous calmer dans une sorte de sativa-high collant, la vari\u00e9t\u00e9 de cannabis Mighty Mango Bud sera toujours l\u00e0 avec les bons effets d\u00e9livr\u00e9s par son m\u00e9lange terreux. Vous vous surprendrez \u00e0 vous d\u00e9hancher sur des airs ou des projets que vous essayez de terminer.<\/p>\n<p>Qui n'aime pas un hybride de plante de cannabis \u00e0 la mangue fra\u00eeche et sucr\u00e9e qui r\u00e9gale ses papilles gustatives ? La vari\u00e9t\u00e9 de cannabis Mighty Mango Bud de Vision Seeds est le meilleur des deux mondes - une vari\u00e9t\u00e9 de cannabis \u00e0 dominante Indica qui prendra soin de votre corps tout en vous procurant un high joyeux et c\u00e9r\u00e9bral.<\/p>","protected":false},"excerpt":{"rendered":"<p>La vari\u00e9t\u00e9 de cannabis Mighty Mango Bud de Vision Seeds est le meilleur des deux mondes - une vari\u00e9t\u00e9 de cannabis \u00e0 dominante Indica qui prendra soin de votre corps tout en vous procurant un high joyeux et c\u00e9r\u00e9bral. N'aimez-vous pas ces bouff\u00e9es de cannabis juteuses et sucr\u00e9es ? Niam !<\/p>","protected":false},"featured_media":36491,"template":"","meta":[],"product_brand":[],"product_cat":[546,297,549,548,638],"product_tag":[],"class_list":{"0":"post-36462","1":"product","2":"type-product","3":"status-publish","4":"has-post-thumbnail","6":"product_cat-seedshop","7":"product_cat-all-products","8":"product_cat-feminized-seeds","9":"product_cat-high-thc-seeds","10":"product_cat-vision-seeds","11":"product_shipping_class-creditcard-on","13":"first","14":"instock","15":"taxable","16":"shipping-taxable","17":"purchasable","18":"product-type-variable","19":"has-default-attributes"},"_links":{"self":[{"href":"https:\/\/www.tatanka.nl\/fr\/wp-json\/wp\/v2\/product\/36462","targetHints":{"allow":["GET"]}}],"collection":[{"href":"https:\/\/www.tatanka.nl\/fr\/wp-json\/wp\/v2\/product"}],"about":[{"href":"https:\/\/www.tatanka.nl\/fr\/wp-json\/wp\/v2\/types\/product"}],"wp:featuredmedia":[{"embeddable":true,"href":"https:\/\/www.tatanka.nl\/fr\/wp-json\/wp\/v2\/media\/36491"}],"wp:attachment":[{"href":"https:\/\/www.tatanka.nl\/fr\/wp-json\/wp\/v2\/media?parent=36462"}],"wp:term":[{"taxonomy":"product_brand","embeddable":true,"href":"https:\/\/www.tatanka.nl\/fr\/wp-json\/wp\/v2\/product_brand?post=36462"},{"taxonomy":"product_cat","embeddable":true,"href":"https:\/\/www.tatanka.nl\/fr\/wp-json\/wp\/v2\/product_cat?post=36462"},{"taxonomy":"product_tag","embeddable":true,"href":"https:\/\/www.tatanka.nl\/fr\/wp-json\/wp\/v2\/product_tag?post=36462"}],"curies":[{"name":"wp","href":"https:\/\/api.w.org\/{rel}","templated":true}]}}