{"id":36464,"date":"2025-01-30T17:36:28","date_gmt":"2025-01-30T16:36:28","guid":{"rendered":"https:\/\/www.tatanka.nl\/?post_type=product&#038;p=36464"},"modified":"2025-05-16T14:38:44","modified_gmt":"2025-05-16T13:38:44","slug":"northern-lights","status":"publish","type":"product","link":"https:\/\/www.tatanka.nl\/fr\/northern-lights\/","title":{"rendered":"Northern Lights - Vision Seeds"},"content":{"rendered":"<h2><span data-sheets-value=\"{&quot;1&quot;:2,&quot;2&quot;:&quot;Northern Lights&quot;}\" data-sheets-userformat=\"{&quot;2&quot;:6723,&quot;3&quot;:{&quot;1&quot;:0},&quot;4&quot;:{&quot;1&quot;:2,&quot;2&quot;:15120559},&quot;9&quot;:0,&quot;12&quot;:0,&quot;14&quot;:{&quot;1&quot;:2,&quot;2&quot;:0},&quot;15&quot;:&quot;Arial&quot;}\">Northern Lights<\/span> Graines de cannabis de Vision Seeds<\/h2>\n<p>Profitez des sensations classiques du cannabis \u00e0 l'ancienne avec cette Northern Lights Cannabis Strain ! Des fleurs odorantes aux effets corporels lourds et l\u00e9thargiques, cette Indica est un must pour les cultivateurs d'int\u00e9rieur et d'ext\u00e9rieur.<\/p>\n<p>Tout comme son go\u00fbt sucr\u00e9 - que vous adorerez ou d\u00e9testerez - la Northern Lights est une vari\u00e9t\u00e9 Indica qui vous \u00e9patera de toutes les mani\u00e8res possibles - avec des ar\u00f4mes piquants et sucr\u00e9s qui se r\u00e9pandent tout au long de la transaction ! Cette vari\u00e9t\u00e9 d'Indica lourde produit une r\u00e9sine grasse et luxuriante, sans parler de sa puissance en THC qui ouvre l'app\u00e9tit comme aucune autre. Les d\u00e9butants doivent \u00eatre prudents, car cette herbe est tr\u00e8s puissante. Nous vous avions pr\u00e9venu !<\/p>\n<p>Qui a dit que les vari\u00e9t\u00e9s Indica ne pouvaient pas \u00eatre amusantes ? Nomm\u00e9e d'apr\u00e8s l'Aurore Bor\u00e9ale, cette vari\u00e9t\u00e9 givr\u00e9e vous emm\u00e8nera en voyage dans les nuits nuageuses d'autrefois. Sa g\u00e9n\u00e9tique puissante s'associe \u00e0 d'autres vari\u00e9t\u00e9s d\u00e9licieusement farfelues qui sont les meilleures pour les papilles gustatives. Le tout est serr\u00e9 dans des t\u00eates denses, de taille moyenne, d\u00e9bordant d'une saveur all\u00e9chante - ce qui donne quelque chose d'irr\u00e9sistible ! Vous ferez l'exp\u00e9rience d'une vague de relaxation intense qui durera longtemps apr\u00e8s le premier high.<\/p>","protected":false},"excerpt":{"rendered":"<p>La vari\u00e9t\u00e9 de cannabis Northern Lights est l'une des vari\u00e9t\u00e9s les plus populaires au monde, et ce pour deux raisons principales : elle est facile \u00e0 cultiver et produit des effets narcotiques uniques. De taille moyenne, elle peut produire des bourgeons de marijuana de haute qualit\u00e9 avec un ratio fleur\/feuille \u00e9lev\u00e9 pour les cultivateurs exp\u00e9riment\u00e9s.<\/p>","protected":false},"featured_media":36493,"template":"","meta":[],"product_brand":[],"product_cat":[546,297,549,548,638],"product_tag":[],"class_list":{"0":"post-36464","1":"product","2":"type-product","3":"status-publish","4":"has-post-thumbnail","6":"product_cat-seedshop","7":"product_cat-all-products","8":"product_cat-feminized-seeds","9":"product_cat-high-thc-seeds","10":"product_cat-vision-seeds","11":"product_shipping_class-creditcard-on","13":"first","14":"instock","15":"taxable","16":"shipping-taxable","17":"purchasable","18":"product-type-variable","19":"has-default-attributes"},"_links":{"self":[{"href":"https:\/\/www.tatanka.nl\/fr\/wp-json\/wp\/v2\/product\/36464","targetHints":{"allow":["GET"]}}],"collection":[{"href":"https:\/\/www.tatanka.nl\/fr\/wp-json\/wp\/v2\/product"}],"about":[{"href":"https:\/\/www.tatanka.nl\/fr\/wp-json\/wp\/v2\/types\/product"}],"wp:featuredmedia":[{"embeddable":true,"href":"https:\/\/www.tatanka.nl\/fr\/wp-json\/wp\/v2\/media\/36493"}],"wp:attachment":[{"href":"https:\/\/www.tatanka.nl\/fr\/wp-json\/wp\/v2\/media?parent=36464"}],"wp:term":[{"taxonomy":"product_brand","embeddable":true,"href":"https:\/\/www.tatanka.nl\/fr\/wp-json\/wp\/v2\/product_brand?post=36464"},{"taxonomy":"product_cat","embeddable":true,"href":"https:\/\/www.tatanka.nl\/fr\/wp-json\/wp\/v2\/product_cat?post=36464"},{"taxonomy":"product_tag","embeddable":true,"href":"https:\/\/www.tatanka.nl\/fr\/wp-json\/wp\/v2\/product_tag?post=36464"}],"curies":[{"name":"wp","href":"https:\/\/api.w.org\/{rel}","templated":true}]}}