{"id":36467,"date":"2025-01-30T17:36:28","date_gmt":"2025-01-30T16:36:28","guid":{"rendered":"https:\/\/www.tatanka.nl\/?post_type=product&#038;p=36467"},"modified":"2025-05-16T14:38:58","modified_gmt":"2025-05-16T13:38:58","slug":"russian-snow","status":"publish","type":"product","link":"https:\/\/www.tatanka.nl\/fr\/russian-snow\/","title":{"rendered":"Russian Snow - Vision Seeds"},"content":{"rendered":"<h2><span data-sheets-value=\"{&quot;1&quot;:2,&quot;2&quot;:&quot;Russian Snow&quot;}\" data-sheets-userformat=\"{&quot;2&quot;:6723,&quot;3&quot;:{&quot;1&quot;:0},&quot;4&quot;:{&quot;1&quot;:2,&quot;2&quot;:13689059},&quot;9&quot;:0,&quot;12&quot;:0,&quot;14&quot;:{&quot;1&quot;:2,&quot;2&quot;:0},&quot;15&quot;:&quot;Arial&quot;}\">Russian Snow<\/span> Graines de cannabis de Vision Seeds<\/h2>\n<p>Vision Seeds Russian Snow doit son nom unique \u00e0 la pr\u00e9sence de trichomes blancs comme neige qui \u00e9tonneront m\u00eame les cultivateurs de cannabis les plus exp\u00e9riment\u00e9s ! Qui aurait cru que le croisement de l'AK-49 et de la White Widow donnerait des r\u00e9sultats Indica aussi agr\u00e9ables et puissants...<\/p>\n<p>Avec plus de poudre \u00e0 canon qu'il n'en faut, cette reine des neiges grandit pour atteindre une taille moyenne avec une stature serr\u00e9e, puis brille avec des sommets de fleurs tr\u00e8s r\u00e9sineux. Attendez-vous \u00e0 ce que l'AK-49 et la White Widow d\u00e9gagent un ar\u00f4me perceptible, rempli de notes sucr\u00e9es. Lorsqu'il s'agit de l'allumer, le high qu'elle d\u00e9livre, puissant et durable, est hors du commun !<\/p>\n<p>D\u00e9velopp\u00e9e en Russie, par croisement entre l'AK-97 et la White Widow. Les trichomes blancs ondul\u00e9s font de cette plante un r\u00eave de reine des neiges devenu r\u00e9alit\u00e9. L'AK-97 est puissante \u00e0 elle seule, tandis que la White Widow a un go\u00fbt sucr\u00e9 avec ses notes de fruits tropicaux. Cette reine atteindra une hauteur moyenne tout en produisant des bourgeons \u00e9pais qui sont recommand\u00e9s pour une utilisation en int\u00e9rieur ou en serre uniquement pour en profiter comme la royaut\u00e9 !<\/p>","protected":false},"excerpt":{"rendered":"<p>L'AK-49 et la White Widow se combinent pour cr\u00e9er cette incroyable vari\u00e9t\u00e9 de cannabis Russian Snow ! Cette reine des neiges brille par son taux de r\u00e9sine \u00e9lev\u00e9 et sa r\u00e9colte exceptionnelle. C'est le m\u00e9lange parfait de puissance, de qualit\u00e9, de rendement et de saveur. D\u00e9tendez votre esprit avec une euphorie spatiale qui ne vous d\u00e9cevra jamais. Quiconque prend une dose de cette vari\u00e9t\u00e9 de cannabis se retrouvera dans un \u00e9tat d'euphorie de r\u00eave qui peut supporter n'importe quel niveau de stress !<\/p>","protected":false},"featured_media":36496,"template":"","meta":[],"product_brand":[],"product_cat":[546,297,549,548,638],"product_tag":[],"class_list":{"0":"post-36467","1":"product","2":"type-product","3":"status-publish","4":"has-post-thumbnail","6":"product_cat-seedshop","7":"product_cat-all-products","8":"product_cat-feminized-seeds","9":"product_cat-high-thc-seeds","10":"product_cat-vision-seeds","11":"product_shipping_class-creditcard-on","13":"first","14":"instock","15":"taxable","16":"shipping-taxable","17":"purchasable","18":"product-type-variable","19":"has-default-attributes"},"_links":{"self":[{"href":"https:\/\/www.tatanka.nl\/fr\/wp-json\/wp\/v2\/product\/36467","targetHints":{"allow":["GET"]}}],"collection":[{"href":"https:\/\/www.tatanka.nl\/fr\/wp-json\/wp\/v2\/product"}],"about":[{"href":"https:\/\/www.tatanka.nl\/fr\/wp-json\/wp\/v2\/types\/product"}],"wp:featuredmedia":[{"embeddable":true,"href":"https:\/\/www.tatanka.nl\/fr\/wp-json\/wp\/v2\/media\/36496"}],"wp:attachment":[{"href":"https:\/\/www.tatanka.nl\/fr\/wp-json\/wp\/v2\/media?parent=36467"}],"wp:term":[{"taxonomy":"product_brand","embeddable":true,"href":"https:\/\/www.tatanka.nl\/fr\/wp-json\/wp\/v2\/product_brand?post=36467"},{"taxonomy":"product_cat","embeddable":true,"href":"https:\/\/www.tatanka.nl\/fr\/wp-json\/wp\/v2\/product_cat?post=36467"},{"taxonomy":"product_tag","embeddable":true,"href":"https:\/\/www.tatanka.nl\/fr\/wp-json\/wp\/v2\/product_tag?post=36467"}],"curies":[{"name":"wp","href":"https:\/\/api.w.org\/{rel}","templated":true}]}}