{"id":36470,"date":"2025-01-30T17:36:29","date_gmt":"2025-01-30T16:36:29","guid":{"rendered":"https:\/\/www.tatanka.nl\/?post_type=product&#038;p=36470"},"modified":"2025-05-16T14:37:41","modified_gmt":"2025-05-16T13:37:41","slug":"supreme-lemon","status":"publish","type":"product","link":"https:\/\/www.tatanka.nl\/fr\/supreme-lemon\/","title":{"rendered":"Supreme Lemon - Vision Seeds"},"content":{"rendered":"<h2><span data-sheets-value=\"{&quot;1&quot;:2,&quot;2&quot;:&quot;Supreme Lemon&quot;}\" data-sheets-userformat=\"{&quot;2&quot;:6723,&quot;3&quot;:{&quot;1&quot;:0},&quot;4&quot;:{&quot;1&quot;:2,&quot;2&quot;:16573901},&quot;9&quot;:0,&quot;12&quot;:0,&quot;14&quot;:{&quot;1&quot;:2,&quot;2&quot;:0},&quot;15&quot;:&quot;Arial&quot;}\">Supreme Lemon<\/span> Graines de cannabis de Vision Seeds<\/h2>\n<p>Hybride \u00e0 dominante Sativa pure, la Supreme Lemon est bas\u00e9e sur la cr\u00e9ativit\u00e9 originale de Vision Seeds. Il r\u00e9sulte du croisement de la Haze (appr\u00e9ci\u00e9e pour sa douceur) et de l'une des vari\u00e9t\u00e9s modernes les plus populaires au monde, la Lemon Skunk. Avec son taux \u00e9lev\u00e9 de THC et son go\u00fbt neutre de cannabis, cette dame est id\u00e9ale pour un usage diurne \u00e9nergique ; un utilisateur exp\u00e9riment\u00e9 la trouvera cr\u00e9ative et communicative - avec un fort effet de socialisation !<\/p>\n<p>Ce cultivar de marijuana est un hybride de deux l\u00e9gendes du cannabis. L'odeur et le go\u00fbt seront frais, citronn\u00e9s, avec une saveur herbac\u00e9e similaire \u00e0 la verveine citronn\u00e9e ou au basilic citronn\u00e9.<\/p>\n<p>Elle a un s\u00e9rieux patrimoine g\u00e9n\u00e9tique - les parents Silver Haze et Lemon Skunk, qui veulent une vari\u00e9t\u00e9 extr\u00eamement puissante \u00e0 ajouter \u00e0 la gamme ?<\/p>\n<p>Tout le monde parle de la fra\u00eecheur de sa saveur. Elle vous donne ce grand coup de citron tout en gardant sa dominance Sativa en \u00e9chec avec un pedigree de cultivateur m\u00e9daill\u00e9 d'or. Et nous n'avons pas encore parl\u00e9 des effets : Cr\u00e9ativit\u00e9 et \u00e9nergie \u00e0 chaque bouff\u00e9e !<\/p>","protected":false},"excerpt":{"rendered":"<p>Nous esp\u00e9rons que vous aimez explorer de nouvelles choses et cette fois, nous avons quelque chose d'incroyable pour vous. Voici la vari\u00e9t\u00e9 de cannabis Supreme Lemon de Vision Seeds ! Cette femme est un croisement entre la Silver Haze et la Lemon Skunk, elle est donc parfaite pour les personnes qui aiment d\u00e9j\u00e0 ces vari\u00e9t\u00e9s. Mais il y a mieux : La Supreme a un taux de THC impressionnant et le meilleur de la g\u00e9n\u00e9tique Sativa, ce qui lui conf\u00e8re des effets cr\u00e9atifs et \u00e9nergisants tout au long de la journ\u00e9e. Faut-il en rajouter ?<\/p>","protected":false},"featured_media":36499,"template":"","meta":[],"product_brand":[],"product_cat":[546,297,549,548,638],"product_tag":[],"class_list":{"0":"post-36470","1":"product","2":"type-product","3":"status-publish","4":"has-post-thumbnail","6":"product_cat-seedshop","7":"product_cat-all-products","8":"product_cat-feminized-seeds","9":"product_cat-high-thc-seeds","10":"product_cat-vision-seeds","11":"product_shipping_class-creditcard-on","13":"first","14":"instock","15":"taxable","16":"shipping-taxable","17":"purchasable","18":"product-type-variable","19":"has-default-attributes"},"_links":{"self":[{"href":"https:\/\/www.tatanka.nl\/fr\/wp-json\/wp\/v2\/product\/36470","targetHints":{"allow":["GET"]}}],"collection":[{"href":"https:\/\/www.tatanka.nl\/fr\/wp-json\/wp\/v2\/product"}],"about":[{"href":"https:\/\/www.tatanka.nl\/fr\/wp-json\/wp\/v2\/types\/product"}],"wp:featuredmedia":[{"embeddable":true,"href":"https:\/\/www.tatanka.nl\/fr\/wp-json\/wp\/v2\/media\/36499"}],"wp:attachment":[{"href":"https:\/\/www.tatanka.nl\/fr\/wp-json\/wp\/v2\/media?parent=36470"}],"wp:term":[{"taxonomy":"product_brand","embeddable":true,"href":"https:\/\/www.tatanka.nl\/fr\/wp-json\/wp\/v2\/product_brand?post=36470"},{"taxonomy":"product_cat","embeddable":true,"href":"https:\/\/www.tatanka.nl\/fr\/wp-json\/wp\/v2\/product_cat?post=36470"},{"taxonomy":"product_tag","embeddable":true,"href":"https:\/\/www.tatanka.nl\/fr\/wp-json\/wp\/v2\/product_tag?post=36470"}],"curies":[{"name":"wp","href":"https:\/\/api.w.org\/{rel}","templated":true}]}}