{"id":36471,"date":"2025-01-30T17:36:29","date_gmt":"2025-01-30T16:36:29","guid":{"rendered":"https:\/\/www.tatanka.nl\/?post_type=product&#038;p=36471"},"modified":"2025-05-16T14:37:48","modified_gmt":"2025-05-16T13:37:48","slug":"tom-kush-og","status":"publish","type":"product","link":"https:\/\/www.tatanka.nl\/fr\/tom-kush-og\/","title":{"rendered":"Tom Kush OG - Vision Seeds"},"content":{"rendered":"<h2><span data-sheets-value=\"{&quot;1&quot;:2,&quot;2&quot;:&quot;Tom Kush OG&quot;}\" data-sheets-userformat=\"{&quot;2&quot;:6723,&quot;3&quot;:{&quot;1&quot;:0},&quot;4&quot;:{&quot;1&quot;:2,&quot;2&quot;:15120559},&quot;9&quot;:0,&quot;12&quot;:0,&quot;14&quot;:{&quot;1&quot;:2,&quot;2&quot;:0},&quot;15&quot;:&quot;Arial&quot;}\">Tom Kush OG<\/span> Graines de cannabis de Vision Seeds<\/h2>\n<p>Il n'y a qu'une seule Tom Kush OG et c'est celle-ci ! Attendez-vous \u00e0 un m\u00e9lange \u00e9nergisant de g\u00e9n\u00e9tiques sativa et indica qui procurent un high agr\u00e9able sans effets psychoactifs trop importants. Comme vous pouvez le deviner, ce mauvais gar\u00e7on est tr\u00e8s puissant et donne un coup de pied plus fort que la plupart des autres vari\u00e9t\u00e9s sur le march\u00e9.<\/p>\n<p>Il n'y a rien de mieux pour vous mettre de bonne humeur pour la journ\u00e9e ! Cultiv\u00e9e par Vision Seeds, la vari\u00e9t\u00e9 de cannabis Tom Kush OG est une vari\u00e9t\u00e9 incroyablement amusante et \u00e9nergisante qui permettra \u00e0 vos clients de se sentir bien. Qu'il s'agisse de traiter le stress ou l'anxi\u00e9t\u00e9 ou de se promener sans soucis, ces bourgeons sont s\u00fbrs de fournir \u00e0 vos clients tout ce qu'ils recherchent - une merveilleuse session de fum\u00e9e tout au long de la journ\u00e9e.<\/p>\n<p>Cette kush envo\u00fbtante est l'outil parfait pour lutter contre l'anxi\u00e9t\u00e9 intense.<\/p>\n<p>Votre journ\u00e9e sera bien plus radieuse apr\u00e8s avoir pass\u00e9 un peu de temps avec ce joyau ! Cette puissante herbe combine les saveurs de pin et d'agrumes de l'OG Kush avec un m\u00e9lange de bois et de terre et, en prime, elle ne te laissera pas avec la t\u00eate embrum\u00e9e. Oh non ! elle pourrait bien secouer le stress de vos \u00e9paules fatigu\u00e9es et vous apporter ces ondes joyeuses dont nous avons tous besoin parfois. Une plante formidable et puissante !<\/p>","protected":false},"excerpt":{"rendered":"<p>Si vous avez cherch\u00e9 une v\u00e9ritable OG Kush d'Am\u00e9rique du Nord, la Tom Kush vient \u00e0 votre rescousse. Cette OG Kush a une teneur en THC de 22% et peut rivaliser avec certaines des t\u00eates les plus denses et les plus r\u00e9sineuses du march\u00e9 ! L'ar\u00f4me de citron acide et de pin terreux en fait un vrai r\u00e9gal \u00e0 savourer. C'est une b\u00eate de plante que tout le monde aime cultiver !<\/p>","protected":false},"featured_media":36500,"template":"","meta":[],"product_brand":[],"product_cat":[546,297,549,548,552,638],"product_tag":[],"class_list":{"0":"post-36471","1":"product","2":"type-product","3":"status-publish","4":"has-post-thumbnail","6":"product_cat-seedshop","7":"product_cat-all-products","8":"product_cat-feminized-seeds","9":"product_cat-high-thc-seeds","10":"product_cat-usa-seeds","11":"product_cat-vision-seeds","12":"product_shipping_class-creditcard-on","14":"first","15":"instock","16":"taxable","17":"shipping-taxable","18":"purchasable","19":"product-type-variable","20":"has-default-attributes"},"_links":{"self":[{"href":"https:\/\/www.tatanka.nl\/fr\/wp-json\/wp\/v2\/product\/36471","targetHints":{"allow":["GET"]}}],"collection":[{"href":"https:\/\/www.tatanka.nl\/fr\/wp-json\/wp\/v2\/product"}],"about":[{"href":"https:\/\/www.tatanka.nl\/fr\/wp-json\/wp\/v2\/types\/product"}],"wp:featuredmedia":[{"embeddable":true,"href":"https:\/\/www.tatanka.nl\/fr\/wp-json\/wp\/v2\/media\/36500"}],"wp:attachment":[{"href":"https:\/\/www.tatanka.nl\/fr\/wp-json\/wp\/v2\/media?parent=36471"}],"wp:term":[{"taxonomy":"product_brand","embeddable":true,"href":"https:\/\/www.tatanka.nl\/fr\/wp-json\/wp\/v2\/product_brand?post=36471"},{"taxonomy":"product_cat","embeddable":true,"href":"https:\/\/www.tatanka.nl\/fr\/wp-json\/wp\/v2\/product_cat?post=36471"},{"taxonomy":"product_tag","embeddable":true,"href":"https:\/\/www.tatanka.nl\/fr\/wp-json\/wp\/v2\/product_tag?post=36471"}],"curies":[{"name":"wp","href":"https:\/\/api.w.org\/{rel}","templated":true}]}}