{"id":36472,"date":"2025-01-30T17:36:29","date_gmt":"2025-01-30T16:36:29","guid":{"rendered":"https:\/\/www.tatanka.nl\/?post_type=product&#038;p=36472"},"modified":"2025-05-16T14:37:54","modified_gmt":"2025-05-16T13:37:54","slug":"vision-cookies","status":"publish","type":"product","link":"https:\/\/www.tatanka.nl\/fr\/vision-cookies\/","title":{"rendered":"Vision Cookies - Vision Seeds"},"content":{"rendered":"<h2><span data-sheets-value=\"{&quot;1&quot;:2,&quot;2&quot;:&quot;Vision Cookies&quot;}\" data-sheets-userformat=\"{&quot;2&quot;:6723,&quot;3&quot;:{&quot;1&quot;:0},&quot;4&quot;:{&quot;1&quot;:2,&quot;2&quot;:15389148},&quot;9&quot;:0,&quot;12&quot;:0,&quot;14&quot;:{&quot;1&quot;:2,&quot;2&quot;:0},&quot;15&quot;:&quot;Arial&quot;}\">Vision Cookies<\/span> Graines de cannabis de Vision Seeds<\/h2>\n<p>Vision Cookies est destin\u00e9e \u00e0 tous ceux qui recherchent une vari\u00e9t\u00e9 pr\u00e9cise et forte qui sent le melon et la p\u00eache et qui a un go\u00fbt de baies. Cette vari\u00e9t\u00e9 est parfaite pour soulager le stress avec des effets stimulants et euphorisants. La Vision Cookies a un taux moyen de THC de ~20%, ce qui est suffisamment \u00e9lev\u00e9 pour produire de bonnes r\u00e9coltes - jusqu'\u00e0 800g\/plant si les conditions sont bonnes !<\/p>\n<p>Planifiez votre prochaine sortie avec plaisir et d\u00e9lectation, et rentrez chez vous apr\u00e8s le travail en vous sentant rajeuni et heureux ! La vari\u00e9t\u00e9 de cannabis Vision Cookies vous laissera avec le d\u00e9sir de plonger en vous-m\u00eame. Appr\u00e9ciez le sens de la vie gr\u00e2ce \u00e0 cette merveilleuse vari\u00e9t\u00e9 pour un changement mental intense.<\/p>\n<p>Cette vari\u00e9t\u00e9 est excellente pour presque tous les climats. Comme elle pousse tr\u00e8s bien \u00e0 l'ext\u00e9rieur, ses rendements le seront \u00e9galement ! Vision Cookies est un choix parfait pour ceux qui recherchent une dame moins intense mais toujours tr\u00e8s puissante, qui a un ar\u00f4me fruit\u00e9 et qui peut produire des r\u00e9coltes \u00e0 partir de 800 grammes par plante. Id\u00e9ale pour soulager le stress, ces cookies au cannabis vous procureront une euphorie qui vous laissera agr\u00e9ablement surpris ! Appr\u00e9ciez le go\u00fbt du melon, de la p\u00eache et des baies dans cette vari\u00e9t\u00e9 \u00e9tonnante.<\/p>","protected":false},"excerpt":{"rendered":"<p>Vision Cookies est un hybride fruit\u00e9, au go\u00fbt de baies, qui pousse rapidement et donne de grandes r\u00e9coltes. Elle ne produit pas un ar\u00f4me tr\u00e8s fort mais peut tout de m\u00eame fournir jusqu'\u00e0 800 gr par plante si les conditions sont parfaites ! Le bon choix pour ceux qui recherchent une vari\u00e9t\u00e9 de cannabis tr\u00e8s puissante, mais pas trop forte, qui sent les bonbons et les baies. Soyez conscient qu'elle peut quand m\u00eame produire un solide 20% de THC, donc elle vaut vraiment la peine d'\u00eatre consomm\u00e9e !<\/p>","protected":false},"featured_media":36501,"template":"","meta":[],"product_brand":[],"product_cat":[546,297,549,548,550,638],"product_tag":[],"class_list":{"0":"post-36472","1":"product","2":"type-product","3":"status-publish","4":"has-post-thumbnail","6":"product_cat-seedshop","7":"product_cat-all-products","8":"product_cat-feminized-seeds","9":"product_cat-high-thc-seeds","10":"product_cat-seedshop-top-10","11":"product_cat-vision-seeds","12":"product_shipping_class-creditcard-on","14":"first","15":"instock","16":"taxable","17":"shipping-taxable","18":"purchasable","19":"product-type-variable","20":"has-default-attributes"},"_links":{"self":[{"href":"https:\/\/www.tatanka.nl\/fr\/wp-json\/wp\/v2\/product\/36472","targetHints":{"allow":["GET"]}}],"collection":[{"href":"https:\/\/www.tatanka.nl\/fr\/wp-json\/wp\/v2\/product"}],"about":[{"href":"https:\/\/www.tatanka.nl\/fr\/wp-json\/wp\/v2\/types\/product"}],"wp:featuredmedia":[{"embeddable":true,"href":"https:\/\/www.tatanka.nl\/fr\/wp-json\/wp\/v2\/media\/36501"}],"wp:attachment":[{"href":"https:\/\/www.tatanka.nl\/fr\/wp-json\/wp\/v2\/media?parent=36472"}],"wp:term":[{"taxonomy":"product_brand","embeddable":true,"href":"https:\/\/www.tatanka.nl\/fr\/wp-json\/wp\/v2\/product_brand?post=36472"},{"taxonomy":"product_cat","embeddable":true,"href":"https:\/\/www.tatanka.nl\/fr\/wp-json\/wp\/v2\/product_cat?post=36472"},{"taxonomy":"product_tag","embeddable":true,"href":"https:\/\/www.tatanka.nl\/fr\/wp-json\/wp\/v2\/product_tag?post=36472"}],"curies":[{"name":"wp","href":"https:\/\/api.w.org\/{rel}","templated":true}]}}