{"id":36473,"date":"2025-01-30T17:36:29","date_gmt":"2025-01-30T16:36:29","guid":{"rendered":"https:\/\/www.tatanka.nl\/?post_type=product&#038;p=36473"},"modified":"2025-05-16T14:38:29","modified_gmt":"2025-05-16T13:38:29","slug":"vision-gorilla","status":"publish","type":"product","link":"https:\/\/www.tatanka.nl\/fr\/vision-gorilla\/","title":{"rendered":"Vision Gorilla - Vision Seeds"},"content":{"rendered":"<h2><span data-sheets-value=\"{&quot;1&quot;:2,&quot;2&quot;:&quot;Vision Gorilla&quot;}\" data-sheets-userformat=\"{&quot;2&quot;:6723,&quot;3&quot;:{&quot;1&quot;:0},&quot;4&quot;:{&quot;1&quot;:2,&quot;2&quot;:14281427},&quot;9&quot;:0,&quot;12&quot;:0,&quot;14&quot;:{&quot;1&quot;:2,&quot;2&quot;:0},&quot;15&quot;:&quot;Arial&quot;}\">Vision Gorille<\/span> Graines de cannabis de Vision Seeds<\/h2>\n<p>Vision Gorilla est une vari\u00e9t\u00e9 de marijuana super m\u00e9ga puissante avec jusqu'\u00e0 25% THC, ce qui en fait un choix parfait pour ceux qui sont \u00e0 la recherche de \"vraies grosses cylindr\u00e9es\" avec des rendements \u00e9lev\u00e9s. Cette fille peut pousser tr\u00e8s haut et tr\u00e8s fort, d\u00e9gageant des ar\u00f4mes de terre qui vous feront vous demander ce que vous ressentiriez si vous preniez une bouch\u00e9e de ce gorille vert.<\/p>\n<p>Cette vari\u00e9t\u00e9 est le summum de tous les summums, mec ! Rien que le go\u00fbt vous donnera l'impression d'\u00eatre un voyageur instantan\u00e9 dans un pays recouvert de montagnes glorieuses et de rivi\u00e8res \u00e9tincelantes ; il vous fera perdre pied et vous laissera comme une statue de pierre. Vous pourriez m\u00eame commencer \u00e0 vous demander si vous \u00eates r\u00e9el ou non : c'est ainsi que la Vision Gorilla Cannabis Strain fait r\u00e9fl\u00e9chir ses utilisateurs.<\/p>\n<p>Avec des niveaux de puissance \u00e9lev\u00e9s allant jusqu'\u00e0 25% THC, cette fille peut devenir grande et joyeuse avec d'\u00e9normes bourgeons recouverts de r\u00e9sine qui sortent de toute sa longue carcasse, elle n'est pas non plus \u00e9trang\u00e8re \u00e0 la croissance en hauteur. G\u00e9n\u00e9ralement \u00e9lev\u00e9e pour ceux qui recherchent de \"vraies grosses t\u00eates\" et qui veulent des vari\u00e9t\u00e9s de cannabis puissantes avec des rendements plus \u00e9lev\u00e9s, nous recommandons de donner \u00e0 cette dame un peu de son temps et de son \u00e9nergie.<\/p>","protected":false},"excerpt":{"rendered":"<p>La Vision Gorilla Cannabis Strain est une plante tr\u00e8s puissante, qui contient jusqu'\u00e0 25% de THC. Les cultivateurs recommandent cette fille \u00e0 ceux qui veulent des rendements \u00e9lev\u00e9s et une grande puissance ! Si vous cherchez la chose la plus puissante que nous vendons, c'est celle-l\u00e0. C'est elle. S\u00e9rieusement, c'est l'un des produits les plus puissants de la plan\u00e8te. Accrochez-vous \u00e0 votre chaise lorsque vous prendrez le premier coup. Ne dites pas que nous ne vous avons pas pr\u00e9venu, mon pote !<\/p>","protected":false},"featured_media":36440,"template":"","meta":[],"product_brand":[],"product_cat":[546,297,549,548,550,552,638],"product_tag":[],"class_list":{"0":"post-36473","1":"product","2":"type-product","3":"status-publish","4":"has-post-thumbnail","6":"product_cat-seedshop","7":"product_cat-all-products","8":"product_cat-feminized-seeds","9":"product_cat-high-thc-seeds","10":"product_cat-seedshop-top-10","11":"product_cat-usa-seeds","12":"product_cat-vision-seeds","13":"product_shipping_class-creditcard-on","15":"first","16":"instock","17":"taxable","18":"shipping-taxable","19":"purchasable","20":"product-type-variable","21":"has-default-attributes"},"_links":{"self":[{"href":"https:\/\/www.tatanka.nl\/fr\/wp-json\/wp\/v2\/product\/36473","targetHints":{"allow":["GET"]}}],"collection":[{"href":"https:\/\/www.tatanka.nl\/fr\/wp-json\/wp\/v2\/product"}],"about":[{"href":"https:\/\/www.tatanka.nl\/fr\/wp-json\/wp\/v2\/types\/product"}],"wp:featuredmedia":[{"embeddable":true,"href":"https:\/\/www.tatanka.nl\/fr\/wp-json\/wp\/v2\/media\/36440"}],"wp:attachment":[{"href":"https:\/\/www.tatanka.nl\/fr\/wp-json\/wp\/v2\/media?parent=36473"}],"wp:term":[{"taxonomy":"product_brand","embeddable":true,"href":"https:\/\/www.tatanka.nl\/fr\/wp-json\/wp\/v2\/product_brand?post=36473"},{"taxonomy":"product_cat","embeddable":true,"href":"https:\/\/www.tatanka.nl\/fr\/wp-json\/wp\/v2\/product_cat?post=36473"},{"taxonomy":"product_tag","embeddable":true,"href":"https:\/\/www.tatanka.nl\/fr\/wp-json\/wp\/v2\/product_tag?post=36473"}],"curies":[{"name":"wp","href":"https:\/\/api.w.org\/{rel}","templated":true}]}}