{"id":36474,"date":"2025-01-30T17:36:30","date_gmt":"2025-01-30T16:36:30","guid":{"rendered":"https:\/\/www.tatanka.nl\/?post_type=product&#038;p=36474"},"modified":"2025-05-16T14:37:25","modified_gmt":"2025-05-16T13:37:25","slug":"vision-kosher","status":"publish","type":"product","link":"https:\/\/www.tatanka.nl\/fr\/vision-kosher\/","title":{"rendered":"Vision Kosher - Vision Seeds"},"content":{"rendered":"<h2><span data-sheets-value=\"{&quot;1&quot;:2,&quot;2&quot;:&quot;Vision Kosher&quot;}\" data-sheets-userformat=\"{&quot;2&quot;:6723,&quot;3&quot;:{&quot;1&quot;:0},&quot;4&quot;:{&quot;1&quot;:2,&quot;2&quot;:13624051},&quot;9&quot;:0,&quot;12&quot;:0,&quot;14&quot;:{&quot;1&quot;:2,&quot;2&quot;:0},&quot;15&quot;:&quot;Arial&quot;}\">Vision Kosher<\/span> Graines de cannabis de Vision Seeds<\/h2>\n<p>Au moment de la r\u00e9colte, vous pouvez choisir un produit qui doit \u00eatre fiable et durable, un produit qui n'a ni odeur ni go\u00fbt, ou un produit dont le rendement est banal. Mais qu'en est-il si vous voulez les trois ? La Kosher girl de Vision Seeds est la seule option pour ceux qui recherchent une approche \u00e9quilibr\u00e9e.<\/p>\n<p>Imaginez une vari\u00e9t\u00e9 qui produit des quantit\u00e9s massives de bourgeons apr\u00e8s seulement 8 semaines de floraison, qui ne sent jamais le foin et qui a un go\u00fbt aussi bon que celui qu'elle fume - alors bienvenue \u00e0 la maison ! Avec cette vari\u00e9t\u00e9, vous allez pouvoir vous vanter de votre r\u00e9ussite au moment de la r\u00e9colte !<\/p>\n<p>Vision Seeds Vision Kosher est l'une des plus savoureuses fum\u00e9es connues des stoners exp\u00e9riment\u00e9s. De plus, cette fille de taille moyenne est l'un des meilleurs investissements en termes de temps lorsqu'il s'agit de r\u00e9colter. Si vous \u00eates \u00e0 la recherche d'une vari\u00e9t\u00e9 \u00e0 dominante Indica qui aurait une palette de saveurs \u00e9tonnante, une quantit\u00e9 importante de THC et qui pourrait faire pousser d'\u00e9normes bourgeons, c'est votre fille ! La Kosher girl a un go\u00fbt unique et tr\u00e8s reconnaissable que l'on peut d\u00e9crire comme un riche m\u00e9lange d'ar\u00f4mes uniques de terre et de fruits. Tr\u00e8s puissante, elle procure une sensation d'euphorie puissante.<\/p>","protected":false},"excerpt":{"rendered":"<p>Cette fille de taille moyenne produit un high puissamment exaltant et a un go\u00fbt in\u00e9gal\u00e9. Vision Kosher est une d\u00e9licieuse vari\u00e9t\u00e9 de cannabis \u00e0 dominante Indica qui combine tous les meilleurs traits de ses parents pour cr\u00e9er l'une des plantes les plus savoureuses et les plus puissantes. Elle a un ar\u00f4me de terre avec des accents floraux et a le go\u00fbt d'une salade de fruits rafra\u00eechissante rendue encore plus d\u00e9licieuse par un soup\u00e7on de terre ou de quelque chose de vert. Cette grosse productrice est pr\u00eate \u00e0 \u00eatre r\u00e9colt\u00e9e en 9 semaines et produit un high enivrant d'environ 20% THC.<\/p>","protected":false},"featured_media":36502,"template":"","meta":[],"product_brand":[],"product_cat":[546,297,549,548,552,638],"product_tag":[],"class_list":{"0":"post-36474","1":"product","2":"type-product","3":"status-publish","4":"has-post-thumbnail","6":"product_cat-seedshop","7":"product_cat-all-products","8":"product_cat-feminized-seeds","9":"product_cat-high-thc-seeds","10":"product_cat-usa-seeds","11":"product_cat-vision-seeds","12":"product_shipping_class-creditcard-on","14":"first","15":"instock","16":"taxable","17":"shipping-taxable","18":"purchasable","19":"product-type-variable","20":"has-default-attributes"},"_links":{"self":[{"href":"https:\/\/www.tatanka.nl\/fr\/wp-json\/wp\/v2\/product\/36474","targetHints":{"allow":["GET"]}}],"collection":[{"href":"https:\/\/www.tatanka.nl\/fr\/wp-json\/wp\/v2\/product"}],"about":[{"href":"https:\/\/www.tatanka.nl\/fr\/wp-json\/wp\/v2\/types\/product"}],"wp:featuredmedia":[{"embeddable":true,"href":"https:\/\/www.tatanka.nl\/fr\/wp-json\/wp\/v2\/media\/36502"}],"wp:attachment":[{"href":"https:\/\/www.tatanka.nl\/fr\/wp-json\/wp\/v2\/media?parent=36474"}],"wp:term":[{"taxonomy":"product_brand","embeddable":true,"href":"https:\/\/www.tatanka.nl\/fr\/wp-json\/wp\/v2\/product_brand?post=36474"},{"taxonomy":"product_cat","embeddable":true,"href":"https:\/\/www.tatanka.nl\/fr\/wp-json\/wp\/v2\/product_cat?post=36474"},{"taxonomy":"product_tag","embeddable":true,"href":"https:\/\/www.tatanka.nl\/fr\/wp-json\/wp\/v2\/product_tag?post=36474"}],"curies":[{"name":"wp","href":"https:\/\/api.w.org\/{rel}","templated":true}]}}