{"id":36591,"date":"2025-01-30T17:37:16","date_gmt":"2025-01-30T16:37:16","guid":{"rendered":"https:\/\/www.tatanka.nl\/?post_type=product&#038;p=36591"},"modified":"2025-05-16T14:37:13","modified_gmt":"2025-05-16T13:37:13","slug":"wedding-cake-x-triple-og","status":"publish","type":"product","link":"https:\/\/www.tatanka.nl\/fr\/wedding-cake-x-triple-og\/","title":{"rendered":"Wedding Cake x Triple OG - Vision Seeds"},"content":{"rendered":"<h2><span data-sheets-value=\"{&quot;1&quot;:2,&quot;2&quot;:&quot;Wedding Cake x Triple OG&quot;}\" data-sheets-userformat=\"{&quot;2&quot;:6723,&quot;3&quot;:{&quot;1&quot;:0},&quot;4&quot;:{&quot;1&quot;:2,&quot;2&quot;:16573901},&quot;9&quot;:0,&quot;12&quot;:0,&quot;14&quot;:{&quot;1&quot;:2,&quot;2&quot;:0},&quot;15&quot;:&quot;Arial&quot;}\">Wedding Cake x Triple OG<\/span> Graines de cannabis de Vision Seeds<\/h2>\n<p>La vari\u00e9t\u00e9 de cannabis Wedding Cake x Triple OG de Vision Seeds est un m\u00e9lange unique et excentrique aux saveurs sucr\u00e9es, acidul\u00e9es, cr\u00e9meuses et acides. Comme il s'agit d'une vari\u00e9t\u00e9 de cannabis \u00e0 teneur extr\u00eamement \u00e9lev\u00e9e en THC, les effets sont imm\u00e9diats apr\u00e8s avoir fum\u00e9 cette d\u00e9licieuse reine des desserts. Vous ressentirez de la joie, de l'\u00e9nergie, de l'euphorie, ainsi qu'une sensation de t\u00eate intense !<\/p>\n<p>C'est id\u00e9al pour ceux qui recherchent un soulagement instantan\u00e9 du stress ou de l'anxi\u00e9t\u00e9, pour s'attaquer \u00e0 des t\u00e2ches physiques apr\u00e8s le travail, pour \u00eatre cr\u00e9atif en milieu de journ\u00e9e sur des activit\u00e9s de type hoot hoot (AKA artisanat), ou m\u00eame simplement pour tra\u00eener \u00e0 la maison toute la journ\u00e9e avec une sensation de flou. Mais attention, ses effets sont tr\u00e8s rapides ! Ne soyez pas surpris si vous vous retrouvez soudainement en pleine possession de vos moyens quelques heures apr\u00e8s avoir allum\u00e9 cette puissante dame de pouvoir.<\/p>\n<p>Elle se pr\u00e9sente dans un emballage unique avec un gla\u00e7age semblable \u00e0 celui d'un g\u00e2teau, mais ses qualit\u00e9s aromatiques pourraient bien \u00eatre ce qui vous fera vraiment revenir pour en avoir plus. Avec des effets intenses tout autour de l'exp\u00e9rience, sentez-la bien, go\u00fbtez-la et amusez-vous en essayant quelque chose de nouveau !<\/p>","protected":false},"excerpt":{"rendered":"<p>La d\u00e9licieuse vari\u00e9t\u00e9 de g\u00e2teau de mariage de Vision, bien nomm\u00e9e Wedding Cake x Triple OG, est une v\u00e9ritable reine. Elle commence par un ar\u00f4me inoubliable - sucr\u00e9 et acidul\u00e9 avec des touches d'acide pour rendre vos papilles gustatives folles ! Elle se transforme en une grande fleur color\u00e9e qui vous donnera beaucoup d'\u00e9nergie pour la journ\u00e9e. Cette b\u00eate affiche un taux de THC de 25%, alors faites attention \u00e0 vos bouff\u00e9es, mon fr\u00e8re !<\/p>","protected":false},"featured_media":36593,"template":"","meta":[],"product_brand":[],"product_cat":[546,297,549,548,550,552,638],"product_tag":[],"class_list":{"0":"post-36591","1":"product","2":"type-product","3":"status-publish","4":"has-post-thumbnail","6":"product_cat-seedshop","7":"product_cat-all-products","8":"product_cat-feminized-seeds","9":"product_cat-high-thc-seeds","10":"product_cat-seedshop-top-10","11":"product_cat-usa-seeds","12":"product_cat-vision-seeds","13":"product_shipping_class-creditcard-on","15":"first","16":"instock","17":"taxable","18":"shipping-taxable","19":"purchasable","20":"product-type-variable","21":"has-default-attributes"},"_links":{"self":[{"href":"https:\/\/www.tatanka.nl\/fr\/wp-json\/wp\/v2\/product\/36591","targetHints":{"allow":["GET"]}}],"collection":[{"href":"https:\/\/www.tatanka.nl\/fr\/wp-json\/wp\/v2\/product"}],"about":[{"href":"https:\/\/www.tatanka.nl\/fr\/wp-json\/wp\/v2\/types\/product"}],"wp:featuredmedia":[{"embeddable":true,"href":"https:\/\/www.tatanka.nl\/fr\/wp-json\/wp\/v2\/media\/36593"}],"wp:attachment":[{"href":"https:\/\/www.tatanka.nl\/fr\/wp-json\/wp\/v2\/media?parent=36591"}],"wp:term":[{"taxonomy":"product_brand","embeddable":true,"href":"https:\/\/www.tatanka.nl\/fr\/wp-json\/wp\/v2\/product_brand?post=36591"},{"taxonomy":"product_cat","embeddable":true,"href":"https:\/\/www.tatanka.nl\/fr\/wp-json\/wp\/v2\/product_cat?post=36591"},{"taxonomy":"product_tag","embeddable":true,"href":"https:\/\/www.tatanka.nl\/fr\/wp-json\/wp\/v2\/product_tag?post=36591"}],"curies":[{"name":"wp","href":"https:\/\/api.w.org\/{rel}","templated":true}]}}