{"id":36592,"date":"2025-01-30T17:37:16","date_gmt":"2025-01-30T16:37:16","guid":{"rendered":"https:\/\/www.tatanka.nl\/?post_type=product&#038;p=36592"},"modified":"2025-05-16T14:37:19","modified_gmt":"2025-05-16T13:37:19","slug":"white-widow","status":"publish","type":"product","link":"https:\/\/www.tatanka.nl\/fr\/white-widow\/","title":{"rendered":"White Widow - Vision Seeds"},"content":{"rendered":"<h2><span data-sheets-value=\"{&quot;1&quot;:2,&quot;2&quot;:&quot;White Widow&quot;}\" data-sheets-userformat=\"{&quot;2&quot;:6723,&quot;3&quot;:{&quot;1&quot;:0},&quot;4&quot;:{&quot;1&quot;:2,&quot;2&quot;:13228792},&quot;9&quot;:0,&quot;12&quot;:0,&quot;14&quot;:{&quot;1&quot;:2,&quot;2&quot;:0},&quot;15&quot;:&quot;Arial&quot;}\">White Widow <\/span>Graines de cannabis de Vision Seeds<\/h2>\n<p>Si vous avez besoin de vous amuser, c'est la bonne herbe pour votre journ\u00e9e. Fid\u00e8le \u00e0 son nom, la \"White Widow\" \u00e9met une projection intense de trichomes blancs scintillants qui sont bien plus puissants que la plupart des autres vari\u00e9t\u00e9s sur le march\u00e9. Cette vari\u00e9t\u00e9 laissera n'importe quel utilisateur charm\u00e9 et d\u00e9tendu, tout en l'int\u00e9ressant \u00e0 de nouvelles choses ! Elle est \u00e9galement tr\u00e8s efficace pour stimuler l'app\u00e9tit !<\/p>\n<p>Ce n'est pas pour rien que cette plante est appel\u00e9e \"white widow\", avec sa grande quantit\u00e9 de trichomes et sa puissance. Issue d'un croisement de sativa et d'indica, cette vari\u00e9t\u00e9 m\u00e9rite d'\u00eatre l'une de vos pr\u00e9f\u00e9r\u00e9es. Attendez-vous \u00e0 une bouff\u00e9e tr\u00e8s relaxante, avec des effets qui am\u00e9liorent l'humeur, et des pens\u00e9es qui vous poussent \u00e0 essayer de nouvelles choses - le tout sans cette profonde sensation de l\u00e9thargie. Le nom vient peut-\u00eatre de ce que vous \"souhaiterez\" apr\u00e8s la premi\u00e8re fois que nous aurons fait flamber ce b\u00e9b\u00e9 !<\/p>","protected":false},"excerpt":{"rendered":"<p>La puissance relaxante mais \u00e9lev\u00e9e de la vari\u00e9t\u00e9 White Widow de Vision Seeds est exactement ce dont vous avez besoin lorsque vous souhaitez prendre du recul et r\u00e9fl\u00e9chir \u00e0 la vie. Alors que vos impulsions sociales ralentissent gr\u00e2ce \u00e0 cet \u00e9tonnant croisement entre Sativa et Indica, vous vous sentirez plus intrigu\u00e9 \u00e0 l'id\u00e9e d'essayer de nouvelles choses - alors n'ayez pas peur ! Laissez-vous surprendre par la vue de ses trichomes blancs. V\u00e9ritablement un classique du cannabis de la vieille \u00e9cole qui est toujours parfait pour toutes les situations, elle n'h\u00e9siterait pas \u00e0 vous aider \u00e0 soulager ce mal de t\u00eate ennuyeux ou \u00e0 vous faire passer \u00e0 l'\u00e9tape suivante dans le monde des d\u00e9sirs alimentaires.<\/p>","protected":false},"featured_media":36594,"template":"","meta":[],"product_brand":[],"product_cat":[546,297,549,548,638],"product_tag":[],"class_list":{"0":"post-36592","1":"product","2":"type-product","3":"status-publish","4":"has-post-thumbnail","6":"product_cat-seedshop","7":"product_cat-all-products","8":"product_cat-feminized-seeds","9":"product_cat-high-thc-seeds","10":"product_cat-vision-seeds","11":"product_shipping_class-creditcard-on","13":"first","14":"instock","15":"taxable","16":"shipping-taxable","17":"purchasable","18":"product-type-variable","19":"has-default-attributes"},"_links":{"self":[{"href":"https:\/\/www.tatanka.nl\/fr\/wp-json\/wp\/v2\/product\/36592","targetHints":{"allow":["GET"]}}],"collection":[{"href":"https:\/\/www.tatanka.nl\/fr\/wp-json\/wp\/v2\/product"}],"about":[{"href":"https:\/\/www.tatanka.nl\/fr\/wp-json\/wp\/v2\/types\/product"}],"wp:featuredmedia":[{"embeddable":true,"href":"https:\/\/www.tatanka.nl\/fr\/wp-json\/wp\/v2\/media\/36594"}],"wp:attachment":[{"href":"https:\/\/www.tatanka.nl\/fr\/wp-json\/wp\/v2\/media?parent=36592"}],"wp:term":[{"taxonomy":"product_brand","embeddable":true,"href":"https:\/\/www.tatanka.nl\/fr\/wp-json\/wp\/v2\/product_brand?post=36592"},{"taxonomy":"product_cat","embeddable":true,"href":"https:\/\/www.tatanka.nl\/fr\/wp-json\/wp\/v2\/product_cat?post=36592"},{"taxonomy":"product_tag","embeddable":true,"href":"https:\/\/www.tatanka.nl\/fr\/wp-json\/wp\/v2\/product_tag?post=36592"}],"curies":[{"name":"wp","href":"https:\/\/api.w.org\/{rel}","templated":true}]}}