{"id":37821,"date":"2021-12-01T14:33:13","date_gmt":"2021-12-01T12:33:13","guid":{"rendered":"https:\/\/www.tatanka.nl\/?post_type=product&#038;p=37821"},"modified":"2025-05-20T08:39:25","modified_gmt":"2025-05-20T07:39:25","slug":"mdnx-partypills","status":"publish","type":"product","link":"https:\/\/www.tatanka.nl\/fr\/mdnx-partypills\/","title":{"rendered":"MDNX Partypills"},"content":{"rendered":"<h2 data-start=\"0\" data-end=\"16\">Qu'est-ce que le MDNX ?<\/h2>\n<p data-start=\"18\" data-end=\"439\">MDNX est un compl\u00e9ment naturel con\u00e7u pour am\u00e9liorer l'exp\u00e9rience des f\u00eatards. Il procure un regain d'\u00e9nergie, stimule la joie de vivre et favorise les interactions sociales. Compos\u00e9 d'ingr\u00e9dients naturels, MDNX fonctionne en harmonie avec votre corps, offrant une alternative s\u00fbre aux stimulants artificiels. Que vous soyez dans un festival ou dans une r\u00e9union intime, MDNX vous permet de rester \u00e9nergique et engag\u00e9 tout au long de l'\u00e9v\u00e9nement.<\/p>\n<p data-start=\"441\" data-end=\"802\">Les effets du MDNX comprennent un regain d'\u00e9nergie intense, une connectivit\u00e9 \u00e9motionnelle accrue et un \u00e9tat euphorique g\u00e9n\u00e9ral. Gr\u00e2ce \u00e0 un m\u00e9lange unique d'extraits de plantes et d'acides amin\u00e9s, il soutient l'endurance mentale et physique, vous aidant \u00e0 rester dans le moment pr\u00e9sent sans vous effondrer plus tard. MDNX transforme vos nuits en exp\u00e9riences inoubliables, pleines de joie et de vitalit\u00e9.<\/p>\n<h2 data-start=\"804\" data-end=\"826\">L'histoire de MDNX<\/h2>\n<p data-start=\"828\" data-end=\"1021\">Le MDNX a \u00e9t\u00e9 cr\u00e9\u00e9 comme une alternative naturelle aux stimulants synth\u00e9tiques. De nombreux f\u00eatards ont longtemps cherch\u00e9 des moyens d'\u00e9lever leur exp\u00e9rience sans les effets secondaires nocifs des substances artificielles.<\/p>\n<p data-start=\"1023\" data-end=\"1406\">Le d\u00e9veloppement du MDNX a combin\u00e9 des rem\u00e8des anciens \u00e0 base de plantes avec la recherche scientifique moderne. Des ingr\u00e9dients tels que le maca, le kanna et le gingembre sont utilis\u00e9s depuis des si\u00e8cles pour leurs propri\u00e9t\u00e9s stimulantes en termes d'\u00e9nergie et d'humeur. En r\u00e9unissant ces ingr\u00e9dients puissants, MDNX soutient \u00e0 la fois le corps et l'esprit, permettant aux utilisateurs de profiter de leur nuit sans s'inqui\u00e9ter d'une baisse de r\u00e9gime le lendemain.<\/p>\n<h2 data-start=\"1408\" data-end=\"1426\">Comment utiliser MDNX<\/h2>\n<p data-start=\"1428\" data-end=\"1643\">Pour obtenir les meilleurs r\u00e9sultats, prenez 1 \u00e0 2 g\u00e9lules environ 30 minutes avant l'effet d\u00e9sir\u00e9. Si n\u00e9cessaire, vous pouvez augmenter la dose jusqu'\u00e0 un maximum de 4 g\u00e9lules dans les 24 heures, mais ne d\u00e9passez pas la quantit\u00e9 recommand\u00e9e.<\/p>\n<p data-start=\"1645\" data-end=\"1972\">MDNX est con\u00e7u pour une utilisation responsable et fonctionne mieux lorsqu'il est associ\u00e9 \u00e0 l'hydratation et \u00e0 un r\u00e9gime alimentaire \u00e9quilibr\u00e9. Que vous dansiez lors d'un festival, que vous vous r\u00e9unissiez avec des amis ou que vous sortiez le soir, MDNX vous permettra de donner le meilleur de vous-m\u00eame. Restez toujours \u00e0 l'\u00e9coute de votre corps et consommez MDNX avec mod\u00e9ration pour profiter pleinement de la f\u00eate.<\/p>\n<h2 data-start=\"1974\" data-end=\"1996\">Ingr\u00e9dients de MDNX<\/h2>\n<p data-start=\"1998\" data-end=\"2123\">MDNX est compos\u00e9 d'un m\u00e9lange soigneusement s\u00e9lectionn\u00e9 d'ingr\u00e9dients naturels qui agissent ensemble pour am\u00e9liorer l'\u00e9nergie, l'humeur et la concentration :<\/p>\n<ul data-start=\"2125\" data-end=\"3093\">\n<li data-start=\"2125\" data-end=\"2323\"><strong data-start=\"2127\" data-end=\"2135\">Maca<\/strong>: Racine p\u00e9ruvienne connue pour ses propri\u00e9t\u00e9s adaptog\u00e8nes. Elle augmente l'endurance, stimule l'humeur et am\u00e9liore le bien-\u00eatre g\u00e9n\u00e9ral tout en \u00e9quilibrant les hormones pour une exp\u00e9rience plus stable et plus agr\u00e9able.<\/li>\n<li data-start=\"2324\" data-end=\"2502\"><strong data-start=\"2326\" data-end=\"2336\">Gingembre<\/strong>: Une racine puissante qui favorise la digestion, r\u00e9duit les naus\u00e9es et a des effets anti-inflammatoires. Le gingembre aide \u00e0 maintenir le niveau d'\u00e9nergie et la vigilance tout au long de la nuit.<\/li>\n<li data-start=\"2503\" data-end=\"2696\"><strong data-start=\"2505\" data-end=\"2532\">DL-Ph\u00e9nylalanine (DLPA)<\/strong>: Un acide amin\u00e9 qui aide \u00e0 r\u00e9guler l'humeur en influen\u00e7ant les neurotransmetteurs comme la dopamine et les endorphines. Il am\u00e9liore la concentration, la vigilance et le sentiment de bonheur.<\/li>\n<li data-start=\"2697\" data-end=\"2887\"><strong data-start=\"2699\" data-end=\"2711\">Caf\u00e9ine<\/strong>: Un stimulant naturel qui augmente l'\u00e9nergie et la vigilance. La caf\u00e9ine augmente l'endurance et amplifie les effets des autres ingr\u00e9dients, ce qui permet de rester actif plus longtemps.<\/li>\n<li data-start=\"2888\" data-end=\"3093\"><strong data-start=\"2890\" data-end=\"2899\">Kanna<\/strong>: Plante d'Afrique du Sud connue pour ses propri\u00e9t\u00e9s stimulant l'humeur. Elle augmente les niveaux de s\u00e9rotonine, r\u00e9duit l'anxi\u00e9t\u00e9 et favorise la connectivit\u00e9 sociale, rendant les interactions plus agr\u00e9ables et sans effort.<\/li>\n<\/ul>\n<p data-start=\"3095\" data-end=\"3105\"><strong>Avertissement<\/strong><\/p>\n<p data-start=\"3107\" data-end=\"3563\" data-is-last-node=\"\">MDNX est un compl\u00e9ment alimentaire et ne doit pas remplacer un r\u00e9gime alimentaire vari\u00e9. Tenir hors de port\u00e9e des enfants et n'utiliser que pour les personnes \u00e2g\u00e9es de plus de 18 ans. Ne pas combiner le MDNX avec des m\u00e9dicaments, d'autres stimulants ou si vous souffrez de probl\u00e8mes cardiaques, d'hypertension ou d'hypotension, de troubles de la thyro\u00efde, de maladies r\u00e9nales, de d\u00e9pression, d'anxi\u00e9t\u00e9 ou d'autres probl\u00e8mes de sant\u00e9 physique ou mentale. \u00c9vitez la consommation excessive d'alcool. En cas de doute, consultez votre m\u00e9decin avant d'utiliser le produit.<\/p>","protected":false},"excerpt":{"rendered":"<p>Vous avez besoin d'un coup de pouce suppl\u00e9mentaire pour faire passer votre soir\u00e9e au niveau sup\u00e9rieur ? MDNX est une pilule festive naturelle con\u00e7ue pour amplifier votre \u00e9nergie, remonter votre humeur et vous permettre de tenir toute la nuit. Gr\u00e2ce \u00e0 un m\u00e9lange d'ingr\u00e9dients naturels soigneusement choisis, MDNX procure des sensations euphoriques tout en vous permettant de garder le contr\u00f4le. Dites adieu \u00e0 la gueule de bois et bonjour au plaisir pur.<\/p>","protected":false},"featured_media":37829,"template":"","meta":[],"product_brand":[],"product_cat":[535,297,385,527,513,525,476],"product_tag":[],"class_list":{"0":"post-37821","1":"product","2":"type-product","3":"status-publish","4":"has-post-thumbnail","6":"product_cat-dnx","7":"product_cat-all-products","8":"product_cat-buy-xtc","9":"product_cat-energy-pills","10":"product_cat-party","11":"product_cat-party-pills","12":"product_cat-smartshop","14":"first","15":"instock","16":"taxable","17":"shipping-taxable","18":"purchasable","19":"product-type-variable","20":"has-default-attributes"},"_links":{"self":[{"href":"https:\/\/www.tatanka.nl\/fr\/wp-json\/wp\/v2\/product\/37821","targetHints":{"allow":["GET"]}}],"collection":[{"href":"https:\/\/www.tatanka.nl\/fr\/wp-json\/wp\/v2\/product"}],"about":[{"href":"https:\/\/www.tatanka.nl\/fr\/wp-json\/wp\/v2\/types\/product"}],"wp:featuredmedia":[{"embeddable":true,"href":"https:\/\/www.tatanka.nl\/fr\/wp-json\/wp\/v2\/media\/37829"}],"wp:attachment":[{"href":"https:\/\/www.tatanka.nl\/fr\/wp-json\/wp\/v2\/media?parent=37821"}],"wp:term":[{"taxonomy":"product_brand","embeddable":true,"href":"https:\/\/www.tatanka.nl\/fr\/wp-json\/wp\/v2\/product_brand?post=37821"},{"taxonomy":"product_cat","embeddable":true,"href":"https:\/\/www.tatanka.nl\/fr\/wp-json\/wp\/v2\/product_cat?post=37821"},{"taxonomy":"product_tag","embeddable":true,"href":"https:\/\/www.tatanka.nl\/fr\/wp-json\/wp\/v2\/product_tag?post=37821"}],"curies":[{"name":"wp","href":"https:\/\/api.w.org\/{rel}","templated":true}]}}