{"id":37822,"date":"2021-12-01T14:33:13","date_gmt":"2021-12-01T12:33:13","guid":{"rendered":"https:\/\/www.tatanka.nl\/?post_type=product&#038;p=37822"},"modified":"2025-05-20T08:39:33","modified_gmt":"2025-05-20T07:39:33","slug":"lemonx-partypills","status":"publish","type":"product","link":"https:\/\/www.tatanka.nl\/fr\/lemonx-partypills\/","title":{"rendered":"LemonX Partypills"},"content":{"rendered":"<h2>4 LemonX Partypills<\/h2>\n<p>LimonX n'est pas seulement un \u00e9nergisant pour les f\u00eatards, mais aussi un stimulant social. Les utilisateurs d\u00e9clarent avoir l'impression de faire partie de la foule des f\u00eatards et de pouvoir surmonter tous les obstacles qui se pr\u00e9sentent \u00e0 eux !<\/p>\n<p>LemonX est l'animateur de toutes les f\u00eates. Avec quelques pilules, vous pouvez profiter de plusieurs heures d'\u00e9nergie et d'excitation lors de votre prochain \u00e9v\u00e9nement. La formule am\u00e9lior\u00e9e de LemonX garantit que, quelle que soit la dur\u00e9e de la soir\u00e9e, ou ce qui se passe entre les deux, ce sera une soir\u00e9e endiabl\u00e9e !<\/p>\n<p>Toute l'\u00e9nergie dont vous avez besoin pour une exp\u00e9rience festive intense se trouve dans ces petites capsules d'extasy nitro ! La plupart des utilisateurs d\u00e9crivent Lemon X comme ayant un effet euphorique et rapide, c'est donc un moyen parfait pour se d\u00e9tendre lors d'une soir\u00e9e. Il s'agit d'une formule \u00e9nerg\u00e9tique enti\u00e8rement naturelle qui peut \u00eatre m\u00e9lang\u00e9e avec de l'alcool, c'est pourquoi 1 \u00e0 4 pilules devraient faire l'affaire lorsque vous cherchez \u00e0 vous soulager de vos probl\u00e8mes.<\/p>","protected":false},"excerpt":{"rendered":"<p>Lemon X est la pilule festive parfaite pour rester \u00e9veill\u00e9 et \u00e9nergis\u00e9. Les effets sont si puissants que vous aurez l'impression d'\u00eatre votre propre DJ, la musique devenant plus agr\u00e9able que jamais !<\/p>","protected":false},"featured_media":37832,"template":"","meta":[],"product_brand":[],"product_cat":[535,297,385,527,513,525,476],"product_tag":[],"class_list":{"0":"post-37822","1":"product","2":"type-product","3":"status-publish","4":"has-post-thumbnail","6":"product_cat-dnx","7":"product_cat-all-products","8":"product_cat-buy-xtc","9":"product_cat-energy-pills","10":"product_cat-party","11":"product_cat-party-pills","12":"product_cat-smartshop","14":"first","15":"instock","16":"taxable","17":"shipping-taxable","18":"purchasable","19":"product-type-variable","20":"has-default-attributes"},"_links":{"self":[{"href":"https:\/\/www.tatanka.nl\/fr\/wp-json\/wp\/v2\/product\/37822","targetHints":{"allow":["GET"]}}],"collection":[{"href":"https:\/\/www.tatanka.nl\/fr\/wp-json\/wp\/v2\/product"}],"about":[{"href":"https:\/\/www.tatanka.nl\/fr\/wp-json\/wp\/v2\/types\/product"}],"wp:featuredmedia":[{"embeddable":true,"href":"https:\/\/www.tatanka.nl\/fr\/wp-json\/wp\/v2\/media\/37832"}],"wp:attachment":[{"href":"https:\/\/www.tatanka.nl\/fr\/wp-json\/wp\/v2\/media?parent=37822"}],"wp:term":[{"taxonomy":"product_brand","embeddable":true,"href":"https:\/\/www.tatanka.nl\/fr\/wp-json\/wp\/v2\/product_brand?post=37822"},{"taxonomy":"product_cat","embeddable":true,"href":"https:\/\/www.tatanka.nl\/fr\/wp-json\/wp\/v2\/product_cat?post=37822"},{"taxonomy":"product_tag","embeddable":true,"href":"https:\/\/www.tatanka.nl\/fr\/wp-json\/wp\/v2\/product_tag?post=37822"}],"curies":[{"name":"wp","href":"https:\/\/api.w.org\/{rel}","templated":true}]}}