{"id":37823,"date":"2021-12-01T14:33:13","date_gmt":"2021-12-01T12:33:13","guid":{"rendered":"https:\/\/www.tatanka.nl\/?post_type=product&#038;p=37823"},"modified":"2026-01-08T00:48:39","modified_gmt":"2026-01-07T23:48:39","slug":"ultimatex-partypills","status":"publish","type":"product","link":"https:\/\/www.tatanka.nl\/fr\/ultimatex-partypills\/","title":{"rendered":"UltimateX Partypills"},"content":{"rendered":"<h2 data-start=\"0\" data-end=\"21\">Qu'est-ce que le UltimateX ?<\/h2>\n<p data-start=\"23\" data-end=\"566\">UltimateX est un stimulant \u00e9nerg\u00e9tique naturel con\u00e7u pour am\u00e9liorer votre exp\u00e9rience de la f\u00eate. Que vous soyez dans un festival, un club ou une f\u00eate priv\u00e9e, ces pilules fournissent la combinaison parfaite d'\u00e9nergie et d'euphorie pour vous permettre de continuer \u00e0 vivre. Inspir\u00e9 par les bonbons classiques \"salmiak\", UltimateX fournit un coup de fouet puissant sans les effets secondaires ind\u00e9sirables des stimulants traditionnels. Gr\u00e2ce \u00e0 un m\u00e9lange soigneusement s\u00e9lectionn\u00e9 d'ingr\u00e9dients naturels, cette alternative l\u00e9gale au XTC vous permet de rester \u00e9nergique, concentr\u00e9 et totalement immerg\u00e9 dans le moment pr\u00e9sent, rendant chaque nuit inoubliable.<\/p>\n<h2 data-start=\"568\" data-end=\"595\">L'histoire de UltimateX<\/h2>\n<p data-start=\"597\" data-end=\"1183\">UltimateX a \u00e9t\u00e9 cr\u00e9\u00e9 pour ceux qui vivent la vie \u00e0 fond et qui ont besoin d'un coup de pouce suppl\u00e9mentaire pour suivre le rythme. S'inspirant des traditions \u00e0 base de plantes et de la culture festive moderne, DNX a d\u00e9velopp\u00e9 cette formule pour fournir un moyen l\u00e9gal et naturel d'am\u00e9liorer l'\u00e9nergie et l'humeur. La demande de stimulants d'origine v\u00e9g\u00e9tale s'est accrue et les innovations en mati\u00e8re de compl\u00e9ments \u00e9nerg\u00e9tiques ont suivi. En combinant des super-aliments anciens comme la maca et le kratom avec des nootropiques modernes, UltimateX comble le foss\u00e9 entre le bien-\u00eatre naturel et la vie nocturne \u00e0 haute \u00e9nergie, en offrant un produit adapt\u00e9 aux amateurs de f\u00eates du monde entier.<\/p>\n<h2 data-start=\"1185\" data-end=\"1208\">Comment utiliser UltimateX<\/h2>\n<p data-start=\"1210\" data-end=\"1741\">Pour obtenir les meilleurs r\u00e9sultats, prenez 1 \u00e0 2 comprim\u00e9s environ 30 minutes avant le moment o\u00f9 vous souhaitez que les effets se fassent sentir. Si n\u00e9cessaire, vous pouvez augmenter la dose jusqu'\u00e0 un maximum de 4 comprim\u00e9s dans les 24 heures. Les effets peuvent varier d'une personne \u00e0 l'autre mais durent g\u00e9n\u00e9ralement plusieurs heures, procurant une \u00e9nergie soutenue et une sensation d'euphorie accrue. \u00c9vitez de d\u00e9passer la dose recommand\u00e9e pour garantir une exp\u00e9rience s\u00fbre et agr\u00e9able. Prenez toujours le UltimateX avec de l'eau et \u00e9vitez de le m\u00e9langer avec d'autres stimulants, de l'alcool ou des m\u00e9dicaments afin d'\u00e9viter les interactions ind\u00e9sirables.<\/p>\n<h2 data-start=\"1743\" data-end=\"1770\">Ingr\u00e9dients de UltimateX<\/h2>\n<p data-start=\"1772\" data-end=\"1883\">UltimateX contient un m\u00e9lange unique d'ingr\u00e9dients naturels qui agissent ensemble pour am\u00e9liorer l'\u00e9nergie, la concentration et l'humeur :<\/p>\n<ul data-start=\"1885\" data-end=\"2442\">\n<li data-start=\"1885\" data-end=\"1988\"><strong data-start=\"1887\" data-end=\"1895\">Maca<\/strong>: Un adaptog\u00e8ne puissant connu pour augmenter l'endurance, \u00e9quilibrer les hormones et stimuler la libido.<\/li>\n<li data-start=\"1989\" data-end=\"2068\"><strong data-start=\"1991\" data-end=\"2001\">Gingembre<\/strong>: Aide \u00e0 la digestion, r\u00e9duit les naus\u00e9es et soutient les niveaux d'\u00e9nergie.<\/li>\n<li data-start=\"2069\" data-end=\"2208\"><strong data-start=\"2071\" data-end=\"2091\">DL-Ph\u00e9nylalanine<\/strong>: Un acide amin\u00e9 qui aide \u00e0 r\u00e9guler l'humeur et \u00e0 am\u00e9liorer la vigilance en influen\u00e7ant la production de dopamine et d'endorphine.<\/li>\n<li data-start=\"2209\" data-end=\"2313\"><strong data-start=\"2211\" data-end=\"2223\">Caf\u00e9ine<\/strong>: Un stimulant bien connu qui augmente l'\u00e9nergie et la vigilance, vous aidant \u00e0 rester actif plus longtemps.<\/li>\n<li data-start=\"2314\" data-end=\"2442\"><strong data-start=\"2316\" data-end=\"2326\">Kratom<\/strong>: Plante tropicale aux propri\u00e9t\u00e9s naturelles \u00e9nergisantes et anti-douleur, procurant un effet \u00e9quilibr\u00e9 et stimulant.<\/li>\n<\/ul>\n<p data-start=\"2444\" data-end=\"2665\">Ces ingr\u00e9dients soigneusement s\u00e9lectionn\u00e9s agissent en synergie pour cr\u00e9er une formule puissante et naturelle qui favorise l'endurance, la vigilance et l'am\u00e9lioration de l'humeur, faisant de UltimateX le compl\u00e9ment parfait de votre routine de f\u00eate.<\/p>\n<p data-start=\"2667\" data-end=\"2677\"><strong>Avertissement<\/strong><\/p>\n<p data-start=\"2679\" data-end=\"3116\" data-is-last-node=\"\">UltimateX est un compl\u00e9ment alimentaire et ne doit pas \u00eatre utilis\u00e9 comme substitut d'un r\u00e9gime alimentaire \u00e9quilibr\u00e9. Tenir hors de port\u00e9e des enfants. L'utilisation de ce produit est r\u00e9serv\u00e9e aux personnes \u00e2g\u00e9es de 18 ans et plus. Ne pas utiliser en cas d'hypertension ou d'hypotension, de probl\u00e8mes cardiaques, de troubles thyro\u00efdiens, de maladies r\u00e9nales, de d\u00e9pression, de troubles nerveux ou de prise d'inhibiteurs de la MAO. \u00c9vitez la consommation excessive d'alcool pendant l'utilisation de ce produit. Consulter un m\u00e9decin en cas de doute.<\/p>","protected":false},"excerpt":{"rendered":"<p>Vous \u00eates \u00e0 la recherche d'un regain d'\u00e9nergie qui rendra votre f\u00eate inoubliable ? UltimateX est la pilule \u00e9nerg\u00e9tique naturelle qui vous fera danser jusqu'au lever du soleil. Son m\u00e9lange unique d'ingr\u00e9dients am\u00e9liore l'endurance et l'euphorie, faisant de chaque \u00e9v\u00e9nement une exp\u00e9rience dont vous vous souviendrez.<\/p>","protected":false},"featured_media":37835,"template":"","meta":[],"product_brand":[],"product_cat":[535,297,385,527,513,525,476],"product_tag":[],"class_list":{"0":"post-37823","1":"product","2":"type-product","3":"status-publish","4":"has-post-thumbnail","6":"product_cat-dnx","7":"product_cat-all-products","8":"product_cat-buy-xtc","9":"product_cat-energy-pills","10":"product_cat-party","11":"product_cat-party-pills","12":"product_cat-smartshop","14":"first","15":"instock","16":"taxable","17":"shipping-taxable","18":"purchasable","19":"product-type-variable","20":"has-default-attributes"},"_links":{"self":[{"href":"https:\/\/www.tatanka.nl\/fr\/wp-json\/wp\/v2\/product\/37823","targetHints":{"allow":["GET"]}}],"collection":[{"href":"https:\/\/www.tatanka.nl\/fr\/wp-json\/wp\/v2\/product"}],"about":[{"href":"https:\/\/www.tatanka.nl\/fr\/wp-json\/wp\/v2\/types\/product"}],"wp:featuredmedia":[{"embeddable":true,"href":"https:\/\/www.tatanka.nl\/fr\/wp-json\/wp\/v2\/media\/37835"}],"wp:attachment":[{"href":"https:\/\/www.tatanka.nl\/fr\/wp-json\/wp\/v2\/media?parent=37823"}],"wp:term":[{"taxonomy":"product_brand","embeddable":true,"href":"https:\/\/www.tatanka.nl\/fr\/wp-json\/wp\/v2\/product_brand?post=37823"},{"taxonomy":"product_cat","embeddable":true,"href":"https:\/\/www.tatanka.nl\/fr\/wp-json\/wp\/v2\/product_cat?post=37823"},{"taxonomy":"product_tag","embeddable":true,"href":"https:\/\/www.tatanka.nl\/fr\/wp-json\/wp\/v2\/product_tag?post=37823"}],"curies":[{"name":"wp","href":"https:\/\/api.w.org\/{rel}","templated":true}]}}