{"id":42171,"date":"2022-03-08T11:57:02","date_gmt":"2022-03-08T09:57:02","guid":{"rendered":"https:\/\/www.tatanka.nl\/product\/green-borneo-kratom\/"},"modified":"2025-11-18T15:37:51","modified_gmt":"2025-11-18T14:37:51","slug":"green-borneo-kratom","status":"publish","type":"product","link":"https:\/\/www.tatanka.nl\/fr\/green-borneo-kratom\/","title":{"rendered":"Green Borneo Kratom"},"content":{"rendered":"<h2 data-start=\"0\" data-end=\"40\">Qu'est-ce que Kratopia Green Borneo Kratom ?<\/h2>\n<p data-start=\"42\" data-end=\"795\">Kratopia Green Borneo Kratom est une vari\u00e9t\u00e9 douce et \u00e9nergisante originaire de l'\u00eele de Born\u00e9o en Asie du Sud-Est. Contrairement \u00e0 ses homologues rouges et blanches plus puissantes, la Green Borneo offre un effet \u00e9quilibr\u00e9 qui favorise la concentration et la motivation sans submerger l'utilisateur. Cette vari\u00e9t\u00e9 est connue pour son profil alcalo\u00efde complexe, qui contribue \u00e0 ses propri\u00e9t\u00e9s stimulantes, ce qui en fait un excellent choix pour ceux qui recherchent un regain d'\u00e9nergie naturel et un sentiment de bien-\u00eatre. Souvent consomm\u00e9 sous forme de th\u00e9, le Green Borneo est facile \u00e0 incorporer dans la routine quotidienne et constitue une option polyvalente pour les utilisateurs de kratom, qu'ils soient nouveaux ou exp\u00e9riment\u00e9s. Il offre une exp\u00e9rience plus douce et plus contr\u00f4l\u00e9e, ce qui en fait une alternative populaire \u00e0 la caf\u00e9ine pour maintenir la vigilance tout au long de la journ\u00e9e.<\/p>\n<h2 data-start=\"797\" data-end=\"839\">Historique de Kratopia Green Borneo Kratom<\/h2>\n<p data-start=\"841\" data-end=\"1704\">L'histoire de Green Borneo Kratom est profond\u00e9ment enracin\u00e9e dans les pratiques traditionnelles de l'Asie du Sud-Est, en particulier sur l'\u00eele de Born\u00e9o. Les populations indig\u00e8nes utilisent depuis longtemps le kratom pour ses bienfaits m\u00e9dicinaux, se fiant \u00e0 ses propri\u00e9t\u00e9s pour traiter une vari\u00e9t\u00e9 de maux. Le kratom vert de Born\u00e9o, en particulier, est reconnu pour sa capacit\u00e9 \u00e0 offrir des effets \u00e0 la fois stimulants et relaxants. Le climat tropical et humide de Born\u00e9o est id\u00e9al pour cultiver du kratom de haute qualit\u00e9, et la r\u00e9gion est devenue c\u00e9l\u00e8bre au sein de la communaut\u00e9 mondiale du kratom pour la production de cette vari\u00e9t\u00e9 unique. Bien que les vari\u00e9t\u00e9s de kratom rouge et blanc soient plus connues, le Green Borneo a gagn\u00e9 en popularit\u00e9 gr\u00e2ce \u00e0 ses effets \u00e9quilibr\u00e9s. Sa polyvalence et sa puissance mod\u00e9r\u00e9e en ont fait un produit de base dans la communaut\u00e9 de recherche sur le kratom et parmi les consommateurs \u00e0 la recherche d'une exp\u00e9rience plus raffin\u00e9e.<\/p>\n<h2 data-start=\"1706\" data-end=\"1748\">Comment utiliser Kratopia Green Borneo Kratom<\/h2>\n<p data-start=\"1750\" data-end=\"2714\">La fa\u00e7on la plus courante de consommer le Kratopia Green Borneo Kratom est de le pr\u00e9parer sous forme de th\u00e9. Pour pr\u00e9parer le th\u00e9, dissoudre 4 \u00e0 5 grammes de poudre de Green Borneo Kratom dans de l'eau chaude (entre 70 et 95 degr\u00e9s Celsius). Laisser infuser le th\u00e9 pendant 3 \u00e0 5 minutes, afin que les alcalo\u00efdes se r\u00e9pandent dans l'eau. Apr\u00e8s l'infusion, il n'est pas n\u00e9cessaire de filtrer le th\u00e9 : il suffit de boire la totalit\u00e9 du m\u00e9lange. De nombreux utilisateurs rehaussent la saveur du th\u00e9 en y ajoutant du miel ou du sirop. Si vous \u00eates novice en mati\u00e8re de Born\u00e9o vert, il est pr\u00e9f\u00e9rable de commencer par un dosage plus faible et de l'ajuster progressivement en fonction de la r\u00e9action de votre corps. Un dosage typique de 4 \u00e0 5 grammes est g\u00e9n\u00e9ralement suffisant pour obtenir un effet l\u00e9ger et \u00e9nergisant. Comme les effets peuvent varier en fonction de facteurs tels que le poids corporel et la puissance du kratom, il est toujours recommand\u00e9 de commencer lentement et de trouver progressivement la quantit\u00e9 qui vous convient. Green Borneo Kratom est un choix id\u00e9al pour ceux qui veulent une \u00e9nergie douce et naturelle sans les effets secondaires de la caf\u00e9ine.<\/p>\n<h2 data-start=\"2716\" data-end=\"2762\">Ingr\u00e9dients de Kratopia Green Borneo Kratom<\/h2>\n<p data-start=\"2764\" data-end=\"3609\">L'ingr\u00e9dient principal de Kratopia Green Borneo Kratom est la Mitragyna speciosa, un arbre tropical originaire d'Asie du Sud-Est. Les feuilles de cet arbre contiennent de puissants alcalo\u00efdes, en particulier la Mitragynine, qui est responsable des effets \u00e9nergisants de la vari\u00e9t\u00e9. Le Green Borneo se distingue par son profil d'alcalo\u00efdes bien \u00e9quilibr\u00e9, offrant une stimulation mod\u00e9r\u00e9e sans \u00eatre trop intense. Compar\u00e9 \u00e0 d'autres vari\u00e9t\u00e9s de kratom, Green Borneo contient plus de Mitragynine, ce qui contribue \u00e0 son impact doux mais efficace. Les feuilles sont r\u00e9colt\u00e9es avec soin et subissent un traitement minimal pour pr\u00e9server leur teneur naturelle en alcalo\u00efdes. Cette composition \u00e9quilibr\u00e9e fait de Green Borneo Kratom un choix fiable et populaire parmi les d\u00e9butants et les utilisateurs exp\u00e9riment\u00e9s, offrant une exp\u00e9rience coh\u00e9rente qui peut am\u00e9liorer la concentration, l'\u00e9nergie et le bien-\u00eatre g\u00e9n\u00e9ral.<\/p>\n<p data-start=\"3611\" data-end=\"3621\"><strong>Avertissement<\/strong><\/p>\n<p data-start=\"3623\" data-end=\"3947\" data-is-last-node=\"\">La vente et l'utilisation de Kratopia Green Borneo Kratom sont interdites aux personnes de moins de 18 ans. Tenir hors de port\u00e9e des enfants. Ne pas utiliser si vous souffrez d'hypertension ou d'hypotension, de probl\u00e8mes cardiaques ou pulmonaires, de diab\u00e8te, si vous \u00eates enceinte ou si vous prenez des m\u00e9dicaments, des drogues ou de l'alcool. Consultez toujours un professionnel de la sant\u00e9 avant d'utiliser ce produit.<\/p>","protected":false},"excerpt":{"rendered":"<p>Green Borneo Kratom est une vari\u00e9t\u00e9 de kratom Green Vein qui revitalise et r\u00e9duit la fatigue. Elle est appr\u00e9ci\u00e9e par ceux qui recherchent un m\u00e9lange de relaxation et d'\u00e9nergie. Le kratom de Born\u00e9o est un choix parfait pour ceux qui recherchent une vari\u00e9t\u00e9 de kratom de force moyenne pour l'apr\u00e8s-midi, afin d'apaiser le stress sans perdre trop de productivit\u00e9.<\/p>","protected":false},"featured_media":126064,"template":"","meta":[],"product_brand":[],"product_cat":[599,297,512,477,509,510,511,476],"product_tag":[],"class_list":{"0":"post-42171","1":"product","2":"type-product","3":"status-publish","4":"has-post-thumbnail","6":"product_cat-kratopia","7":"product_cat-all-products","8":"product_cat-extracts","9":"product_cat-herbs","10":"product_cat-kratom","11":"product_cat-relax","12":"product_cat-relax-herbs","13":"product_cat-smartshop","14":"product_shipping_class-creditcard-off","16":"first","17":"instock","18":"taxable","19":"shipping-taxable","20":"purchasable","21":"product-type-variable","22":"has-default-attributes"},"_links":{"self":[{"href":"https:\/\/www.tatanka.nl\/fr\/wp-json\/wp\/v2\/product\/42171","targetHints":{"allow":["GET"]}}],"collection":[{"href":"https:\/\/www.tatanka.nl\/fr\/wp-json\/wp\/v2\/product"}],"about":[{"href":"https:\/\/www.tatanka.nl\/fr\/wp-json\/wp\/v2\/types\/product"}],"wp:featuredmedia":[{"embeddable":true,"href":"https:\/\/www.tatanka.nl\/fr\/wp-json\/wp\/v2\/media\/126064"}],"wp:attachment":[{"href":"https:\/\/www.tatanka.nl\/fr\/wp-json\/wp\/v2\/media?parent=42171"}],"wp:term":[{"taxonomy":"product_brand","embeddable":true,"href":"https:\/\/www.tatanka.nl\/fr\/wp-json\/wp\/v2\/product_brand?post=42171"},{"taxonomy":"product_cat","embeddable":true,"href":"https:\/\/www.tatanka.nl\/fr\/wp-json\/wp\/v2\/product_cat?post=42171"},{"taxonomy":"product_tag","embeddable":true,"href":"https:\/\/www.tatanka.nl\/fr\/wp-json\/wp\/v2\/product_tag?post=42171"}],"curies":[{"name":"wp","href":"https:\/\/api.w.org\/{rel}","templated":true}]}}