{"id":42173,"date":"2022-03-08T11:57:02","date_gmt":"2022-03-08T09:57:02","guid":{"rendered":"https:\/\/www.tatanka.nl\/product\/red-bali-kratom\/"},"modified":"2025-11-18T15:37:52","modified_gmt":"2025-11-18T14:37:52","slug":"red-bali-kratom","status":"publish","type":"product","link":"https:\/\/www.tatanka.nl\/fr\/red-bali-kratom\/","title":{"rendered":"Red Bali Kratom"},"content":{"rendered":"<h2 data-start=\"0\" data-end=\"36\">Qu'est-ce que Kratopia Red Bali Kratom ?<\/h2>\n<p data-start=\"38\" data-end=\"756\">Kratopia Red Bali Kratom est une vari\u00e9t\u00e9 tr\u00e8s populaire connue pour ses effets \u00e9quilibr\u00e9s, ce qui en fait un choix id\u00e9al pour les d\u00e9butants. Elle offre une exp\u00e9rience \u00e9quilibr\u00e9e, agissant \u00e0 la fois comme un stimulant de l'humeur et un doux soulagement de la douleur. La Red Bali Kratom est appr\u00e9ci\u00e9e pour son go\u00fbt doux, moins amer que celui de nombreuses autres vari\u00e9t\u00e9s, ce qui la rend plus agr\u00e9able pour les nouveaux utilisateurs. Elle est couramment utilis\u00e9e pour am\u00e9liorer les interactions sociales, les individus se sentant plus connect\u00e9s et plus empathiques, ce qui am\u00e9liore leurs exp\u00e9riences sociales. En plus de ses avantages sociaux, elle favorise la relaxation et soulage l'inconfort physique. Kratopia Red Bali Kratom est une excellente option pour tous ceux qui recherchent une vari\u00e9t\u00e9 de kratom polyvalente et apaisante.<\/p>\n<h2 data-start=\"758\" data-end=\"796\">Historique de Kratopia Red Bali Kratom<\/h2>\n<p data-start=\"798\" data-end=\"1574\">Red Bali Kratom a des racines profondes en Asie du Sud-Est, en particulier en Indon\u00e9sie, d'o\u00f9 le nom de la vari\u00e9t\u00e9, bien que Bali ne soit pas une r\u00e9gion de culture du kratom. La vari\u00e9t\u00e9 est un m\u00e9lange de feuilles de diff\u00e9rents arbres \u00e0 kratom d'Asie du Sud-Est. Historiquement, la Red Bali Kratom \u00e9tait utilis\u00e9e pour ses propri\u00e9t\u00e9s calmantes et m\u00e9dicinales, aidant les habitants \u00e0 g\u00e9rer la douleur, \u00e0 soulager le stress et \u00e0 am\u00e9liorer l'humeur. Il \u00e9tait \u00e9galement appr\u00e9ci\u00e9 en tant que stimulant social, favorisant l'aisance et la connexion entre les individus. Au fil du temps, alors que le kratom gagnait en popularit\u00e9 en Occident, le Red Bali est devenu l'une des vari\u00e9t\u00e9s les plus reconnues en raison de ses effets doux et de ses bienfaits \u00e9quilibr\u00e9s. Aujourd'hui, Kratopia Red Bali Kratom continue d'\u00eatre un choix de premier ordre pour les personnes \u00e0 la recherche d'alternatives naturelles pour soulager la douleur et am\u00e9liorer l'humeur.<\/p>\n<h2 data-start=\"1576\" data-end=\"1614\">Comment utiliser Kratopia Red Bali Kratom<\/h2>\n<p data-start=\"1616\" data-end=\"2528\">L'utilisation de Kratopia Red Bali Kratom est simple et agr\u00e9able, souvent sous la forme d'un th\u00e9 apaisant. Pour le pr\u00e9parer, dissoudre 4 \u00e0 5 grammes de poudre de Red Bali Kratom dans de l'eau chaude, en maintenant la temp\u00e9rature de l'eau entre 70 et 95 degr\u00e9s Celsius. Faire infuser le th\u00e9 pendant 3 \u00e0 5 minutes pour permettre au kratom de lib\u00e9rer ses alcalo\u00efdes b\u00e9n\u00e9fiques. Il n'est pas n\u00e9cessaire de filtrer le th\u00e9, car toutes les parties du m\u00e9lange peuvent \u00eatre consomm\u00e9es sans danger. Pour les nouveaux utilisateurs, il est recommand\u00e9 de commencer par une petite dose afin d'\u00e9valuer comment votre corps r\u00e9agit \u00e0 la vari\u00e9t\u00e9. Le go\u00fbt doux de la Red Bali Kratom en fait une bonne option pour les nouveaux venus, et avec le temps, les utilisateurs peuvent ajuster leur dosage en fonction de leur sensibilit\u00e9 et des effets d\u00e9sir\u00e9s. Un effet l\u00e9ger peut \u00eatre obtenu avec moins de 3 grammes, tandis que ceux qui recherchent un effet plus fort peuvent augmenter le dosage jusqu'\u00e0 5-6 grammes. Quel que soit le dosage, Kratopia Red Bali Kratom offre une exp\u00e9rience douce et stimulante.<\/p>\n<h2 data-start=\"2530\" data-end=\"2572\">Ingr\u00e9dients de Kratopia Red Bali Kratom<\/h2>\n<p data-start=\"2574\" data-end=\"3510\">L'ingr\u00e9dient cl\u00e9 du Kratopia Red Bali Kratom est le Mitragyna speciosa, un arbre tropical originaire d'Asie du Sud-Est. Les feuilles de l'arbre Mitragyna speciosa sont r\u00e9colt\u00e9es, s\u00e9ch\u00e9es et transform\u00e9es en poudre de kratom. Red Bali Kratom provient de feuilles soigneusement s\u00e9lectionn\u00e9es de diff\u00e9rents arbres de kratom provenant de diff\u00e9rentes r\u00e9gions d'Asie du Sud-Est. Apr\u00e8s le s\u00e9chage, les feuilles subissent un l\u00e9ger processus de fermentation qui augmente leur teneur en alcalo\u00efdes et donne \u00e0 Red Bali ses effets distincts. Les principaux alcalo\u00efdes du Red Bali Kratom sont la mitragynine et la 7-hydroxymitragynine, qui interagissent avec les r\u00e9cepteurs du corps pour promouvoir le bien-\u00eatre, augmenter l'\u00e9nergie et soulager la douleur. La combinaison \u00e9quilibr\u00e9e de ces alcalo\u00efdes produit une exp\u00e9rience douce et lisse, parfaite pour les interactions sociales et le soulagement de l'inconfort physique. Kratopia Red Bali Kratom est un choix populaire pour les utilisateurs de kratom, qu'ils soient nouveaux ou exp\u00e9riment\u00e9s, en raison de ses nombreux avantages.<\/p>\n<p data-start=\"3512\" data-end=\"3522\"><strong>Avertissement<\/strong><\/p>\n<p data-start=\"3524\" data-end=\"3844\" data-is-last-node=\"\">La vente et l'utilisation de Kratopia Red Bali Kratom sont interdites aux personnes de moins de 18 ans. Tenir hors de port\u00e9e des enfants. Ne pas utiliser si vous souffrez d'hypertension ou d'hypotension, de probl\u00e8mes cardiaques ou pulmonaires, de diab\u00e8te, si vous \u00eates enceinte ou si vous prenez des m\u00e9dicaments, des drogues ou de l'alcool. Consultez toujours un professionnel de la sant\u00e9 avant d'utiliser ce produit.<\/p>","protected":false},"excerpt":{"rendered":"<p>Ceux qui recherchent le plus haut niveau d'effets relaxants du kratom adorent la vari\u00e9t\u00e9 Red Bali Kratom ! Nous recommandons cette vari\u00e9t\u00e9 comme une excellente vari\u00e9t\u00e9 relaxante pour le soir, pour ceux qui veulent laisser leurs soucis derri\u00e8re eux et se d\u00e9barrasser de tout stress qu'ils pourraient avoir. C'est une vari\u00e9t\u00e9 Red Vein, donc vous savez qu'elle vous laissera compl\u00e8tement d\u00e9tendu et finalement relax\u00e9 au maximum !<\/p>","protected":false},"featured_media":126061,"template":"","meta":[],"product_brand":[],"product_cat":[599,297,512,477,509,510,511,476],"product_tag":[],"class_list":{"0":"post-42173","1":"product","2":"type-product","3":"status-publish","4":"has-post-thumbnail","6":"product_cat-kratopia","7":"product_cat-all-products","8":"product_cat-extracts","9":"product_cat-herbs","10":"product_cat-kratom","11":"product_cat-relax","12":"product_cat-relax-herbs","13":"product_cat-smartshop","14":"product_shipping_class-creditcard-off","16":"first","17":"instock","18":"taxable","19":"shipping-taxable","20":"purchasable","21":"product-type-variable","22":"has-default-attributes"},"_links":{"self":[{"href":"https:\/\/www.tatanka.nl\/fr\/wp-json\/wp\/v2\/product\/42173","targetHints":{"allow":["GET"]}}],"collection":[{"href":"https:\/\/www.tatanka.nl\/fr\/wp-json\/wp\/v2\/product"}],"about":[{"href":"https:\/\/www.tatanka.nl\/fr\/wp-json\/wp\/v2\/types\/product"}],"wp:featuredmedia":[{"embeddable":true,"href":"https:\/\/www.tatanka.nl\/fr\/wp-json\/wp\/v2\/media\/126061"}],"wp:attachment":[{"href":"https:\/\/www.tatanka.nl\/fr\/wp-json\/wp\/v2\/media?parent=42173"}],"wp:term":[{"taxonomy":"product_brand","embeddable":true,"href":"https:\/\/www.tatanka.nl\/fr\/wp-json\/wp\/v2\/product_brand?post=42173"},{"taxonomy":"product_cat","embeddable":true,"href":"https:\/\/www.tatanka.nl\/fr\/wp-json\/wp\/v2\/product_cat?post=42173"},{"taxonomy":"product_tag","embeddable":true,"href":"https:\/\/www.tatanka.nl\/fr\/wp-json\/wp\/v2\/product_tag?post=42173"}],"curies":[{"name":"wp","href":"https:\/\/api.w.org\/{rel}","templated":true}]}}