{"id":42174,"date":"2022-03-08T11:57:03","date_gmt":"2022-03-08T09:57:03","guid":{"rendered":"https:\/\/www.tatanka.nl\/product\/red-borneo-kratom\/"},"modified":"2026-03-02T00:48:38","modified_gmt":"2026-03-01T23:48:38","slug":"red-borneo-kratom","status":"publish","type":"product","link":"https:\/\/www.tatanka.nl\/fr\/red-borneo-kratom\/","title":{"rendered":"Red Borneo Kratom"},"content":{"rendered":"<h2 data-start=\"0\" data-end=\"29\">Qu'est-ce que le Red Borneo Kratom ?<\/h2>\n<p data-start=\"31\" data-end=\"804\">Red Borneo Kratom est une vari\u00e9t\u00e9 unique originaire de la partie indon\u00e9sienne de Born\u00e9o, connue sous le nom de Kalimantan. Elle a une profonde signification culturelle et est largement v\u00e9n\u00e9r\u00e9e pour ses bienfaits naturels sur la sant\u00e9. Traditionnellement, les habitants de Kalimantan utilisaient le kratom sous diverses formes, y compris en fumant les feuilles s\u00e9ch\u00e9es. Aujourd'hui, le kratom est le plus souvent infus\u00e9 sous forme de th\u00e9 relaxant et \u00e9nergisant. Les feuilles subissent une p\u00e9riode de s\u00e9chage plus longue suivie d'une l\u00e9g\u00e8re fermentation, ce qui renforce leur teneur naturelle en alcalo\u00efdes. Red Borneo Kratom est connu pour ses effets \u00e9quilibr\u00e9s, offrant un regain d'\u00e9nergie plus doux et plus d\u00e9tendu que les autres vari\u00e9t\u00e9s de kratom. C'est un excellent choix pour ceux qui recherchent un remontant naturel qui favorise \u00e9galement l'am\u00e9lioration de l'humeur et la concentration sans l'intensit\u00e9 des vari\u00e9t\u00e9s plus fortes.<\/p>\n<h2 data-start=\"806\" data-end=\"837\">Historique de Red Borneo Kratom<\/h2>\n<p data-start=\"839\" data-end=\"1691\">L'histoire de Red Borneo Kratom est profond\u00e9ment enracin\u00e9e dans les traditions du peuple indig\u00e8ne de Kalimantan. Pendant des si\u00e8cles, le kratom a \u00e9t\u00e9 consid\u00e9r\u00e9 comme un rem\u00e8de puissant contre divers probl\u00e8mes de sant\u00e9. Les habitants de la r\u00e9gion appelaient les feuilles \"feuilles c\u00e9lestes\", soulignant leur croyance dans les propri\u00e9t\u00e9s curatives de la plante. Traditionnellement, les feuilles \u00e9taient consomm\u00e9es de diff\u00e9rentes mani\u00e8res, notamment en les fumant dans des cigarettes artisanales. Au fil du temps, cependant, la pratique consistant \u00e0 infuser les feuilles pour en faire du th\u00e9 est devenue plus courante en raison de ses effets contr\u00f4l\u00e9s et apaisants. Les feuilles utilis\u00e9es pour la Red Borneo Kratom sont soigneusement s\u00e9lectionn\u00e9es pour leur processus de s\u00e9chage plus long et leur fermentation douce, qui renforce la teneur en alcalo\u00efdes, ce qui conf\u00e8re \u00e0 la souche des propri\u00e9t\u00e9s distinctes. Au fur et \u00e0 mesure que sa popularit\u00e9 s'\u00e9tend, la Red Borneo Kratom est reconnue dans le monde entier pour ses bienfaits \u00e9quilibr\u00e9s et efficaces.<\/p>\n<h2 data-start=\"1693\" data-end=\"1724\">Comment utiliser Red Borneo Kratom<\/h2>\n<p data-start=\"1726\" data-end=\"2567\">Le Red Borneo Kratom se consomme de pr\u00e9f\u00e9rence sous forme de th\u00e9 calmant. Pour pr\u00e9parer le th\u00e9, dissoudre 4 \u00e0 5 grammes de poudre de kratom dans de l'eau chaude (entre 70 et 95 degr\u00e9s Celsius) et infuser pendant 3 \u00e0 5 minutes pour permettre aux alcalo\u00efdes d'infuser compl\u00e8tement. Il n'est pas n\u00e9cessaire de filtrer le th\u00e9, car toutes les parties du kratom peuvent \u00eatre consomm\u00e9es. Lorsque vous utilisez Red Borneo Kratom pour la premi\u00e8re fois, il est important de commencer avec une petite dose pour \u00e9valuer comment votre corps r\u00e9agit, car les effets peuvent varier en fonction de la tol\u00e9rance individuelle. Pour de nombreux utilisateurs, 3 \u00e0 5 grammes fournissent un effet l\u00e9ger, tandis que les utilisateurs plus exp\u00e9riment\u00e9s peuvent avoir besoin d'une dose l\u00e9g\u00e8rement plus \u00e9lev\u00e9e. Connu pour ses effets \u00e9quilibr\u00e9s, le Red Borneo Kratom est id\u00e9al pour un usage diurne et comme stimulant naturel de l'humeur. Comme pour tout produit \u00e0 base de kratom, il est essentiel de l'utiliser de mani\u00e8re responsable afin d'\u00e9viter l'apparition d'une tol\u00e9rance ou d'effets secondaires ind\u00e9sirables.<\/p>\n<h2 data-start=\"2569\" data-end=\"2604\">Ingr\u00e9dients de Red Borneo Kratom<\/h2>\n<p data-start=\"2606\" data-end=\"3475\">L'ingr\u00e9dient principal du Red Borneo Kratom est le Mitragyna speciosa, un arbre tropical originaire d'Asie du Sud-Est. Les feuilles de cet arbre sont r\u00e9colt\u00e9es, s\u00e9ch\u00e9es et transform\u00e9es en poudre de kratom utilis\u00e9e dans le suppl\u00e9ment. Le Red Borneo Kratom subit un processus unique de s\u00e9chage et de fermentation douce, qui augmente la teneur en alcalo\u00efdes des feuilles, ce qui donne un effet plus puissant et plus \u00e9quilibr\u00e9. Les principaux alcalo\u00efdes contenus dans Red Borneo Kratom sont la mitragynine et la 7-hydroxymitragynine, qui interagissent avec les r\u00e9cepteurs de l'organisme pour favoriser les sensations de bien-\u00eatre, l'augmentation de l'\u00e9nergie et le soulagement de l'inconfort. Le processus de fermentation est essentiel pour d\u00e9velopper les effets distincts du Red Borneo, et la haute qualit\u00e9 des feuilles garantit que le kratom conserve sa puissance. Qu'il soit consomm\u00e9 sous forme de th\u00e9 ou sous d'autres formes, le Red Borneo Kratom procure un regain d'\u00e9nergie naturel et des propri\u00e9t\u00e9s calmantes.<\/p>\n<p data-start=\"3477\" data-end=\"3487\"><strong>Avertissement<\/strong><\/p>\n<p data-start=\"3489\" data-end=\"3802\" data-is-last-node=\"\">La vente et l'utilisation du Red Borneo Kratom sont interdites aux personnes \u00e2g\u00e9es de moins de 18 ans. Tenir hors de port\u00e9e des enfants. Ne pas utiliser si vous souffrez d'hypertension ou d'hypotension, de probl\u00e8mes cardiaques ou pulmonaires, de diab\u00e8te, si vous \u00eates enceinte ou si vous prenez des m\u00e9dicaments, des drogues ou de l'alcool. Consultez toujours un professionnel de la sant\u00e9 avant d'utiliser ce produit.<\/p>","protected":false},"excerpt":{"rendered":"<p>Le kratom Red Borneo est une vari\u00e9t\u00e9 de kratom Red Vein de longue dur\u00e9e qui est appr\u00e9ci\u00e9e par ceux qui recherchent des effets de kratom qui durent longtemps. C'est donc une vari\u00e9t\u00e9 de kratom parfaite pour ceux qui aiment les effets doux mais durables du kratom ou m\u00eame qui aiment un peu de kratom tout au long de la journ\u00e9e. La Red Borneo donne un effet relaxant de longue dur\u00e9e qui est appr\u00e9ci\u00e9 par beaucoup !<\/p>","protected":false},"featured_media":126055,"template":"","meta":[],"product_brand":[],"product_cat":[599,297,512,477,509,510,511,476],"product_tag":[],"class_list":{"0":"post-42174","1":"product","2":"type-product","3":"status-publish","4":"has-post-thumbnail","6":"product_cat-kratopia","7":"product_cat-all-products","8":"product_cat-extracts","9":"product_cat-herbs","10":"product_cat-kratom","11":"product_cat-relax","12":"product_cat-relax-herbs","13":"product_cat-smartshop","14":"product_shipping_class-creditcard-off","16":"first","17":"instock","18":"taxable","19":"shipping-taxable","20":"purchasable","21":"product-type-variable","22":"has-default-attributes"},"_links":{"self":[{"href":"https:\/\/www.tatanka.nl\/fr\/wp-json\/wp\/v2\/product\/42174","targetHints":{"allow":["GET"]}}],"collection":[{"href":"https:\/\/www.tatanka.nl\/fr\/wp-json\/wp\/v2\/product"}],"about":[{"href":"https:\/\/www.tatanka.nl\/fr\/wp-json\/wp\/v2\/types\/product"}],"wp:featuredmedia":[{"embeddable":true,"href":"https:\/\/www.tatanka.nl\/fr\/wp-json\/wp\/v2\/media\/126055"}],"wp:attachment":[{"href":"https:\/\/www.tatanka.nl\/fr\/wp-json\/wp\/v2\/media?parent=42174"}],"wp:term":[{"taxonomy":"product_brand","embeddable":true,"href":"https:\/\/www.tatanka.nl\/fr\/wp-json\/wp\/v2\/product_brand?post=42174"},{"taxonomy":"product_cat","embeddable":true,"href":"https:\/\/www.tatanka.nl\/fr\/wp-json\/wp\/v2\/product_cat?post=42174"},{"taxonomy":"product_tag","embeddable":true,"href":"https:\/\/www.tatanka.nl\/fr\/wp-json\/wp\/v2\/product_tag?post=42174"}],"curies":[{"name":"wp","href":"https:\/\/api.w.org\/{rel}","templated":true}]}}