{"id":42175,"date":"2022-03-08T11:57:03","date_gmt":"2022-03-08T09:57:03","guid":{"rendered":"https:\/\/www.tatanka.nl\/product\/red-maeng-da-kratom\/"},"modified":"2026-01-23T12:48:35","modified_gmt":"2026-01-23T11:48:35","slug":"red-maeng-da-kratom","status":"publish","type":"product","link":"https:\/\/www.tatanka.nl\/fr\/red-maeng-da-kratom\/","title":{"rendered":"Red Maeng Da Kratom"},"content":{"rendered":"<h2 data-start=\"0\" data-end=\"31\">Qu'est-ce que Red Maeng Da Kratom ?<\/h2>\n<p data-start=\"33\" data-end=\"735\">La Red Maeng Da Kratom est une vari\u00e9t\u00e9 particuli\u00e8re et puissante connue pour sa combinaison unique d'effets \u00e9nergisants et calmants. Cette vari\u00e9t\u00e9 est souvent utilis\u00e9e pour am\u00e9liorer l'humeur, augmenter la concentration et soulager la douleur. Les feuilles sont typiquement r\u00e9colt\u00e9es puis ferment\u00e9es pour obtenir leur couleur rouge caract\u00e9ristique, ce qui augmente la teneur en alcalo\u00efdes, faisant du Red Maeng Da l'une des souches de kratom les plus puissantes disponibles. D\u00e9velopp\u00e9e \u00e0 l'origine en Thailand par des techniques de greffage, cette vari\u00e9t\u00e9 a \u00e9t\u00e9 s\u00e9lectionn\u00e9e pour prosp\u00e9rer dans l'environnement chaud et humide de l'Asie du Sud-Est. Red Maeng Da Kratom a depuis gagn\u00e9 une popularit\u00e9 mondiale, en particulier en Occident, en raison de ses effets puissants et de sa capacit\u00e9 naturelle \u00e0 am\u00e9liorer l'\u00e9nergie et le bien-\u00eatre.<\/p>\n<h2 data-start=\"737\" data-end=\"770\">Historique de Red Maeng Da Kratom<\/h2>\n<p data-start=\"772\" data-end=\"1231\">Les origines de la Red Maeng Da Kratom remontent \u00e0 la fin du 19\u00e8me si\u00e8cle en Thailand. Les fermiers de Thai ont commenc\u00e9 \u00e0 exp\u00e9rimenter la greffe de diff\u00e9rentes vari\u00e9t\u00e9s de kratom afin de cr\u00e9er une vari\u00e9t\u00e9 plus r\u00e9sistante, capable de mieux supporter le climat chaud et humide de la r\u00e9gion. C'est ainsi qu'est n\u00e9e la vari\u00e9t\u00e9 Maeng Da, con\u00e7ue pour \u00eatre plus r\u00e9sistante que les arbres \u00e0 kratom traditionnels. Le nom \"Maeng Da\", qui signifie \"pimp-grade\" en Thai, refl\u00e8te sa puissance \u00e9lev\u00e9e et sa qualit\u00e9 sup\u00e9rieure.<\/p>\n<p data-start=\"1233\" data-end=\"1597\">La variante rouge, Red Maeng Da, est cr\u00e9\u00e9e par un processus de fermentation qui augmente encore la teneur en alcalo\u00efdes des feuilles. Ce processus augmente sa puissance, ce qui en fait l'une des vari\u00e9t\u00e9s de kratom les plus puissantes. Au fil du temps, le Red Maeng Da Kratom a acquis une reconnaissance internationale et est devenu un produit recherch\u00e9 dans le monde entier pour ses effets \u00e9quilibr\u00e9s et \u00e9nergisants.<\/p>\n<h2 data-start=\"1599\" data-end=\"1632\">Comment utiliser Red Maeng Da Kratom<\/h2>\n<p data-start=\"1634\" data-end=\"1943\">Le Red Maeng Da Kratom est le plus souvent consomm\u00e9 sous forme de th\u00e9. Pour le pr\u00e9parer, il faut dissoudre 4 \u00e0 5 grammes de poudre de Red Maeng Da dans de l'eau chaude (70 \u00e0 95 degr\u00e9s Celsius). Laisser le th\u00e9 infuser pendant 3 \u00e0 5 minutes pour extraire efficacement les alcalo\u00efdes. Il n'est pas n\u00e9cessaire de filtrer le th\u00e9, qui peut \u00eatre consomm\u00e9 dans son int\u00e9gralit\u00e9.<\/p>\n<p data-start=\"1945\" data-end=\"2419\">Lorsque vous utilisez le Red Maeng Da pour la premi\u00e8re fois, il est important de commencer par une petite dose et de l'ajuster progressivement en fonction de la r\u00e9ponse de votre corps. Si 3 \u00e0 5 grammes suffisent g\u00e9n\u00e9ralement pour obtenir un effet l\u00e9ger, les utilisateurs exp\u00e9riment\u00e9s peuvent avoir besoin d'un dosage plus \u00e9lev\u00e9 pour obtenir les r\u00e9sultats souhait\u00e9s. Utilisez toujours le Red Maeng Da de mani\u00e8re responsable et avec mod\u00e9ration afin d'\u00e9viter l'apparition d'une tol\u00e9rance ou d'effets secondaires ind\u00e9sirables. Il est essentiel de savoir que les effets du kratom peuvent varier en fonction de la tol\u00e9rance individuelle.<\/p>\n<h2 data-start=\"2421\" data-end=\"2458\">Ingr\u00e9dients de Red Maeng Da Kratom<\/h2>\n<p data-start=\"2460\" data-end=\"2875\">L'ingr\u00e9dient principal du Red Maeng Da Kratom est le Mitragyna speciosa, un arbre tropical originaire d'Asie du Sud-Est. Les feuilles sont soigneusement r\u00e9colt\u00e9es et transform\u00e9es en poudre pour cr\u00e9er ce suppl\u00e9ment. Le Red Maeng Da se distingue des autres vari\u00e9t\u00e9s de kratom par son processus de fermentation, qui non seulement donne aux feuilles leur couleur rouge caract\u00e9ristique, mais intensifie \u00e9galement les alcalo\u00efdes responsables de ses effets puissants.<\/p>\n<p data-start=\"2877\" data-end=\"3399\">Le processus de fermentation renforce les propri\u00e9t\u00e9s \u00e9nergisantes, stimulantes et analg\u00e9siques du Red Maeng Da. Comme les autres vari\u00e9t\u00e9s de kratom, le Red Maeng Da contient des alcalo\u00efdes tels que la mitragynine et la 7-hydroxymitragynine, qui interagissent avec les r\u00e9cepteurs du corps pour produire ses effets. Bien que le m\u00e9lange de feuilles utilis\u00e9 soit exclusif, le Red Maeng Da provient toujours de Mitragyna speciosa, une plante utilis\u00e9e depuis longtemps \u00e0 des fins m\u00e9dicinales en Asie du Sud-Est. Le Red Maeng Da doit \u00eatre utilis\u00e9 de mani\u00e8re responsable pour garantir des r\u00e9sultats s\u00fbrs et efficaces.<\/p>\n<p data-start=\"3401\" data-end=\"3411\"><strong>Avertissement<\/strong><\/p>\n<p data-start=\"3413\" data-end=\"3748\" data-is-last-node=\"\">La vente et l'utilisation du Red Maeng Da Kratom sont interdites aux personnes \u00e2g\u00e9es de moins de 18 ans. Tenir hors de port\u00e9e des enfants. Ne pas utiliser si vous souffrez d'hypertension ou d'hypotension, de probl\u00e8mes cardiaques ou pulmonaires, de diab\u00e8te, si vous \u00eates enceinte ou si vous prenez des m\u00e9dicaments, des drogues ou de l'alcool. Consultez toujours un professionnel de la sant\u00e9 avant d'utiliser un suppl\u00e9ment.<\/p>","protected":false},"excerpt":{"rendered":"<p>Le kratom Red Maeng Da est une autre vari\u00e9t\u00e9 de kratom Red Vein tr\u00e8s appr\u00e9ci\u00e9e par ceux qui recherchent la relaxation avec une touche d'euphorie. Pr\u00e9parez-vous \u00e0 vous d\u00e9tendre avec un visage joyeux et une bonne humeur gr\u00e2ce au kratom Red Maeng Da. Comme il s'agit d'une vari\u00e9t\u00e9 de kratom rouge, vous savez que ce kratom est fort et qu'il sera appr\u00e9ci\u00e9 par de nombreux utilisateurs de kratom exp\u00e9riment\u00e9s.<\/p>","protected":false},"featured_media":126052,"template":"","meta":[],"product_brand":[],"product_cat":[599,297,512,477,509,510,511,476],"product_tag":[],"class_list":{"0":"post-42175","1":"product","2":"type-product","3":"status-publish","4":"has-post-thumbnail","6":"product_cat-kratopia","7":"product_cat-all-products","8":"product_cat-extracts","9":"product_cat-herbs","10":"product_cat-kratom","11":"product_cat-relax","12":"product_cat-relax-herbs","13":"product_cat-smartshop","14":"product_shipping_class-creditcard-off","16":"first","17":"instock","18":"taxable","19":"shipping-taxable","20":"purchasable","21":"product-type-variable","22":"has-default-attributes"},"_links":{"self":[{"href":"https:\/\/www.tatanka.nl\/fr\/wp-json\/wp\/v2\/product\/42175","targetHints":{"allow":["GET"]}}],"collection":[{"href":"https:\/\/www.tatanka.nl\/fr\/wp-json\/wp\/v2\/product"}],"about":[{"href":"https:\/\/www.tatanka.nl\/fr\/wp-json\/wp\/v2\/types\/product"}],"wp:featuredmedia":[{"embeddable":true,"href":"https:\/\/www.tatanka.nl\/fr\/wp-json\/wp\/v2\/media\/126052"}],"wp:attachment":[{"href":"https:\/\/www.tatanka.nl\/fr\/wp-json\/wp\/v2\/media?parent=42175"}],"wp:term":[{"taxonomy":"product_brand","embeddable":true,"href":"https:\/\/www.tatanka.nl\/fr\/wp-json\/wp\/v2\/product_brand?post=42175"},{"taxonomy":"product_cat","embeddable":true,"href":"https:\/\/www.tatanka.nl\/fr\/wp-json\/wp\/v2\/product_cat?post=42175"},{"taxonomy":"product_tag","embeddable":true,"href":"https:\/\/www.tatanka.nl\/fr\/wp-json\/wp\/v2\/product_tag?post=42175"}],"curies":[{"name":"wp","href":"https:\/\/api.w.org\/{rel}","templated":true}]}}