{"id":42176,"date":"2022-03-08T11:57:03","date_gmt":"2022-03-08T09:57:03","guid":{"rendered":"https:\/\/www.tatanka.nl\/product\/super-bali-gold-kratom\/"},"modified":"2025-11-18T15:37:49","modified_gmt":"2025-11-18T14:37:49","slug":"super-bali-gold-kratom","status":"publish","type":"product","link":"https:\/\/www.tatanka.nl\/fr\/super-bali-gold-kratom\/","title":{"rendered":"Super Bali Gold Kratom"},"content":{"rendered":"<h2 data-start=\"0\" data-end=\"43\">Qu'est-ce que Kratopia Super Bali Gold Kratom ?<\/h2>\n<p data-start=\"45\" data-end=\"978\">Kratopia Super Bali Gold Kratom est un m\u00e9lange sp\u00e9cialement con\u00e7u pour produire des effets sp\u00e9cifiques, notamment l'am\u00e9lioration de l'humeur et le soulagement de la douleur. Connue pour ses propri\u00e9t\u00e9s relaxantes, cette vari\u00e9t\u00e9 est reconnue pour sa puissante amertume, raison pour laquelle elle est souvent consomm\u00e9e avec un \u00e9dulcorant, tel que le miel, pour en masquer le go\u00fbt. Le m\u00e9lange est issu d'un assemblage de feuilles de Kratom provenant de diff\u00e9rentes r\u00e9gions, offrant une combinaison unique de bienfaits th\u00e9rapeutiques et calmants. Le Super Bali Gold Kratom est appr\u00e9ci\u00e9 non seulement pour ses effets physiques, mais aussi pour sa capacit\u00e9 \u00e0 am\u00e9liorer le bien-\u00eatre mental, en aidant les utilisateurs \u00e0 soulager le stress, l'anxi\u00e9t\u00e9 et l'inconfort. Bien qu'il soit originaire de Bali, o\u00f9 les arbres Kratom ne sont pas natifs, le nom persiste pour refl\u00e9ter ses racines historiques. Aujourd'hui, la plus grande partie du Kratom est export\u00e9e de Kalimantan, en Indon\u00e9sie, mais le Super Bali Gold Kratom reste un favori pour ceux qui recherchent une exp\u00e9rience \u00e9quilibr\u00e9e et relaxante.<\/p>\n<h2 data-start=\"980\" data-end=\"1025\">Historique de Kratopia Super Bali Gold Kratom<\/h2>\n<p data-start=\"1027\" data-end=\"1535\">Kratopia Super Bali Gold Kratom a une histoire int\u00e9ressante qui remonte \u00e0 Bali, une r\u00e9gion autrefois connue pour l'exportation de produits Kratom. Cependant, Bali ne poss\u00e8de pas d'arbres Kratom indig\u00e8nes. Au lieu de cela, les n\u00e9gociants locaux m\u00e9langeaient des feuilles provenant de divers pays et r\u00e9gions pour cr\u00e9er des m\u00e9langes destin\u00e9s \u00e0 produire des effets sp\u00e9cifiques, tels que la relaxation et le soulagement de la douleur. Le Super Bali Gold Kratom est l'un de ces m\u00e9langes, connu pour sa capacit\u00e9 \u00e0 r\u00e9pondre \u00e0 des besoins particuliers tels que la r\u00e9duction du stress et la promotion d'un sentiment de bien-\u00eatre.<\/p>\n<p data-start=\"1537\" data-end=\"1997\">Au fil du temps, Bali est devenu synonyme de Kratom de haute qualit\u00e9, m\u00eame si la plupart des Kratom proviennent aujourd'hui principalement de Kalimantan, en Indon\u00e9sie, o\u00f9 les arbres de Kratom sont abondants. La tradition de s\u00e9lection des feuilles et de cr\u00e9ation de m\u00e9langes uniques a permis \u00e0 Bali de maintenir sa r\u00e9putation dans le commerce du Kratom pendant de nombreuses ann\u00e9es. Aujourd'hui, le Super Bali Gold Kratom est toujours tr\u00e8s appr\u00e9ci\u00e9 pour ses effets calmants, et de nombreux utilisateurs s'en servent pour att\u00e9nuer le stress et favoriser la relaxation.<\/p>\n<h2 data-start=\"1999\" data-end=\"2044\">Comment utiliser Kratopia Super Bali Gold Kratom<\/h2>\n<p data-start=\"2046\" data-end=\"2378\">L'utilisation de Kratopia Super Bali Gold Kratom est simple et directe. La m\u00e9thode de consommation la plus courante est l'infusion. Pour pr\u00e9parer le th\u00e9, dissoudre 4 \u00e0 5 grammes de poudre de Kratom dans de l'eau chaude (70-95\u00b0C) et laisser infuser pendant 3 \u00e0 5 minutes. Il n'est pas n\u00e9cessaire de filtrer le th\u00e9, car le m\u00e9lange entier peut \u00eatre consomm\u00e9.<\/p>\n<p data-start=\"2380\" data-end=\"2891\">Comme pour tout produit Kratom, il est essentiel de commencer par une dose plus faible afin d'\u00e9valuer la r\u00e9ponse de votre corps avant d'ajuster le dosage. Pour les nouveaux utilisateurs, le dosage typique est de 3 \u00e0 5 grammes de poudre, mais les utilisateurs plus exp\u00e9riment\u00e9s peuvent trouver qu'ils ont besoin d'un dosage l\u00e9g\u00e8rement plus \u00e9lev\u00e9 pour obtenir les effets d\u00e9sir\u00e9s. Le Super Bali Gold Kratom doit \u00eatre consomm\u00e9 de mani\u00e8re responsable et avec mod\u00e9ration, car des doses plus \u00e9lev\u00e9es peuvent entra\u00eener des effets plus s\u00e9datifs. Veillez toujours \u00e0 respecter le dosage recommand\u00e9 en fonction de votre poids et de vos besoins individuels.<\/p>\n<h2 data-start=\"2893\" data-end=\"2942\">Ingr\u00e9dients de Kratopia Super Bali Gold Kratom<\/h2>\n<p data-start=\"2944\" data-end=\"3394\">L'ingr\u00e9dient principal du Kratopia Super Bali Gold Kratom est le Mitragyna speciosa, un arbre tropical originaire d'Asie du Sud-Est. Les feuilles de cet arbre sont r\u00e9colt\u00e9es et trait\u00e9es pour cr\u00e9er la poudre Kratom. Les diff\u00e9rentes souches de Kratom sont connues pour leurs profils alcalo\u00efdes uniques, qui d\u00e9terminent leurs effets. Le Super Bali Gold Kratom combine des feuilles provenant de diff\u00e9rentes r\u00e9gions pour cr\u00e9er un m\u00e9lange \u00e9quilibr\u00e9 aux propri\u00e9t\u00e9s stimulantes et analg\u00e9siques accrues.<\/p>\n<p data-start=\"3396\" data-end=\"3882\">Cette vari\u00e9t\u00e9 particuli\u00e8re est connue pour son go\u00fbt fort et amer, ce qui explique que de nombreux utilisateurs la m\u00e9langent avec du miel ou d'autres \u00e9dulcorants. Bien que le m\u00e9lange exact de feuilles utilis\u00e9 dans Super Bali Gold soit exclusif, l'ingr\u00e9dient principal est toujours Mitragyna speciosa, une plante utilis\u00e9e depuis des si\u00e8cles pour ses bienfaits m\u00e9dicinaux. Il est important de noter que Kratopia Super Bali Gold est un suppl\u00e9ment \u00e0 base de plantes et qu'il doit \u00eatre utilis\u00e9 avec prudence, en particulier si vous ne connaissez pas Kratom ou si vous avez d\u00e9j\u00e0 des probl\u00e8mes de sant\u00e9.<\/p>\n<p data-start=\"3884\" data-end=\"3894\"><strong>Avertissement<\/strong><\/p>\n<p data-start=\"3896\" data-end=\"4243\" data-is-last-node=\"\">La vente et l'utilisation de Kratopia Super Bali Gold Kratom sont interdites aux personnes \u00e2g\u00e9es de moins de 18 ans. Tenir hors de port\u00e9e des enfants. Ne pas utiliser si vous souffrez d'hypertension ou d'hypotension, de probl\u00e8mes cardiaques ou pulmonaires, de diab\u00e8te, si vous \u00eates enceinte ou si vous prenez des m\u00e9dicaments, des drogues ou de l'alcool. Consultez toujours un professionnel de la sant\u00e9 avant d'utiliser un suppl\u00e9ment.<\/p>","protected":false},"excerpt":{"rendered":"<p>Gold n'est peut-\u00eatre pas sur le spectre des vari\u00e9t\u00e9s de kratom blanc, rouge et vert, mais c'est un excellent m\u00e9lange de diff\u00e9rentes vari\u00e9t\u00e9s de kratom qui a pour but d'am\u00e9liorer la concentration tout en vous gardant productif. N'oubliez pas que tout est dans le dosage, mais avec une petite quantit\u00e9, soyez pr\u00eat \u00e0 rester motiv\u00e9, \u00e9nergique et pr\u00eat \u00e0 prendre le monde d'assaut. Un m\u00e9lange de souches id\u00e9al pour les accros \u00e0 la productivit\u00e9 et les cr\u00e9atifs !<\/p>","protected":false},"featured_media":126049,"template":"","meta":[],"product_brand":[],"product_cat":[599,297,512,477,509,510,511,476],"product_tag":[],"class_list":{"0":"post-42176","1":"product","2":"type-product","3":"status-publish","4":"has-post-thumbnail","6":"product_cat-kratopia","7":"product_cat-all-products","8":"product_cat-extracts","9":"product_cat-herbs","10":"product_cat-kratom","11":"product_cat-relax","12":"product_cat-relax-herbs","13":"product_cat-smartshop","14":"product_shipping_class-creditcard-off","16":"first","17":"instock","18":"taxable","19":"shipping-taxable","20":"purchasable","21":"product-type-variable","22":"has-default-attributes"},"_links":{"self":[{"href":"https:\/\/www.tatanka.nl\/fr\/wp-json\/wp\/v2\/product\/42176","targetHints":{"allow":["GET"]}}],"collection":[{"href":"https:\/\/www.tatanka.nl\/fr\/wp-json\/wp\/v2\/product"}],"about":[{"href":"https:\/\/www.tatanka.nl\/fr\/wp-json\/wp\/v2\/types\/product"}],"wp:featuredmedia":[{"embeddable":true,"href":"https:\/\/www.tatanka.nl\/fr\/wp-json\/wp\/v2\/media\/126049"}],"wp:attachment":[{"href":"https:\/\/www.tatanka.nl\/fr\/wp-json\/wp\/v2\/media?parent=42176"}],"wp:term":[{"taxonomy":"product_brand","embeddable":true,"href":"https:\/\/www.tatanka.nl\/fr\/wp-json\/wp\/v2\/product_brand?post=42176"},{"taxonomy":"product_cat","embeddable":true,"href":"https:\/\/www.tatanka.nl\/fr\/wp-json\/wp\/v2\/product_cat?post=42176"},{"taxonomy":"product_tag","embeddable":true,"href":"https:\/\/www.tatanka.nl\/fr\/wp-json\/wp\/v2\/product_tag?post=42176"}],"curies":[{"name":"wp","href":"https:\/\/api.w.org\/{rel}","templated":true}]}}