{"id":42177,"date":"2022-03-08T11:57:03","date_gmt":"2022-03-08T09:57:03","guid":{"rendered":"https:\/\/www.tatanka.nl\/product\/white-bali-kratom\/"},"modified":"2025-11-18T15:37:48","modified_gmt":"2025-11-18T14:37:48","slug":"white-bali-kratom","status":"publish","type":"product","link":"https:\/\/www.tatanka.nl\/fr\/white-bali-kratom\/","title":{"rendered":"White Bali Kratom"},"content":{"rendered":"<h2 data-start=\"0\" data-end=\"29\">Qu'est-ce que le White Bali Kratom ?<\/h2>\n<p data-start=\"31\" data-end=\"438\">White Bali Kratom est une souche de l'arbre Mitragyna speciosa, originaire d'Asie du Sud-Est. Comme les autres vari\u00e9t\u00e9s de Kratom, elle est d\u00e9riv\u00e9e des feuilles de l'arbre Kratom, mais ses effets \u00e9nergisants et euphorisants uniques proviennent de m\u00e9thodes de r\u00e9colte et de traitement sp\u00e9cifiques. La White Bali Kratom est r\u00e9put\u00e9e pour sa capacit\u00e9 \u00e0 stimuler l'\u00e9nergie et \u00e0 am\u00e9liorer l'humeur, ce qui en fait l'une des vari\u00e9t\u00e9s Kratom les plus populaires au monde.<\/p>\n<p data-start=\"440\" data-end=\"824\">Les principaux avantages du White Bali Kratom sont la lutte contre la fatigue, l'am\u00e9lioration de la concentration et la promotion d'un sentiment g\u00e9n\u00e9ral de bien-\u00eatre. Les utilisateurs font \u00e9tat d'une plus grande concentration, d'une clart\u00e9 mentale et d'une motivation accrue apr\u00e8s consommation. Cette vari\u00e9t\u00e9 est particuli\u00e8rement appr\u00e9ci\u00e9e par ceux qui recherchent un regain d'\u00e9nergie mentale et physique pour aider \u00e0 la productivit\u00e9 ou pour commencer la journ\u00e9e avec un sentiment de fra\u00eecheur.<\/p>\n<h2 data-start=\"826\" data-end=\"857\">Historique de White Bali Kratom<\/h2>\n<p data-start=\"859\" data-end=\"1172\">Le White Bali Kratom trouve son origine en Asie du Sud-Est, o\u00f9 le Kratom est utilis\u00e9 depuis des si\u00e8cles par les populations indig\u00e8nes \u00e0 des fins m\u00e9dicinales diverses, telles que le soulagement de la douleur, l'am\u00e9lioration de l'humeur et l'augmentation de l'\u00e9nergie. Le White Bali Kratom est toutefois devenu particuli\u00e8rement populaire en raison de ses effets \u00e9nergisants et euphorisants uniques.<\/p>\n<p data-start=\"1174\" data-end=\"1676\">M\u00e9lange de feuilles provenant d'arbres Kratom de Born\u00e9o, Sumatra et Bali, la White Bali Kratom est soigneusement s\u00e9lectionn\u00e9e en fonction de la teneur en alcalo\u00efdes des feuilles. Le processus de s\u00e9chage, qui a lieu sur le site o\u00f9 poussent les arbres, joue un r\u00f4le crucial dans la pr\u00e9servation de la puissance des alcalo\u00efdes et dans le maintien des effets caract\u00e9ristiques de la vari\u00e9t\u00e9. Au fil du temps, la White Bali Kratom a acquis une grande popularit\u00e9 sur les march\u00e9s occidentaux, en particulier aupr\u00e8s de ceux qui recherchent un stimulant naturel sans les risques des alternatives synth\u00e9tiques.<\/p>\n<h2 data-start=\"1678\" data-end=\"1709\">Comment utiliser White Bali Kratom<\/h2>\n<p data-start=\"1711\" data-end=\"2027\">La fa\u00e7on la plus courante et la plus efficace de consommer le White Bali Kratom est de le faire infuser. Pour ce faire, dissoudre 4 \u00e0 5 grammes de poudre de White Bali Kratom dans de l'eau chaude (70-95\u00b0C) et laisser infuser pendant 3 \u00e0 5 minutes. Cette m\u00e9thode vous permet de profiter pleinement des effets du Kratom tout en savourant une boisson apaisante et savoureuse.<\/p>\n<p data-start=\"2029\" data-end=\"2296\">Pour obtenir les meilleurs r\u00e9sultats, il est recommand\u00e9 de commencer par une faible dose et de l'augmenter progressivement en fonction de la r\u00e9ponse de l'organisme. Les effets \u00e9nergisants commencent g\u00e9n\u00e9ralement dans les 15 minutes et peuvent durer plusieurs heures, en fonction de facteurs tels que le dosage, le poids et le m\u00e9tabolisme.<\/p>\n<p data-start=\"2298\" data-end=\"2624\">Certains utilisateurs pr\u00e9f\u00e8rent m\u00e9langer le White Bali Kratom \u00e0 des jus de fruits ou \u00e0 d'autres boissons pour en renforcer la saveur et les effets. Bien que le th\u00e9 soit la m\u00e9thode pr\u00e9f\u00e9r\u00e9e, la White Bali Kratom peut \u00e9galement \u00eatre consomm\u00e9e sous forme de g\u00e9lules ou ajout\u00e9e \u00e0 des smoothies. Comme pour toutes les souches Kratom, il est important de l'utiliser de mani\u00e8re responsable et d'\u00e9viter une consommation excessive.<\/p>\n<h2 data-start=\"2626\" data-end=\"2661\">Ingr\u00e9dients de White Bali Kratom<\/h2>\n<p data-start=\"2663\" data-end=\"3080\">Le principal ingr\u00e9dient du White Bali Kratom est la feuille en poudre de l'arbre Mitragyna speciosa, r\u00e9colt\u00e9e sur des arbres situ\u00e9s \u00e0 Born\u00e9o, Sumatra et Bali. Ces arbres sont choisis pour leur teneur \u00e9lev\u00e9e en alcalo\u00efdes, qui conf\u00e8rent au White Bali Kratom ses effets \u00e9nergisants et stimulants. Les principaux compos\u00e9s actifs du White Bali Kratom sont la mitragynine et la 7-hydroxymitragynine, qui contribuent \u00e0 ses propri\u00e9t\u00e9s stimulantes.<\/p>\n<p data-start=\"3082\" data-end=\"3460\">Apr\u00e8s la r\u00e9colte, les feuilles subissent un processus de s\u00e9chage qui pr\u00e9serve la teneur en alcalo\u00efdes et garantit la puissance de la souche. Le s\u00e9chage s'effectue g\u00e9n\u00e9ralement dans l'environnement naturel des arbres, ce qui contribue \u00e0 pr\u00e9server la puret\u00e9 de la plante. La s\u00e9lection et le traitement minutieux de la White Bali Kratom lui permettent de conserver ses effets uniques, offrant aux utilisateurs un regain d'\u00e9nergie naturel et une meilleure concentration.<\/p>\n<p data-start=\"3462\" data-end=\"3699\">En tant que produit enti\u00e8rement naturel, le White Bali Kratom ne contient aucun produit chimique ou additif artificiel, ce qui en fait une alternative propre et efficace aux autres stimulants. Il constitue une option \u00e0 base de plantes pour ceux qui recherchent un regain d'\u00e9nergie naturel.<\/p>\n<p data-start=\"3701\" data-end=\"3711\"><strong>Avertissement<\/strong><\/p>\n<p data-start=\"3713\" data-end=\"4039\" data-is-last-node=\"\">Ce produit n'est pas destin\u00e9 \u00e0 \u00eatre utilis\u00e9 par des personnes de moins de 18 ans. Tenir hors de port\u00e9e des enfants. Ne pas utiliser si vous souffrez d'hypertension ou d'hypotension, de probl\u00e8mes cardiaques ou pulmonaires, de diab\u00e8te, si vous \u00eates enceinte ou si vous consommez des m\u00e9dicaments, des drogues ou de l'alcool. Consultez toujours un professionnel de la sant\u00e9 avant d'utiliser un suppl\u00e9ment.<\/p>","protected":false},"excerpt":{"rendered":"<p>White Bali est une vari\u00e9t\u00e9 de kratom parfaite pour les amateurs d'effets de kratom doux et \u00e9nergiques. Si vous avez besoin d'un effet puissant, plus fort que le caf\u00e9, cette vari\u00e9t\u00e9 est celle qui vous le procurera ! Pr\u00e9parez-vous \u00e0 un buzz \u00e9nergique et \u00e0 une am\u00e9lioration de la fluidit\u00e9, de la concentration et de la cr\u00e9ativit\u00e9. Le kratom White Vein parfait pour les cr\u00e9atifs et les maniaques de la productivit\u00e9 !<\/p>","protected":false},"featured_media":126046,"template":"","meta":[],"product_brand":[],"product_cat":[599,297,512,477,509,510,511,476],"product_tag":[],"class_list":{"0":"post-42177","1":"product","2":"type-product","3":"status-publish","4":"has-post-thumbnail","6":"product_cat-kratopia","7":"product_cat-all-products","8":"product_cat-extracts","9":"product_cat-herbs","10":"product_cat-kratom","11":"product_cat-relax","12":"product_cat-relax-herbs","13":"product_cat-smartshop","14":"product_shipping_class-creditcard-off","16":"first","17":"instock","18":"taxable","19":"shipping-taxable","20":"purchasable","21":"product-type-variable","22":"has-default-attributes"},"_links":{"self":[{"href":"https:\/\/www.tatanka.nl\/fr\/wp-json\/wp\/v2\/product\/42177","targetHints":{"allow":["GET"]}}],"collection":[{"href":"https:\/\/www.tatanka.nl\/fr\/wp-json\/wp\/v2\/product"}],"about":[{"href":"https:\/\/www.tatanka.nl\/fr\/wp-json\/wp\/v2\/types\/product"}],"wp:featuredmedia":[{"embeddable":true,"href":"https:\/\/www.tatanka.nl\/fr\/wp-json\/wp\/v2\/media\/126046"}],"wp:attachment":[{"href":"https:\/\/www.tatanka.nl\/fr\/wp-json\/wp\/v2\/media?parent=42177"}],"wp:term":[{"taxonomy":"product_brand","embeddable":true,"href":"https:\/\/www.tatanka.nl\/fr\/wp-json\/wp\/v2\/product_brand?post=42177"},{"taxonomy":"product_cat","embeddable":true,"href":"https:\/\/www.tatanka.nl\/fr\/wp-json\/wp\/v2\/product_cat?post=42177"},{"taxonomy":"product_tag","embeddable":true,"href":"https:\/\/www.tatanka.nl\/fr\/wp-json\/wp\/v2\/product_tag?post=42177"}],"curies":[{"name":"wp","href":"https:\/\/api.w.org\/{rel}","templated":true}]}}