{"id":42178,"date":"2022-03-08T11:57:03","date_gmt":"2022-03-08T09:57:03","guid":{"rendered":"https:\/\/www.tatanka.nl\/product\/white-borneo-kratom\/"},"modified":"2025-11-18T15:37:47","modified_gmt":"2025-11-18T14:37:47","slug":"white-borneo-kratom","status":"publish","type":"product","link":"https:\/\/www.tatanka.nl\/fr\/white-borneo-kratom\/","title":{"rendered":"White Borneo Kratom"},"content":{"rendered":"<h2 data-start=\"0\" data-end=\"31\">Qu'est-ce que White Borneo Kratom ?<\/h2>\n<p data-start=\"33\" data-end=\"489\">White Borneo Kratom est une vari\u00e9t\u00e9 unique de Kratom, d\u00e9riv\u00e9e de l'arbre Mitragyna speciosa, connu pour ses effets sensoriels. Cette vari\u00e9t\u00e9 est particuli\u00e8rement efficace pour stimuler la concentration et la clart\u00e9 mentale, ce qui en fait un choix privil\u00e9gi\u00e9 pour ceux qui cherchent \u00e0 am\u00e9liorer leur concentration. Nomm\u00e9e d'apr\u00e8s l'\u00eele de Born\u00e9o, o\u00f9 elle est cultiv\u00e9e, la White Borneo Kratom est connue pour sa forte teneur en alcalo\u00efdes, qui influencent ses puissantes propri\u00e9t\u00e9s psychoactives.<\/p>\n<p data-start=\"491\" data-end=\"914\">Contrairement aux autres vari\u00e9t\u00e9s de Kratom, la White Borneo Kratom am\u00e9liore la perception sensorielle, en particulier la vision et la concentration. Les utilisateurs font g\u00e9n\u00e9ralement \u00e9tat d'une clart\u00e9 mentale accrue et d'une meilleure capacit\u00e9 de concentration, ce qui en fait un produit id\u00e9al pour les t\u00e2ches n\u00e9cessitant une attention soutenue. Lorsqu'elle est consomm\u00e9e \u00e0 faible dose, la White Borneo Kratom offre une am\u00e9lioration cognitive sans devenir envahissante, ce qui en fait un outil utile pour la productivit\u00e9 et les performances mentales.<\/p>\n<h2 data-start=\"916\" data-end=\"949\">Historique de White Borneo Kratom<\/h2>\n<p data-start=\"951\" data-end=\"1326\">La White Borneo Kratom est issue de l'utilisation traditionnelle de la Kratom en Asie du Sud-Est, o\u00f9 elle est utilis\u00e9e depuis des si\u00e8cles pour ses bienfaits m\u00e9dicinaux, tels que le soulagement de la douleur, la r\u00e9gulation de l'humeur et l'am\u00e9lioration de l'\u00e9nergie. La vari\u00e9t\u00e9 White Borneo n'a toutefois gagn\u00e9 que r\u00e9cemment en popularit\u00e9 sur les march\u00e9s mondiaux, principalement en raison de ses effets stimulants sur la concentration et la clart\u00e9 mentale.<\/p>\n<p data-start=\"1328\" data-end=\"1780\">Cultiv\u00e9e sur l'\u00eele de Born\u00e9o, cette vari\u00e9t\u00e9 b\u00e9n\u00e9ficie des conditions p\u00e9doclimatiques id\u00e9ales de la r\u00e9gion. Les propri\u00e9t\u00e9s uniques de la White Borneo Kratom proviennent de m\u00e9thodes de s\u00e9chage et de traitement sp\u00e9cifiques qui pr\u00e9servent une forte concentration d'alcalo\u00efdes. Ces m\u00e9thodes conf\u00e8rent \u00e0 la vari\u00e9t\u00e9 ses effets distinctifs et ont contribu\u00e9 \u00e0 sa popularit\u00e9 croissante, en particulier sur les march\u00e9s occidentaux o\u00f9 elle sert d'alternative naturelle aux stimulants synth\u00e9tiques.<\/p>\n<h2 data-start=\"1782\" data-end=\"1815\">Comment utiliser White Borneo Kratom<\/h2>\n<p data-start=\"1817\" data-end=\"2122\">La fa\u00e7on la plus courante de consommer le White Borneo Kratom est de l'infuser sous forme de th\u00e9. Pour le pr\u00e9parer, il suffit de dissoudre 4 \u00e0 5 grammes de Kratom en poudre dans de l'eau chaude (70-95 degr\u00e9s Celsius) et de laisser infuser pendant 3 \u00e0 5 minutes. Le r\u00e9sultat est un th\u00e9 doux et agr\u00e9able qui d\u00e9livre les effets d\u00e9sir\u00e9s sans pr\u00e9paration suppl\u00e9mentaire.<\/p>\n<p data-start=\"2124\" data-end=\"2653\">Pour des r\u00e9sultats optimaux, commencez par un faible dosage afin d'\u00e9valuer la r\u00e9action de votre corps, en particulier si vous \u00eates novice en mati\u00e8re de Kratom. Le White Borneo Kratom stimule progressivement la concentration, les effets commen\u00e7ant g\u00e9n\u00e9ralement environ 15 minutes apr\u00e8s la consommation. Certains utilisateurs pr\u00e9f\u00e8rent m\u00e9langer la poudre avec des jus de fruits, comme le jus d'orange, pour am\u00e9liorer les effets sensoriels et la saveur. N'oubliez pas que les effets peuvent varier en fonction de facteurs tels que le poids, l'\u00e2ge et l'\u00e9tat de sant\u00e9 g\u00e9n\u00e9ral, il est donc important de commencer doucement et d'ajuster en fonction des besoins.<\/p>\n<h2 data-start=\"2655\" data-end=\"2692\">Ingr\u00e9dients de White Borneo Kratom<\/h2>\n<p data-start=\"2694\" data-end=\"3098\">L'ingr\u00e9dient principal du White Borneo Kratom est la feuille en poudre de l'arbre Mitragyna speciosa, cultiv\u00e9 sur l'\u00eele de Born\u00e9o. Les feuilles sont r\u00e9colt\u00e9es au bon moment, lorsqu'elles sont partiellement m\u00fbres, afin de pr\u00e9server la plus forte concentration d'alcalo\u00efdes. Ces compos\u00e9s actifs, principalement la mitragynine et la 7-hydroxymitragynine, sont responsables des effets stimulants et de concentration de la vari\u00e9t\u00e9.<\/p>\n<p data-start=\"3100\" data-end=\"3602\">Apr\u00e8s la r\u00e9colte, les feuilles subissent un processus de s\u00e9chage contr\u00f4l\u00e9 qui permet de conserver leur teneur en alcalo\u00efdes et de garantir les propri\u00e9t\u00e9s uniques de la vari\u00e9t\u00e9, notamment une clart\u00e9 mentale accrue et une perception sensorielle am\u00e9lior\u00e9e. Contrairement aux autres vari\u00e9t\u00e9s de Kratom, le processus de s\u00e9chage de la White Borneo pr\u00e9serve sa couleur blanche et ses effets puissants. En tant que produit enti\u00e8rement naturel, White Borneo Kratom ne contient aucun produit chimique artificiel ou conservateur, offrant aux utilisateurs un suppl\u00e9ment pur \u00e0 base de plantes pour l'am\u00e9lioration cognitive.<\/p>\n<p data-start=\"3604\" data-end=\"3614\"><strong>Avertissement<\/strong><\/p>\n<p data-start=\"3616\" data-end=\"3939\" data-is-last-node=\"\">Ce produit n'est pas destin\u00e9 \u00e0 \u00eatre vendu ou utilis\u00e9 par des personnes de moins de 18 ans. Tenir hors de port\u00e9e des enfants. Ne pas utiliser si vous souffrez d'hypertension ou d'hypotension, de probl\u00e8mes cardiaques ou pulmonaires, de diab\u00e8te, si vous \u00eates enceinte ou si vous prenez des m\u00e9dicaments, des drogues ou de l'alcool. Consultez toujours un professionnel de la sant\u00e9 avant d'utiliser un suppl\u00e9ment.<\/p>","protected":false},"excerpt":{"rendered":"<p>La poudre de kratom White Borneo est appr\u00e9ci\u00e9e par les amateurs de kratom qui recherchent de l'\u00e9nergie. C'est une vari\u00e9t\u00e9 de kratom White Vein parfaite qui peut stimuler la productivit\u00e9, la fluidit\u00e9 et la concentration. Beaucoup d'utilisateurs rapportent une am\u00e9lioration de l'\u00e9nergie et de l'humeur g\u00e9n\u00e9rale. Le White Borneo est une vari\u00e9t\u00e9 de kratom populaire pour la journ\u00e9e, lorsque vous avez besoin d'un peu d'apaisement pour le stress au lieu de prendre un autre caf\u00e9 !<\/p>","protected":false},"featured_media":126043,"template":"","meta":[],"product_brand":[],"product_cat":[599,297,512,477,509,510,511,476],"product_tag":[],"class_list":{"0":"post-42178","1":"product","2":"type-product","3":"status-publish","4":"has-post-thumbnail","6":"product_cat-kratopia","7":"product_cat-all-products","8":"product_cat-extracts","9":"product_cat-herbs","10":"product_cat-kratom","11":"product_cat-relax","12":"product_cat-relax-herbs","13":"product_cat-smartshop","14":"product_shipping_class-creditcard-off","16":"first","17":"instock","18":"taxable","19":"shipping-taxable","20":"purchasable","21":"product-type-variable","22":"has-default-attributes"},"_links":{"self":[{"href":"https:\/\/www.tatanka.nl\/fr\/wp-json\/wp\/v2\/product\/42178","targetHints":{"allow":["GET"]}}],"collection":[{"href":"https:\/\/www.tatanka.nl\/fr\/wp-json\/wp\/v2\/product"}],"about":[{"href":"https:\/\/www.tatanka.nl\/fr\/wp-json\/wp\/v2\/types\/product"}],"wp:featuredmedia":[{"embeddable":true,"href":"https:\/\/www.tatanka.nl\/fr\/wp-json\/wp\/v2\/media\/126043"}],"wp:attachment":[{"href":"https:\/\/www.tatanka.nl\/fr\/wp-json\/wp\/v2\/media?parent=42178"}],"wp:term":[{"taxonomy":"product_brand","embeddable":true,"href":"https:\/\/www.tatanka.nl\/fr\/wp-json\/wp\/v2\/product_brand?post=42178"},{"taxonomy":"product_cat","embeddable":true,"href":"https:\/\/www.tatanka.nl\/fr\/wp-json\/wp\/v2\/product_cat?post=42178"},{"taxonomy":"product_tag","embeddable":true,"href":"https:\/\/www.tatanka.nl\/fr\/wp-json\/wp\/v2\/product_tag?post=42178"}],"curies":[{"name":"wp","href":"https:\/\/api.w.org\/{rel}","templated":true}]}}