{"id":42179,"date":"2022-03-08T11:57:03","date_gmt":"2022-03-08T09:57:03","guid":{"rendered":"https:\/\/www.tatanka.nl\/product\/white-maeng-da-kratom\/"},"modified":"2025-11-18T15:37:47","modified_gmt":"2025-11-18T14:37:47","slug":"white-maeng-da-kratom","status":"publish","type":"product","link":"https:\/\/www.tatanka.nl\/fr\/white-maeng-da-kratom\/","title":{"rendered":"White Maeng Da Kratom"},"content":{"rendered":"<h2 data-start=\"0\" data-end=\"33\">Qu'est-ce que White Maeng Da Kratom ?<\/h2>\n<p data-start=\"35\" data-end=\"597\">White Maeng Da Kratom est une souche bien connue de Kratom, reconnue pour ses effets \u00e9nergisants. Issue de l'arbre Mitragyna speciosa, cette souche est particuli\u00e8rement puissante en raison de sa teneur \u00e9lev\u00e9e en alcalo\u00efdes, notamment en mitragynine. Ce compos\u00e9 est principalement responsable de ses effets stimulants et de ses effets sur l'humeur. Les feuilles sont r\u00e9colt\u00e9es \u00e0 un stade sp\u00e9cifique, lorsqu'elles sont partiellement m\u00fbres, ce qui garantit une riche concentration d'alcalo\u00efdes psychoactifs. Cette m\u00e9thode de r\u00e9colte unique, associ\u00e9e \u00e0 un processus de s\u00e9chage sp\u00e9cial, donne au White Maeng Da sa couleur blanche distincte.<\/p>\n<p data-start=\"599\" data-end=\"1082\">Largement utilis\u00e9 comme stimulant \u00e9nerg\u00e9tique naturel, le White Maeng Da est une alternative populaire \u00e0 la caf\u00e9ine et aux autres stimulants. Il est connu pour am\u00e9liorer la concentration et la clart\u00e9 mentale, ce qui le rend id\u00e9al pour ceux qui ont besoin d'une bouff\u00e9e d'\u00e9nergie suppl\u00e9mentaire ou d'un coup de pouce mental tout au long de la journ\u00e9e. Pour obtenir les meilleurs r\u00e9sultats, il est g\u00e9n\u00e9ralement infus\u00e9 sous forme de th\u00e9, ce qui permet une absorption rapide de ses alcalo\u00efdes. Les utilisateurs ressentent souvent ses effets dans les 15 minutes qui suivent, et les r\u00e9sultats durent plusieurs heures.<\/p>\n<h2 data-start=\"1084\" data-end=\"1119\">Historique de White Maeng Da Kratom<\/h2>\n<p data-start=\"1121\" data-end=\"1487\">Le White Maeng Da Kratom trouve ses origines en Asie du Sud-Est, o\u00f9 le Kratom est traditionnellement utilis\u00e9 \u00e0 des fins m\u00e9dicinales. Le terme \"Maeng Da\" fait r\u00e9f\u00e9rence \u00e0 une vari\u00e9t\u00e9 de Kratom de premi\u00e8re qualit\u00e9 et soigneusement cultiv\u00e9e, connue pour ses effets puissants. Cette vari\u00e9t\u00e9 est r\u00e9colt\u00e9e de mani\u00e8re \u00e0 maximiser sa teneur en alcalo\u00efdes, ce qui en fait l'une des vari\u00e9t\u00e9s les plus puissantes disponibles.<\/p>\n<p data-start=\"1489\" data-end=\"2046\">Cultiv\u00e9 \u00e0 l'origine en Thailand, le Maeng Da Kratom s'est r\u00e9pandu dans d'autres parties de l'Asie du Sud-Est, devenant c\u00e9l\u00e8bre pour ses propri\u00e9t\u00e9s revigorantes et sa capacit\u00e9 \u00e0 am\u00e9liorer l'humeur. Au fil du temps, le White Maeng Da Kratom a gagn\u00e9 en popularit\u00e9 dans les pays occidentaux, en particulier aux \u00c9tats-Unis, o\u00f9 il est appr\u00e9ci\u00e9 pour ses effets \u00e9nergisants et stimulants. En Californie, il est couramment m\u00e9lang\u00e9 \u00e0 des smoothies ou \u00e0 des th\u00e9s pour un regain d'\u00e9nergie naturel. Son processus de s\u00e9chage unique et sa forte teneur en alcalo\u00efdes la distinguent des autres souches Kratom, contribuant ainsi \u00e0 son attrait mondial.<\/p>\n<h2 data-start=\"2048\" data-end=\"2083\">Comment utiliser White Maeng Da Kratom<\/h2>\n<p data-start=\"2085\" data-end=\"2489\">La fa\u00e7on la plus efficace de consommer le White Maeng Da Kratom est de le faire infuser. Pour ce faire, dissoudre 4 \u00e0 5 grammes de Kratom en poudre dans de l'eau chaude (entre 70 et 95 degr\u00e9s Celsius) et laisser infuser pendant 3 \u00e0 5 minutes. Il n'est pas n\u00e9cessaire de filtrer, car le m\u00e9lange entier peut \u00eatre consomm\u00e9. Un dosage de 3 \u00e0 5 grammes produit des effets l\u00e9gers \u00e0 mod\u00e9r\u00e9s, mais la sensibilit\u00e9 individuelle et le poids corporel peuvent n\u00e9cessiter des ajustements.<\/p>\n<p data-start=\"2491\" data-end=\"2985\">Il faut g\u00e9n\u00e9ralement environ 15 minutes pour que les effets \u00e9nergisants du Maeng Da blanc se fassent sentir, bien que cela varie en fonction de facteurs tels que l'\u00e2ge, l'\u00e9tat de sant\u00e9 et le sexe. Pour les nouveaux utilisateurs, il est conseill\u00e9 de commencer par une dose plus faible et d'augmenter progressivement selon les besoins. Certains utilisateurs pr\u00e9f\u00e8rent m\u00e9langer la poudre Kratom \u00e0 des smoothies ou \u00e0 des shakes pour plus de commodit\u00e9. Cependant, la prudence est de mise, car des doses plus \u00e9lev\u00e9es peuvent produire des effets calmants plut\u00f4t que l'effet stimulant g\u00e9n\u00e9ralement associ\u00e9 \u00e0 cette souche.<\/p>\n<h2 data-start=\"2987\" data-end=\"3026\">Ingr\u00e9dients de White Maeng Da Kratom<\/h2>\n<p data-start=\"3028\" data-end=\"3372\">Le White Maeng Da Kratom est principalement compos\u00e9 de feuilles en poudre de l'arbre Mitragyna speciosa. Ces feuilles sont r\u00e9colt\u00e9es lorsqu'elles sont partiellement m\u00fbres afin de pr\u00e9server un maximum d'alcalo\u00efdes. Les principaux alcalo\u00efdes, dont la mitragynine et la 7-hydroxymitragynine, sont responsables des propri\u00e9t\u00e9s \u00e9nergisantes et stimulantes de la souche.<\/p>\n<p data-start=\"3374\" data-end=\"3738\">Apr\u00e8s la r\u00e9colte, les feuilles subissent un processus de s\u00e9chage sp\u00e9cial dans l'obscurit\u00e9 afin de pr\u00e9server la puissance des alcalo\u00efdes et d'obtenir la couleur blanche caract\u00e9ristique de la vari\u00e9t\u00e9. Aucun additif artificiel ou produit chimique n'est utilis\u00e9, ce qui fait du White Maeng Da un suppl\u00e9ment enti\u00e8rement naturel. Cela garantit que les utilisateurs profitent pleinement des avantages des compos\u00e9s actifs du Kratom.<\/p>\n<p data-start=\"3740\" data-end=\"4036\">La teneur \u00e9lev\u00e9e en alcalo\u00efdes du White Maeng Da en fait l'une des vari\u00e9t\u00e9s Kratom les plus efficaces pour stimuler l'\u00e9nergie et am\u00e9liorer la clart\u00e9 mentale. Utilis\u00e9e de mani\u00e8re responsable, elle offre une alternative naturelle \u00e0 la caf\u00e9ine et \u00e0 d'autres stimulants synth\u00e9tiques, sans les effets secondaires courants qui y sont associ\u00e9s.<\/p>\n<p data-start=\"4038\" data-end=\"4048\"><strong>Avertissement<\/strong><\/p>\n<p data-start=\"4050\" data-end=\"4413\" data-is-last-node=\"\">La vente et l'utilisation du White Maeng Da Kratom sont interdites aux personnes \u00e2g\u00e9es de moins de 18 ans. Tenir hors de port\u00e9e des enfants. Ce produit ne doit pas \u00eatre utilis\u00e9 par des personnes souffrant d'hypertension ou d'hypotension, de probl\u00e8mes cardiaques ou pulmonaires, de diab\u00e8te, de grossesse ou de prise de m\u00e9dicaments, de drogues ou d'alcool. Consultez toujours un professionnel de la sant\u00e9 avant d'utiliser ce produit.<\/p>","protected":false},"excerpt":{"rendered":"<p>Le White Maeng Da est une excellente vari\u00e9t\u00e9 de kratom White Vein qui est parfaite pour ceux qui recherchent plus de motivation et un grand regain d'\u00e9nergie. Lorsque le travail doit \u00eatre fait et que le caf\u00e9 ne suffit pas, certains consid\u00e8rent cette vari\u00e9t\u00e9 comme un petit mais puissant coup de fouet \u00e9nerg\u00e9tique. Beaucoup d'utilisateurs rapportent une am\u00e9lioration de la concentration et de la facilit\u00e9 de penser, c'est donc une vari\u00e9t\u00e9 de kratom parfaite pour la journ\u00e9e !<\/p>","protected":false},"featured_media":126039,"template":"","meta":[],"product_brand":[],"product_cat":[599,297,512,477,509,510,511,476],"product_tag":[],"class_list":{"0":"post-42179","1":"product","2":"type-product","3":"status-publish","4":"has-post-thumbnail","6":"product_cat-kratopia","7":"product_cat-all-products","8":"product_cat-extracts","9":"product_cat-herbs","10":"product_cat-kratom","11":"product_cat-relax","12":"product_cat-relax-herbs","13":"product_cat-smartshop","14":"product_shipping_class-creditcard-off","16":"first","17":"instock","18":"taxable","19":"shipping-taxable","20":"purchasable","21":"product-type-variable","22":"has-default-attributes"},"_links":{"self":[{"href":"https:\/\/www.tatanka.nl\/fr\/wp-json\/wp\/v2\/product\/42179","targetHints":{"allow":["GET"]}}],"collection":[{"href":"https:\/\/www.tatanka.nl\/fr\/wp-json\/wp\/v2\/product"}],"about":[{"href":"https:\/\/www.tatanka.nl\/fr\/wp-json\/wp\/v2\/types\/product"}],"wp:featuredmedia":[{"embeddable":true,"href":"https:\/\/www.tatanka.nl\/fr\/wp-json\/wp\/v2\/media\/126039"}],"wp:attachment":[{"href":"https:\/\/www.tatanka.nl\/fr\/wp-json\/wp\/v2\/media?parent=42179"}],"wp:term":[{"taxonomy":"product_brand","embeddable":true,"href":"https:\/\/www.tatanka.nl\/fr\/wp-json\/wp\/v2\/product_brand?post=42179"},{"taxonomy":"product_cat","embeddable":true,"href":"https:\/\/www.tatanka.nl\/fr\/wp-json\/wp\/v2\/product_cat?post=42179"},{"taxonomy":"product_tag","embeddable":true,"href":"https:\/\/www.tatanka.nl\/fr\/wp-json\/wp\/v2\/product_tag?post=42179"}],"curies":[{"name":"wp","href":"https:\/\/api.w.org\/{rel}","templated":true}]}}