{"id":42180,"date":"2022-03-08T11:57:04","date_gmt":"2022-03-08T09:57:04","guid":{"rendered":"https:\/\/www.tatanka.nl\/product\/yellow-borneo-kratom\/"},"modified":"2026-03-02T00:48:38","modified_gmt":"2026-03-01T23:48:38","slug":"yellow-borneo-kratom","status":"publish","type":"product","link":"https:\/\/www.tatanka.nl\/fr\/yellow-borneo-kratom\/","title":{"rendered":"Yellow Borneo Kratom"},"content":{"rendered":"<h2 data-start=\"0\" data-end=\"33\">Qu'est-ce que Yellow Borneo Kratom ?<\/h2>\n<p data-start=\"35\" data-end=\"1037\">Yellow Borneo Kratom est une vari\u00e9t\u00e9 sp\u00e9ciale d\u00e9riv\u00e9e de l'arbre Mitragyna speciosa, reconnue pour ses effets stimulants et \u00e9nergisants. Nomm\u00e9e d'apr\u00e8s l'\u00eele de Born\u00e9o, o\u00f9 elle est principalement cultiv\u00e9e, cette vari\u00e9t\u00e9 unique se distingue par sa couleur jaune, qui r\u00e9sulte d'une technique de s\u00e9chage sp\u00e9cialis\u00e9e. Les feuilles subissent un processus de s\u00e9chage rapide au soleil, ce qui permet de pr\u00e9server les alcalo\u00efdes naturels de la plante tout en r\u00e9duisant l'amertume. Malgr\u00e9 son go\u00fbt l\u00e9g\u00e8rement amer, le Yellow Borneo Kratom est un choix populaire pour ceux qui recherchent un regain d'\u00e9nergie et une meilleure concentration. De nombreux utilisateurs aiment l'incorporer dans des smoothies, des shakes ou des boissons comme les jus de fruits et les chocolats faits maison. Cette vari\u00e9t\u00e9 est largement utilis\u00e9e par les athl\u00e8tes et les personnes \u00e0 la recherche d'un remontant naturel tout au long de la journ\u00e9e. Gr\u00e2ce \u00e0 sa combinaison de stimulation physique et mentale, la Yellow Borneo Kratom a acquis une solide r\u00e9putation en tant qu'alternative naturelle aux stimulants traditionnels, offrant une exp\u00e9rience plus douce et plus \u00e9quilibr\u00e9e.<\/p>\n<h2 data-start=\"1039\" data-end=\"1074\">Historique de Yellow Borneo Kratom<\/h2>\n<p data-start=\"1076\" data-end=\"2179\">L'histoire du Yellow Borneo Kratom est ancr\u00e9e dans l'utilisation traditionnelle du kratom en Asie du Sud-Est. Les cultures indig\u00e8nes de la r\u00e9gion utilisent depuis longtemps l'arbre Mitragyna speciosa pour ses vertus m\u00e9dicinales, notamment le soulagement de la douleur et l'augmentation de l'\u00e9nergie. Au fil du temps, diverses souches de kratom ont \u00e9t\u00e9 d\u00e9velopp\u00e9es, chacune portant le nom de la r\u00e9gion o\u00f9 elle \u00e9tait cultiv\u00e9e. La Yellow Borneo Kratom provient de l'\u00eele de Born\u00e9o, connue pour son climat et son sol favorables \u00e0 la culture du kratom. Alors que le kratom est utilis\u00e9 depuis des si\u00e8cles pour ses propri\u00e9t\u00e9s th\u00e9rapeutiques en Asie du Sud-Est, le Yellow Borneo Kratom a gagn\u00e9 en popularit\u00e9 dans les pays occidentaux, en particulier dans des endroits comme la Californie. Ses effets \u00e9quilibr\u00e9s et son processus de s\u00e9chage particulier en ont fait une vari\u00e9t\u00e9 recherch\u00e9e par les personnes soucieuses de leur sant\u00e9. La Yellow Borneo est souvent m\u00e9lang\u00e9e \u00e0 des smoothies et \u00e0 des boissons \u00e9nergisantes, o\u00f9 elle est appr\u00e9ci\u00e9e pour sa capacit\u00e9 naturelle \u00e0 stimuler l'\u00e9nergie et \u00e0 am\u00e9liorer la clart\u00e9 mentale. La combinaison de sa riche histoire et de son utilisation moderne a fait de la Yellow Borneo Kratom un produit de base dans le monde des compl\u00e9ments naturels.<\/p>\n<h2 data-start=\"2181\" data-end=\"2216\">Comment utiliser Yellow Borneo Kratom<\/h2>\n<p data-start=\"2218\" data-end=\"3233\">Le Yellow Borneo Kratom est g\u00e9n\u00e9ralement consomm\u00e9 sous forme de th\u00e9. Pour le pr\u00e9parer, dissoudre 4 \u00e0 5 grammes de kratom en poudre dans de l'eau chaude, \u00e0 une temp\u00e9rature comprise entre 70 et 95 degr\u00e9s Celsius. Laisser infuser le m\u00e9lange pendant 3 \u00e0 5 minutes pour permettre l'extraction compl\u00e8te des compos\u00e9s actifs. Il n'est pas n\u00e9cessaire de filtrer le th\u00e9, car il peut \u00eatre consomm\u00e9 dans son int\u00e9gralit\u00e9, y compris les feuilles. Pour rendre le th\u00e9 plus agr\u00e9able, certains utilisateurs choisissent d'ajouter des \u00e9dulcorants comme le miel ou de m\u00e9langer des fruits pour contrebalancer l'amertume du kratom. Pour ceux qui pr\u00e9f\u00e8rent une autre m\u00e9thode, le Yellow Borneo Kratom peut \u00e9galement \u00eatre ajout\u00e9 \u00e0 des smoothies ou \u00e0 des shakes, fournissant ainsi un regain d'\u00e9nergie de longue dur\u00e9e. Il est recommand\u00e9 de commencer par une dose l\u00e9g\u00e8re de 3 \u00e0 5 grammes et d'ajuster en fonction de l'exp\u00e9rience personnelle. Comme les effets du kratom varient d'une personne \u00e0 l'autre, le fait de commencer par une petite dose permet aux utilisateurs d'\u00e9valuer la r\u00e9action de leur corps. Au fil du temps, certains utilisateurs peuvent juger n\u00e9cessaire d'augmenter leur dose pour obtenir les effets d\u00e9sir\u00e9s.<\/p>\n<h2 data-start=\"3235\" data-end=\"3274\">Ingr\u00e9dients de Yellow Borneo Kratom<\/h2>\n<p data-start=\"3276\" data-end=\"4387\">Yellow Borneo Kratom est fabriqu\u00e9 \u00e0 partir des feuilles s\u00e9ch\u00e9es de l'arbre Mitragyna speciosa, originaire des r\u00e9gions tropicales de l'Asie du Sud-Est. Les ingr\u00e9dients cl\u00e9s de cette vari\u00e9t\u00e9 de kratom sont ses alcalo\u00efdes naturels, principalement la mitragynine et la 7-hydroxymitragynine. Ces compos\u00e9s actifs sont responsables des effets stimulants de la vari\u00e9t\u00e9, procurant aux utilisateurs une \u00e9nergie accrue, une meilleure concentration et un l\u00e9ger sentiment de relaxation. Le processus de s\u00e9chage unique, qui consiste \u00e0 exposer les feuilles au soleil pendant une courte p\u00e9riode, am\u00e9liore le profil des alcalo\u00efdes, contribuant ainsi aux effets \u00e9quilibr\u00e9s de la Yellow Borneo Kratom. Les feuilles sont r\u00e9colt\u00e9es, soigneusement trait\u00e9es et broy\u00e9es en une fine poudre qui est ensuite conditionn\u00e9e pour \u00eatre utilis\u00e9e. Le produit qui en r\u00e9sulte est un suppl\u00e9ment pur, \u00e0 base de plantes, sans aucun ajout de produits chimiques ou de substances artificielles. Les alcalo\u00efdes de la Yellow Borneo Kratom en font une vari\u00e9t\u00e9 polyvalente, adapt\u00e9e aux utilisateurs qui recherchent un regain d'\u00e9nergie ainsi qu'une l\u00e9g\u00e8re relaxation. Qu'elle soit consomm\u00e9e sous forme de th\u00e9 ou m\u00e9lang\u00e9e \u00e0 des shakes, la poudre fine assure une consommation facile et une absorption efficace des compos\u00e9s actifs.<\/p>\n<p data-start=\"4389\" data-end=\"4401\"><strong data-start=\"4389\" data-end=\"4401\">Avertissement :<\/strong><\/p>\n<p data-start=\"4403\" data-end=\"4720\" data-is-last-node=\"\">Ce produit n'est pas destin\u00e9 \u00e0 \u00eatre vendu ou utilis\u00e9 par des personnes de moins de 18 ans. Tenir hors de port\u00e9e des enfants. Ne pas utiliser si vous souffrez d'hypertension ou d'hypotension, de probl\u00e8mes cardiaques ou pulmonaires, de diab\u00e8te, si vous \u00eates enceinte ou si vous consommez des m\u00e9dicaments, des drogues ou de l'alcool. Consultez toujours un professionnel de la sant\u00e9 avant d'utiliser un suppl\u00e9ment.<\/p>","protected":false},"excerpt":{"rendered":"<p>Yellow Borneo apporte un m\u00e9lange d'effets de kratom blanc et vert, ce qui signifie qu'il est beaucoup plus \u00e9nergique et vibrant de la palette d'effets du kratom. Attendez-vous \u00e0 un grand \u00e9lan de joie, \u00e0 une \u00e9nergie d\u00e9tendue et m\u00eame \u00e0 de la concentration. Yellow Borneo est une vari\u00e9t\u00e9 de kratom relativement nouvelle qui est appr\u00e9ci\u00e9e par de nombreux utilisateurs exp\u00e9riment\u00e9s de kratom dans le monde entier.<\/p>","protected":false},"featured_media":126037,"template":"","meta":[],"product_brand":[],"product_cat":[599,297,512,477,509,510,511,476],"product_tag":[],"class_list":{"0":"post-42180","1":"product","2":"type-product","3":"status-publish","4":"has-post-thumbnail","6":"product_cat-kratopia","7":"product_cat-all-products","8":"product_cat-extracts","9":"product_cat-herbs","10":"product_cat-kratom","11":"product_cat-relax","12":"product_cat-relax-herbs","13":"product_cat-smartshop","14":"product_shipping_class-creditcard-off","16":"first","17":"instock","18":"taxable","19":"shipping-taxable","20":"purchasable","21":"product-type-variable","22":"has-default-attributes"},"_links":{"self":[{"href":"https:\/\/www.tatanka.nl\/fr\/wp-json\/wp\/v2\/product\/42180","targetHints":{"allow":["GET"]}}],"collection":[{"href":"https:\/\/www.tatanka.nl\/fr\/wp-json\/wp\/v2\/product"}],"about":[{"href":"https:\/\/www.tatanka.nl\/fr\/wp-json\/wp\/v2\/types\/product"}],"wp:featuredmedia":[{"embeddable":true,"href":"https:\/\/www.tatanka.nl\/fr\/wp-json\/wp\/v2\/media\/126037"}],"wp:attachment":[{"href":"https:\/\/www.tatanka.nl\/fr\/wp-json\/wp\/v2\/media?parent=42180"}],"wp:term":[{"taxonomy":"product_brand","embeddable":true,"href":"https:\/\/www.tatanka.nl\/fr\/wp-json\/wp\/v2\/product_brand?post=42180"},{"taxonomy":"product_cat","embeddable":true,"href":"https:\/\/www.tatanka.nl\/fr\/wp-json\/wp\/v2\/product_cat?post=42180"},{"taxonomy":"product_tag","embeddable":true,"href":"https:\/\/www.tatanka.nl\/fr\/wp-json\/wp\/v2\/product_tag?post=42180"}],"curies":[{"name":"wp","href":"https:\/\/api.w.org\/{rel}","templated":true}]}}