{"id":42536,"date":"2022-03-14T10:32:22","date_gmt":"2022-03-14T08:32:22","guid":{"rendered":"https:\/\/www.tatanka.nl\/?post_type=product&#038;p=42536"},"modified":"2025-05-20T08:33:43","modified_gmt":"2025-05-20T07:33:43","slug":"actitube-activated-charcoal-filter-tip","status":"publish","type":"product","link":"https:\/\/www.tatanka.nl\/fr\/actitube-activated-charcoal-filter-tip\/","title":{"rendered":"Embout de filtre \u00e0 charbon actif ActiTube"},"content":{"rendered":"<h2>\u00c0 propos d'Actitube<\/h2>\n<p>S'il existe une marque de cigarettes intelligentes, c'est bien celle-ci ! Attitude est l'innovateur en mati\u00e8re de filtration de la fum\u00e9e de cannabis et de tabac. En bref, si vous n'avez jamais essay\u00e9 de fumer votre joint avec des filtres \u00e0 charbon activ\u00e9s par l'actitube, vous ratez quelque chose !<\/p>","protected":false},"excerpt":{"rendered":"<p>Existe-t-il un moyen plus sain de fumer votre joint ? Oui, il existe et il s'agit d'un filtre \u00e0 charbon actif ! Ces filtres sp\u00e9ciaux permettent d'\u00e9liminer toutes les mauvaises substances de votre bouff\u00e9e, sans vous priver des bonnes choses que vous attendez d'un joint de cannabis. Une fois que vous aurez essay\u00e9 ActiTube, vous ne reviendrez jamais en arri\u00e8re ! C'est encore mieux !<\/p>","protected":false},"featured_media":45278,"template":"","meta":[],"product_brand":[],"product_cat":[571,297,556,567,488,492],"product_tag":[],"class_list":{"0":"post-42536","1":"product","2":"type-product","3":"status-publish","4":"has-post-thumbnail","6":"product_cat-tips","7":"product_cat-all-products","8":"product_cat-charcoal-filter-tips","9":"product_cat-filters","10":"product_cat-headshop","11":"product_cat-rolling-papers","12":"product_shipping_class-creditcard-on","14":"first","15":"instock","16":"taxable","17":"shipping-taxable","18":"purchasable","19":"product-type-variable","20":"has-default-attributes"},"_links":{"self":[{"href":"https:\/\/www.tatanka.nl\/fr\/wp-json\/wp\/v2\/product\/42536","targetHints":{"allow":["GET"]}}],"collection":[{"href":"https:\/\/www.tatanka.nl\/fr\/wp-json\/wp\/v2\/product"}],"about":[{"href":"https:\/\/www.tatanka.nl\/fr\/wp-json\/wp\/v2\/types\/product"}],"wp:featuredmedia":[{"embeddable":true,"href":"https:\/\/www.tatanka.nl\/fr\/wp-json\/wp\/v2\/media\/45278"}],"wp:attachment":[{"href":"https:\/\/www.tatanka.nl\/fr\/wp-json\/wp\/v2\/media?parent=42536"}],"wp:term":[{"taxonomy":"product_brand","embeddable":true,"href":"https:\/\/www.tatanka.nl\/fr\/wp-json\/wp\/v2\/product_brand?post=42536"},{"taxonomy":"product_cat","embeddable":true,"href":"https:\/\/www.tatanka.nl\/fr\/wp-json\/wp\/v2\/product_cat?post=42536"},{"taxonomy":"product_tag","embeddable":true,"href":"https:\/\/www.tatanka.nl\/fr\/wp-json\/wp\/v2\/product_tag?post=42536"}],"curies":[{"name":"wp","href":"https:\/\/api.w.org\/{rel}","templated":true}]}}