{"id":42595,"date":"2022-03-14T10:32:39","date_gmt":"2022-03-14T08:32:39","guid":{"rendered":"https:\/\/www.tatanka.nl\/?post_type=product&#038;p=42595"},"modified":"2024-09-17T11:36:46","modified_gmt":"2024-09-17T10:36:46","slug":"raw-pre-rolled-organic-hemp-king-size-cones","status":"publish","type":"product","link":"https:\/\/www.tatanka.nl\/fr\/raw-pre-rolled-organic-hemp-king-size-cones\/","title":{"rendered":"Raw Chanvre biologique pr\u00e9-roul\u00e9 King Size Cones"},"content":{"rendered":"<h2>A propos de Raw Natural Rolling Papers<\/h2>\n<p>Ce n'est pas pour rien que le papier \u00e0 rouler Raw est l'une des marques de papier \u00e0 rouler les plus reconnues au monde. Raw est connu non seulement pour sa tr\u00e8s haute qualit\u00e9, mais aussi pour ses mat\u00e9riaux naturels. Et quand nous disons naturel, nous voulons dire - vraiment naturel !<\/p>\n<p>Tous les papiers \u00e0 rouler Raw sont non blanchis et compl\u00e8tement non raffin\u00e9s. Raw n'utilise pas de colorants, d'additifs de combustion ou de craie lors de la fabrication de ses papiers. Tous les papiers Raw sont fabriqu\u00e9s uniquement \u00e0 partir de mat\u00e9riaux naturels comme les plantes.<\/p>\n<p>Cela signifie que lorsque vous roulez avec Raw, vous serez en mesure de ressentir le niveau naturel maximal de votre fum\u00e9e. Utilisez Raw pour fumer pour de vrai !<\/p>","protected":false},"excerpt":{"rendered":"<p>Du papier \u00e0 rouler en chanvre de la plus haute qualit\u00e9 ? V\u00e9rifi\u00e9 ! Des c\u00f4nes d\u00e9j\u00e0 pr\u00e9-roul\u00e9s pour rouler paresseusement ? V\u00e9rifier deux fois ! Roulez vos joints plus rapidement et assurez-vous qu'ils br\u00fblent tous uniform\u00e9ment avec les c\u00f4nes de chanvre pr\u00e9roul\u00e9s de Raw. Vous pouvez vous attendre \u00e0 avoir un papier de la meilleure qualit\u00e9 qui br\u00fblera lentement et uniform\u00e9ment ! Aimez-les !<\/p>","protected":false},"featured_media":44911,"template":"","meta":[],"product_brand":[],"product_cat":[297,505,488,565,471,492,564],"product_tag":[],"class_list":{"0":"post-42595","1":"product","2":"type-product","3":"status-publish","4":"has-post-thumbnail","6":"product_cat-all-products","7":"product_cat-cones","8":"product_cat-headshop","9":"product_cat-hemp-rolling-papers","10":"product_cat-raw","11":"product_cat-rolling-papers","12":"product_cat-unbleached-rolling-papers","13":"product_shipping_class-creditcard-on","15":"first","16":"outofstock","17":"taxable","18":"shipping-taxable","19":"product-type-variable","20":"has-default-attributes"},"_links":{"self":[{"href":"https:\/\/www.tatanka.nl\/fr\/wp-json\/wp\/v2\/product\/42595","targetHints":{"allow":["GET"]}}],"collection":[{"href":"https:\/\/www.tatanka.nl\/fr\/wp-json\/wp\/v2\/product"}],"about":[{"href":"https:\/\/www.tatanka.nl\/fr\/wp-json\/wp\/v2\/types\/product"}],"wp:featuredmedia":[{"embeddable":true,"href":"https:\/\/www.tatanka.nl\/fr\/wp-json\/wp\/v2\/media\/44911"}],"wp:attachment":[{"href":"https:\/\/www.tatanka.nl\/fr\/wp-json\/wp\/v2\/media?parent=42595"}],"wp:term":[{"taxonomy":"product_brand","embeddable":true,"href":"https:\/\/www.tatanka.nl\/fr\/wp-json\/wp\/v2\/product_brand?post=42595"},{"taxonomy":"product_cat","embeddable":true,"href":"https:\/\/www.tatanka.nl\/fr\/wp-json\/wp\/v2\/product_cat?post=42595"},{"taxonomy":"product_tag","embeddable":true,"href":"https:\/\/www.tatanka.nl\/fr\/wp-json\/wp\/v2\/product_tag?post=42595"}],"curies":[{"name":"wp","href":"https:\/\/api.w.org\/{rel}","templated":true}]}}