{"id":42659,"date":"2022-03-14T10:32:58","date_gmt":"2022-03-14T08:32:58","guid":{"rendered":"https:\/\/www.tatanka.nl\/?post_type=product&#038;p=42659"},"modified":"2025-05-20T08:17:08","modified_gmt":"2025-05-20T07:17:08","slug":"jumbo-pink-king-size-cones-prerolled-34x","status":"publish","type":"product","link":"https:\/\/www.tatanka.nl\/fr\/jumbo-pink-king-size-cones-prerolled-34x\/","title":{"rendered":"Jumbo Pink King Size Cones Prerolled 34x"},"content":{"rendered":"<h2>Jumbo Rolling Papers<\/h2>\n<p>Jumbo Papers est une marque hollandaise de papier \u00e0 rouler qui vise \u00e0 offrir la qualit\u00e9 de votre mat\u00e9riel \u00e0 fumer haut de gamme \u00e0 un prix plus abordable. Jumbo Papers propose diff\u00e9rents types de papier \u00e0 rouler qui vous permettent d'acheter du papier \u00e0 rouler rose, vert, bleu, brun ou blanc classique.<\/p>\n<p>Cela fait de Jumbo une marque \u00e9mergente int\u00e9ressante pour les fumeurs qui recherchent toujours la nouveaut\u00e9. Si vous recherchez des articles pour fumeurs dont la couleur n'est pas unique, mais dont le rapport qualit\u00e9-prix est excellent, vous devez essayer Jumbo !<\/p>","protected":false},"excerpt":{"rendered":"<p>Des c\u00f4nes pr\u00e9roul\u00e9s roses pour des joints roses ? Oui ! En bo\u00eete de 34 ? Vous le savez ! Avec cette bo\u00eete de c\u00f4nes roses pr\u00e9enroul\u00e9s, vous pouvez rouler 34 joints roses en toute simplicit\u00e9. Il est plus facile d'utiliser des c\u00f4nes que du papier \u00e0 rouler et des embouts. De plus, la plupart des gens seront intrigu\u00e9s par la fantaisie de fumer un joint rose !<\/p>","protected":false},"featured_media":43991,"template":"","meta":[],"product_brand":[],"product_cat":[492,297,557,505,488,464,558,569],"product_tag":[],"class_list":{"0":"post-42659","1":"product","2":"type-product","3":"status-publish","4":"has-post-thumbnail","6":"product_cat-rolling-papers","7":"product_cat-all-products","8":"product_cat-colored-papers","9":"product_cat-cones","10":"product_cat-headshop","11":"product_cat-jumbo","12":"product_cat-king-size-papers","13":"product_cat-pink-papers","14":"product_shipping_class-creditcard-on","16":"first","17":"instock","18":"taxable","19":"shipping-taxable","20":"purchasable","21":"product-type-variable","22":"has-default-attributes"},"_links":{"self":[{"href":"https:\/\/www.tatanka.nl\/fr\/wp-json\/wp\/v2\/product\/42659","targetHints":{"allow":["GET"]}}],"collection":[{"href":"https:\/\/www.tatanka.nl\/fr\/wp-json\/wp\/v2\/product"}],"about":[{"href":"https:\/\/www.tatanka.nl\/fr\/wp-json\/wp\/v2\/types\/product"}],"wp:featuredmedia":[{"embeddable":true,"href":"https:\/\/www.tatanka.nl\/fr\/wp-json\/wp\/v2\/media\/43991"}],"wp:attachment":[{"href":"https:\/\/www.tatanka.nl\/fr\/wp-json\/wp\/v2\/media?parent=42659"}],"wp:term":[{"taxonomy":"product_brand","embeddable":true,"href":"https:\/\/www.tatanka.nl\/fr\/wp-json\/wp\/v2\/product_brand?post=42659"},{"taxonomy":"product_cat","embeddable":true,"href":"https:\/\/www.tatanka.nl\/fr\/wp-json\/wp\/v2\/product_cat?post=42659"},{"taxonomy":"product_tag","embeddable":true,"href":"https:\/\/www.tatanka.nl\/fr\/wp-json\/wp\/v2\/product_tag?post=42659"}],"curies":[{"name":"wp","href":"https:\/\/api.w.org\/{rel}","templated":true}]}}