{"id":50193,"date":"2022-09-13T14:34:24","date_gmt":"2022-09-13T12:34:24","guid":{"rendered":"https:\/\/www.tatanka.nl\/?post_type=product&#038;p=50193"},"modified":"2025-12-02T08:59:13","modified_gmt":"2025-12-02T07:59:13","slug":"maitake-extract-capsules","status":"publish","type":"product","link":"https:\/\/www.tatanka.nl\/fr\/maitake-extract-capsules\/","title":{"rendered":"Ma\u00eftak\u00e9 extract Capsules"},"content":{"rendered":"<h2 data-pm-slice=\"1 1 []\">Qu'est-ce que le Ma\u00eftak\u00e9 ?<\/h2>\n<p>Le ma\u00eftak\u00e9 (Grifola Frondosa), \u00e9galement connu sous le nom de \"poule des Wood\", est un champignon m\u00e9dicinal unique qui pousse au pied des arbres, en particulier des ch\u00eanes. Depuis des si\u00e8cles, il est tr\u00e8s appr\u00e9ci\u00e9 dans la m\u00e9decine traditionnelle japonaise et chinoise en raison de ses propri\u00e9t\u00e9s b\u00e9n\u00e9fiques. Ce champignon regorge de nutriments essentiels, notamment de polysaccharides tels que les b\u00eata-glucanes, connus pour soutenir le syst\u00e8me immunitaire. Contrairement aux champignons culinaires courants, le ma\u00eftak\u00e9 est souvent consomm\u00e9 sous forme de suppl\u00e9ment afin de maximiser ses bienfaits pour la sant\u00e9. Sa capacit\u00e9 \u00e0 se d\u00e9velopper \u00e0 l'\u00e9tat sauvage et son profil nutritionnel impressionnant en font l'un des super-aliments les plus populaires \u00e0 l'heure actuelle.<\/p>\n<h2>Histoire du Ma\u00eftak\u00e9<\/h2>\n<p>Le ma\u00eftak\u00e9 a une riche histoire qui remonte \u00e0 plus de 3 000 ans. Au Japon, il \u00e9tait tellement appr\u00e9ci\u00e9 qu'il \u00e9tait parfois utilis\u00e9 comme monnaie d'\u00e9change. Le nom \"Maitake\" se traduit par \"champignon dansant\", car le folklore sugg\u00e8re que les gens dansaient de joie lorsqu'ils le d\u00e9couvraient \u00e0 l'\u00e9tat sauvage en raison de sa valeur exceptionnelle. Les praticiens de la m\u00e9decine traditionnelle orientale utilisent depuis longtemps le ma\u00eftak\u00e9 pour promouvoir la sant\u00e9 et la long\u00e9vit\u00e9, estimant qu'il contribue \u00e0 r\u00e9tablir l'\u00e9quilibre de l'organisme. Aujourd'hui, la recherche continue d'explorer ses bienfaits potentiels, en particulier son r\u00f4le dans le soutien du syst\u00e8me immunitaire et du bien-\u00eatre g\u00e9n\u00e9ral. Aujourd'hui, le ma\u00eftak\u00e9 reste un rem\u00e8de naturel recherch\u00e9, appr\u00e9ci\u00e9 \u00e0 la fois pour son importance historique et pour ses propri\u00e9t\u00e9s potentielles en mati\u00e8re de sant\u00e9.<\/p>\n<h2>Comment utiliser le Ma\u00eftak\u00e9<\/h2>\n<p>Le Ma\u00eftak\u00e9 est disponible sous diff\u00e9rentes formes, notamment sous forme de poudres, de th\u00e9s et de g\u00e9lules. Nos g\u00e9lules de ma\u00eftak\u00e9 constituent un moyen pratique d'int\u00e9grer ce puissant champignon \u00e0 votre routine quotidienne. La posologie recommand\u00e9e est d'une \u00e0 deux g\u00e9lules deux fois par jour, \u00e0 prendre avec des repas et de l'eau. Une utilisation r\u00e9guli\u00e8re est essentielle pour profiter pleinement de ses bienfaits. Le Ma\u00eftak\u00e9 est souvent utilis\u00e9 dans le cadre d'un r\u00e9gime de bien-\u00eatre pour soutenir l'immunit\u00e9, promouvoir la vitalit\u00e9 g\u00e9n\u00e9rale et am\u00e9liorer la r\u00e9sistance naturelle de l'organisme. Alors que certains utilisateurs remarquent des b\u00e9n\u00e9fices en quelques semaines, d'autres peuvent prendre plus de temps pour ressentir des effets notables. Pour maximiser le potentiel du Ma\u00eftak\u00e9, il faut l'associer \u00e0 un r\u00e9gime alimentaire \u00e9quilibr\u00e9 et \u00e0 un mode de vie sain. Comme pour tout suppl\u00e9ment, il est essentiel de respecter la posologie recommand\u00e9e et de consulter un professionnel de la sant\u00e9 si vous avez des probl\u00e8mes de sant\u00e9 pr\u00e9existants.<\/p>\n<h2>Ingr\u00e9dients de Maitake Capsules<\/h2>\n<p>Chaque g\u00e9lule v\u00e9g\u00e9talienne contient 400 mg d'extrait biologique de Ma\u00eftak\u00e9 (Grifola Frondosa) d\u00e9riv\u00e9 des corps fructif\u00e8res 100%. Cet extrait \u00e0 spectre complet est obtenu par extraction \u00e0 l'eau et \u00e0 l'\u00e9thanol afin de maximiser la concentration des compos\u00e9s b\u00e9n\u00e9fiques. L'extrait est normalis\u00e9 pour contenir 30% b\u00eata-glucanes, connus pour leurs propri\u00e9t\u00e9s de soutien immunitaire. Les autres ingr\u00e9dients comprennent le citrate de magn\u00e9sium et le dioxyde de silicium, qui contribuent \u00e0 am\u00e9liorer la stabilit\u00e9 et l'absorption du suppl\u00e9ment. Les g\u00e9lules McMyco Maitake r\u00e9pondent aux normes de qualit\u00e9 les plus \u00e9lev\u00e9es et sont exemptes d'additifs artificiels, ce qui en fait un excellent choix pour ceux qui recherchent un moyen naturel de soutenir leur bien-\u00eatre.<\/p>\n<p><strong>Avertissement :<\/strong><br \/>\nMaitake by McMyco est un compl\u00e9ment alimentaire et doit \u00eatre utilis\u00e9 en cons\u00e9quence. Ne pas d\u00e9passer la dose journali\u00e8re recommand\u00e9e. Tenir le produit hors de port\u00e9e des enfants. Consultez votre m\u00e9decin avant toute utilisation, en particulier si vous \u00eates enceinte, si vous allaitez ou si vous avez des probl\u00e8mes de sant\u00e9. Conserver dans un endroit frais, \u00e0 l'abri de la lumi\u00e8re et \u00e0 temp\u00e9rature ambiante.<\/p>","protected":false},"excerpt":{"rendered":"<p data-pm-slice=\"1 1 []\">D\u00e9couvrez la puissance du Ma\u00eftak\u00e9, \u00e9galement connu sous le nom de \"roi du Mushrooms\". Ce puissant suppl\u00e9ment est riche en nutriments pr\u00e9cieux et en b\u00eata-glucanes, ce qui en fait un super-aliment tr\u00e8s appr\u00e9ci\u00e9. Avec sa longue histoire dans les pratiques de bien-\u00eatre traditionnelles japonaises, le Ma\u00eftak\u00e9 soutient le bien-\u00eatre g\u00e9n\u00e9ral et la vitalit\u00e9.<\/p>","protected":false},"featured_media":134877,"template":"","meta":[],"product_brand":[],"product_cat":[596,297,512,475,521,523,533,515,476,487,486],"product_tag":[662],"class_list":{"0":"post-50193","1":"product","2":"type-product","3":"status-publish","4":"has-post-thumbnail","6":"product_cat-mcmyco","7":"product_cat-all-products","8":"product_cat-extracts","9":"product_cat-healthshop","10":"product_cat-medicinal-mushrooms","11":"product_cat-medicinal-mushrooms-supplements","12":"product_cat-recovery","13":"product_cat-shroomshop","14":"product_cat-smartshop","15":"product_cat-sport","16":"product_cat-superfoods","17":"product_tag-shrdeal","18":"product_shipping_class-creditcard-on","20":"first","21":"instock","22":"taxable","23":"shipping-taxable","24":"purchasable","25":"product-type-variable","26":"has-default-attributes"},"_links":{"self":[{"href":"https:\/\/www.tatanka.nl\/fr\/wp-json\/wp\/v2\/product\/50193","targetHints":{"allow":["GET"]}}],"collection":[{"href":"https:\/\/www.tatanka.nl\/fr\/wp-json\/wp\/v2\/product"}],"about":[{"href":"https:\/\/www.tatanka.nl\/fr\/wp-json\/wp\/v2\/types\/product"}],"wp:featuredmedia":[{"embeddable":true,"href":"https:\/\/www.tatanka.nl\/fr\/wp-json\/wp\/v2\/media\/134877"}],"wp:attachment":[{"href":"https:\/\/www.tatanka.nl\/fr\/wp-json\/wp\/v2\/media?parent=50193"}],"wp:term":[{"taxonomy":"product_brand","embeddable":true,"href":"https:\/\/www.tatanka.nl\/fr\/wp-json\/wp\/v2\/product_brand?post=50193"},{"taxonomy":"product_cat","embeddable":true,"href":"https:\/\/www.tatanka.nl\/fr\/wp-json\/wp\/v2\/product_cat?post=50193"},{"taxonomy":"product_tag","embeddable":true,"href":"https:\/\/www.tatanka.nl\/fr\/wp-json\/wp\/v2\/product_tag?post=50193"}],"curies":[{"name":"wp","href":"https:\/\/api.w.org\/{rel}","templated":true}]}}