{"id":50716,"date":"2022-07-11T13:57:25","date_gmt":"2022-07-11T11:57:25","guid":{"rendered":"https:\/\/www.tatanka.nl\/?post_type=product&#038;p=50716"},"modified":"2025-05-20T08:02:04","modified_gmt":"2025-05-20T07:02:04","slug":"galangae-herbs","status":"publish","type":"product","link":"https:\/\/www.tatanka.nl\/fr\/galangae-herbs\/","title":{"rendered":"Galangae"},"content":{"rendered":"<h2 data-pm-slice=\"1 3 []\">Qu'est-ce que la galangue ?<\/h2>\n<p>Galangae (<em>Alpinia Officinarum<\/em>), \u00e9galement connu sous le nom de petit galanga, est un produit naturel largement utilis\u00e9 en Asie du Sud-Est. Cette plante appartient \u00e0 la famille du gingembre et est appr\u00e9ci\u00e9e depuis des si\u00e8cles pour ses puissantes propri\u00e9t\u00e9s. La plante elle-m\u00eame peut atteindre jusqu'\u00e0 deux m\u00e8tres de haut et se caract\u00e9rise par ses longues feuilles minces et ses magnifiques fleurs blanches marqu\u00e9es de rouge.<\/p>\n<p>La galanga est riche en compos\u00e9s bioactifs, notamment en flavono\u00efdes tels que la galangine, qui contribuent \u00e0 ses effets antibact\u00e9riens et antiviraux potentiels. Traditionnellement, il est utilis\u00e9 pour favoriser la digestion, la circulation et la vitalit\u00e9 g\u00e9n\u00e9rale. Ses propri\u00e9t\u00e9s \u00e9nergisantes et stimulantes en ont fait un choix populaire parmi les amateurs de plantes \u00e0 la recherche d'un coup de fouet naturel.<\/p>\n<div><\/div>\n<h2>Histoire de Galangae<\/h2>\n<p>Le galanga est profond\u00e9ment enracin\u00e9 dans la culture asiatique, en particulier dans les m\u00e9decines chinoise et ayurv\u00e9dique. Les anciens gu\u00e9risseurs croyaient en ses propri\u00e9t\u00e9s r\u00e9chauffantes et stimulantes et l'utilisaient pour traiter une vari\u00e9t\u00e9 de maux, de l'inconfort digestif aux infections.<\/p>\n<p>Cette plante \u00e9tait \u00e9galement une denr\u00e9e pr\u00e9cieuse dans l'Europe m\u00e9di\u00e9vale, o\u00f9 elle \u00e9tait import\u00e9e par les routes commerciales et utilis\u00e9e \u00e0 la fois comme \u00e9pice et comme ingr\u00e9dient m\u00e9dicinal. Au fil des si\u00e8cles, la galanga a conserv\u00e9 son statut de puissant rem\u00e8de naturel, devenant un \u00e9l\u00e9ment essentiel de la m\u00e9decine traditionnelle. Aujourd'hui, elle est toujours tr\u00e8s appr\u00e9ci\u00e9e pour sa combinaison unique d'applications th\u00e9rapeutiques et culinaires.<\/p>\n<div><\/div>\n<h2>Comment utiliser la galanga<\/h2>\n<p>La galanga est une plante polyvalente qui peut \u00eatre consomm\u00e9e de diff\u00e9rentes mani\u00e8res, selon les pr\u00e9f\u00e9rences personnelles et les effets recherch\u00e9s. L'une des m\u00e9thodes les plus courantes consiste \u00e0 la pr\u00e9parer sous forme de th\u00e9. Il suffit de faire infuser 1 gramme de galanga dans de l'eau chaude pendant quelques minutes pour obtenir une infusion chaude et aromatique.<\/p>\n<p>Outre le th\u00e9, la galanga peut \u00eatre ajout\u00e9e \u00e0 des m\u00e9langes de plantes ou utilis\u00e9e sous forme de poudre. Certaines personnes choisissent de l'incorporer \u00e0 leur r\u00e9gime alimentaire en tant qu'\u00e9pice, ce qui am\u00e9liore \u00e0 la fois la saveur et les bienfaits potentiels pour la sant\u00e9. Qu'elle soit consomm\u00e9e sous forme de th\u00e9 ou combin\u00e9e \u00e0 d'autres plantes, la galanga est un moyen naturel et efficace de favoriser le bien-\u00eatre.<\/p>\n<p>Pour des r\u00e9sultats optimaux, respectez la dose recommand\u00e9e de 1 gramme par jour. Consultez toujours un professionnel de la sant\u00e9 avant d'introduire de nouveaux compl\u00e9ments \u00e0 base de plantes, en particulier si vous avez des probl\u00e8mes de sant\u00e9 pr\u00e9existants.<\/p>\n<div><\/div>\n<h2>Ingr\u00e9dients de la galanga<\/h2>\n<p>Indian Elements Galangae consiste en 100% pur <em>Alpinia Officinarum<\/em>. Ce produit \u00e0 base de plantes ne contient pas d'additifs, d'ingr\u00e9dients artificiels ou de conservateurs, ce qui garantit une exp\u00e9rience \u00e0 base de plantes enti\u00e8rement naturelle et de haute qualit\u00e9.<\/p>\n<p>Le principal composant actif de la galanga est la galangine, un flavono\u00efde connu pour ses propri\u00e9t\u00e9s antioxydantes, antibact\u00e9riennes et antivirales. En outre, cette plante est riche en huiles essentielles et en phytonutriments qui contribuent \u00e0 ses effets \u00e9nergisants et stimulants.<\/p>\n<p>Indian Elements garantit la meilleure qualit\u00e9 en offrant le Galanga sous sa forme la plus pure, ce qui en fait un compl\u00e9ment parfait \u00e0 toute routine de bien-\u00eatre \u00e0 base de plantes.<\/p>\n<div><\/div>\n<p><strong>Avertissement :<\/strong><\/p>\n<ul data-spread=\"false\">\n<li>A utiliser par des adultes \u00e2g\u00e9s de 18 ans et plus. Tenir hors de port\u00e9e des enfants.<\/li>\n<li>Ne pas utiliser r\u00e9guli\u00e8rement. Cette plante est un compl\u00e9ment alimentaire, pas un m\u00e9dicament, et doit \u00eatre utilis\u00e9e en cons\u00e9quence.<\/li>\n<li>Ne pas acheter ou consommer si le sceau est bris\u00e9.<\/li>\n<li>\u00c9vitez d'utiliser ce produit si vous avez des probl\u00e8mes de sant\u00e9 pr\u00e9existants ou si vous prenez des m\u00e9dicaments. Consultez un professionnel de la sant\u00e9 avant de l'utiliser.<\/li>\n<li>De grandes quantit\u00e9s peuvent entra\u00eener de l\u00e9gers effets psych\u00e9d\u00e9liques. Ne pas conduire ou utiliser de machines apr\u00e8s avoir consomm\u00e9 ce produit.<\/li>\n<\/ul>","protected":false},"excerpt":{"rendered":"<p data-pm-slice=\"1 1 []\">Le galanga est une plante puissante et polyvalente qui plonge ses racines dans les traditions culinaires et m\u00e9dicinales asiatiques. Cette plante apparent\u00e9e au gingembre est connue pour ses effets potentiels sur le syst\u00e8me nerveux central, la digestion et la circulation. Elle est \u00e9galement appr\u00e9ci\u00e9e comme aphrodisiaque naturel et peut, \u00e0 fortes doses, induire de l\u00e9g\u00e8res exp\u00e9riences psych\u00e9d\u00e9liques. Gorg\u00e9 d'antioxydants, le galanga offre une combinaison unique de bienfaits sous une forme enti\u00e8rement naturelle.<\/p>","protected":false},"featured_media":125935,"template":"","meta":[],"product_brand":[],"product_cat":[597,297,475,477,479,533,511,383,476,480],"product_tag":[],"class_list":{"0":"post-50716","1":"product","2":"type-product","3":"status-publish","4":"has-post-thumbnail","6":"product_cat-indian-elements","7":"product_cat-all-products","8":"product_cat-healthshop","9":"product_cat-herbs","10":"product_cat-medicinal-herbs","11":"product_cat-recovery","12":"product_cat-relax-herbs","13":"product_cat-sex-shop","14":"product_cat-smartshop","15":"product_cat-supplements","17":"first","18":"instock","19":"taxable","20":"shipping-taxable","21":"purchasable","22":"product-type-variable","23":"has-default-attributes"},"_links":{"self":[{"href":"https:\/\/www.tatanka.nl\/fr\/wp-json\/wp\/v2\/product\/50716","targetHints":{"allow":["GET"]}}],"collection":[{"href":"https:\/\/www.tatanka.nl\/fr\/wp-json\/wp\/v2\/product"}],"about":[{"href":"https:\/\/www.tatanka.nl\/fr\/wp-json\/wp\/v2\/types\/product"}],"wp:featuredmedia":[{"embeddable":true,"href":"https:\/\/www.tatanka.nl\/fr\/wp-json\/wp\/v2\/media\/125935"}],"wp:attachment":[{"href":"https:\/\/www.tatanka.nl\/fr\/wp-json\/wp\/v2\/media?parent=50716"}],"wp:term":[{"taxonomy":"product_brand","embeddable":true,"href":"https:\/\/www.tatanka.nl\/fr\/wp-json\/wp\/v2\/product_brand?post=50716"},{"taxonomy":"product_cat","embeddable":true,"href":"https:\/\/www.tatanka.nl\/fr\/wp-json\/wp\/v2\/product_cat?post=50716"},{"taxonomy":"product_tag","embeddable":true,"href":"https:\/\/www.tatanka.nl\/fr\/wp-json\/wp\/v2\/product_tag?post=50716"}],"curies":[{"name":"wp","href":"https:\/\/api.w.org\/{rel}","templated":true}]}}