{"id":73681,"date":"2022-12-23T16:18:11","date_gmt":"2022-12-23T14:18:11","guid":{"rendered":"https:\/\/www.tatanka.nl\/?post_type=product&#038;p=73681"},"modified":"2026-03-26T00:48:28","modified_gmt":"2026-03-25T23:48:28","slug":"cbd-sleep-well-gummies","status":"publish","type":"product","link":"https:\/\/www.tatanka.nl\/fr\/cbd-sleep-well-gummies\/","title":{"rendered":"CBD Sleep Well Gummies"},"content":{"rendered":"<h2>Qu'est-ce que les gommes CBD Sleep Well ?<\/h2>\n<p>Les CBD Sleep Well Gummies sont de d\u00e9licieuses gommes aromatis\u00e9es aux fruits de Dr. Candy, contenant chacune 10 mg de CBD et 0,3 mg de m\u00e9latonine pour favoriser un sommeil r\u00e9parateur. Con\u00e7us pour rem\u00e9dier aux difficult\u00e9s d'endormissement, ces gommes exploitent les propri\u00e9t\u00e9s s\u00e9datives et analg\u00e9siques du CBD ainsi que la capacit\u00e9 de la m\u00e9latonine \u00e0 r\u00e9guler le cycle veille-sommeil. Parfaits pour les adultes qui luttent contre l'insomnie, le stress ou l'anxi\u00e9t\u00e9, les gommes CBD Sleep Well offrent une solution naturelle et non psychoactive pour vous aider \u00e0 vous d\u00e9tendre et \u00e0 mieux dormir. Exempts de THC, ils garantissent une exp\u00e9rience lucide tout en favorisant le calme mental et physique. Id\u00e9ales pour une utilisation nocturne, ces gommes constituent une alternative pratique et savoureuse aux huiles de CBD ou aux somnif\u00e8res. Commencez par une gomme par jour pour augmenter les niveaux de CBD, et profitez de leurs effets apaisants dans les 30 \u00e0 60 minutes, vous aidant \u00e0 vous endormir plus rapidement et \u00e0 rester endormi plus longtemps. Les gommes CBD Sleep Well combinent bien-\u00eatre et plaisir, ce qui en fait un excellent choix pour ceux qui cherchent \u00e0 am\u00e9liorer la qualit\u00e9 de leur sommeil de mani\u00e8re naturelle. Leur format portable et savoureux s'int\u00e8gre parfaitement \u00e0 la routine du soir, offrant une mani\u00e8re douce de r\u00e9tablir l'\u00e9quilibre et d'obtenir une nuit de sommeil rafra\u00eechissante et non perturb\u00e9e.<\/p>\n<h2>Comment utiliser les gommes CBD pour bien dormir ?<\/h2>\n<p>L'utilisation des gommes CBD Sleep Well Gummies est un moyen simple et agr\u00e9able de favoriser un sommeil r\u00e9parateur. Commencez par une gomme par jour, de pr\u00e9f\u00e9rence le soir, au cours de la premi\u00e8re semaine pour augmenter les niveaux de CBD dans votre syst\u00e8me et permettre au corps d'\u00e9tablir une base pour ses effets calmants. M\u00e2chez lentement la gomme, en savourant son ar\u00f4me de fruit, pour maximiser l'absorption. Attendez-vous \u00e0 des effets tels que la relaxation et l'am\u00e9lioration de la pr\u00e9paration au sommeil dans les 30 \u00e0 60 minutes qui suivent et qui durent toute la nuit. Si n\u00e9cessaire, augmentez la dose \u00e0 deux gommes par jour, mais ne d\u00e9passez pas 100 mg de CBD par jour pour des raisons de s\u00e9curit\u00e9. Consommez-les dans un environnement calme, par exemple dans le cadre de votre routine du coucher, afin de renforcer leurs propri\u00e9t\u00e9s apaisantes. Les gommes sont portables, ce qui permet de les utiliser facilement \u00e0 la maison ou en voyage. Conservez les CBD Sleep Well Gummies dans un endroit frais et sombre, comme un placard de cuisine, pour pr\u00e9server leur qualit\u00e9. \u00c9vitez de les combiner avec de l'alcool, des m\u00e9dicaments ou d'autres stimulants pour que l'exp\u00e9rience se passe bien. Cette m\u00e9thode simple fait des gommes un compl\u00e9ment agr\u00e9able aux rituels nocturnes, offrant un moyen savoureux et naturel de favoriser la relaxation et un meilleur sommeil avec un minimum d'effort, ce qui est parfait pour r\u00e9tablir l'\u00e9quilibre.<\/p>\n<h2>Ingr\u00e9dients de CBD Sleep Well Gummies<\/h2>\n<p>Les gommes CBD Sleep Well contiennent un m\u00e9lange d'ingr\u00e9dients soigneusement \u00e9labor\u00e9 : 10 mg de CBD, 0,3 mg de m\u00e9latonine, du glucose, du sucre, des colorants et ar\u00f4mes naturels, de la g\u00e9latine et de l'acide citrique. Le CBD, extrait du chanvre, a des propri\u00e9t\u00e9s s\u00e9datives et analg\u00e9siques, favorisant la relaxation et le soulagement du stress sans effets psychoactifs. La m\u00e9latonine, une hormone naturelle, r\u00e9gule le cycle veille-sommeil, vous aidant \u00e0 vous endormir plus rapidement et \u00e0 rester endormi plus longtemps. Le glucose et le sucre ajoutent de la douceur, tandis que les colorants et les ar\u00f4mes naturels donnent un d\u00e9licieux go\u00fbt de fruit. La g\u00e9latine donne aux gommes leur texture moelleuse et l'acide citrique leur conf\u00e8re un go\u00fbt subtil, \u00e9quilibrant ainsi le profil de saveur. Exempts de THC et d'additifs synth\u00e9tiques, les CBD Sleep Well Gummies garantissent un compl\u00e9ment pur, \u00e0 base de plantes, qui s'aligne sur les principes du bien-\u00eatre naturel. Chaque ingr\u00e9dient est s\u00e9lectionn\u00e9 en fonction de sa qualit\u00e9 et de sa consistance, pour une exp\u00e9rience fiable et agr\u00e9able. Conserver au frais et \u00e0 l'abri de la lumi\u00e8re pour pr\u00e9server l'efficacit\u00e9 du produit. Cette formulation r\u00e9fl\u00e9chie fait des CBD Sleep Well Gummies un choix d\u00e9licieux et efficace pour les adultes qui recherchent un moyen naturel d'am\u00e9liorer la qualit\u00e9 de leur sommeil, en combinant les bienfaits th\u00e9rapeutiques du CBD et de la m\u00e9latonine avec le plaisir des bonbons g\u00e9lifi\u00e9s, pour une exp\u00e9rience reposante et r\u00e9paratrice.<\/p>\n<p><strong>Avertissement<\/strong><br \/>\nTenir hors de port\u00e9e des enfants. Ne convient pas aux femmes enceintes ni aux enfants. Ne pas utiliser si vous souffrez d'hypertension ou d'hypotension, de probl\u00e8mes cardiaques ou pulmonaires, de diab\u00e8te ou si vous consommez des m\u00e9dicaments, des drogues ou de l'alcool.<\/p>","protected":false},"excerpt":{"rendered":"<p dir=\"auto\">Les gommes CBD Sleep Well, de Dr. Candy, contiennent 10 mg de CBD et 0,3 mg de m\u00e9latonine par gomme pour favoriser un sommeil r\u00e9parateur. Ces friandises naturelles aromatis\u00e9es aux fruits aident \u00e0 calmer l'esprit et le corps, favorisant un cycle veille-sommeil sain.<\/p>","protected":false},"featured_media":73711,"template":"","meta":[],"product_brand":[],"product_cat":[605,297,611],"product_tag":[],"class_list":{"0":"post-73681","1":"product","2":"type-product","3":"status-publish","4":"has-post-thumbnail","6":"product_cat-dr-candy","7":"product_cat-all-products","8":"product_cat-edibles","10":"first","11":"instock","12":"taxable","13":"shipping-taxable","14":"purchasable","15":"product-type-variable","16":"has-default-attributes"},"_links":{"self":[{"href":"https:\/\/www.tatanka.nl\/fr\/wp-json\/wp\/v2\/product\/73681","targetHints":{"allow":["GET"]}}],"collection":[{"href":"https:\/\/www.tatanka.nl\/fr\/wp-json\/wp\/v2\/product"}],"about":[{"href":"https:\/\/www.tatanka.nl\/fr\/wp-json\/wp\/v2\/types\/product"}],"wp:featuredmedia":[{"embeddable":true,"href":"https:\/\/www.tatanka.nl\/fr\/wp-json\/wp\/v2\/media\/73711"}],"wp:attachment":[{"href":"https:\/\/www.tatanka.nl\/fr\/wp-json\/wp\/v2\/media?parent=73681"}],"wp:term":[{"taxonomy":"product_brand","embeddable":true,"href":"https:\/\/www.tatanka.nl\/fr\/wp-json\/wp\/v2\/product_brand?post=73681"},{"taxonomy":"product_cat","embeddable":true,"href":"https:\/\/www.tatanka.nl\/fr\/wp-json\/wp\/v2\/product_cat?post=73681"},{"taxonomy":"product_tag","embeddable":true,"href":"https:\/\/www.tatanka.nl\/fr\/wp-json\/wp\/v2\/product_tag?post=73681"}],"curies":[{"name":"wp","href":"https:\/\/api.w.org\/{rel}","templated":true}]}}