{"id":73689,"date":"2022-12-23T16:18:13","date_gmt":"2022-12-23T14:18:13","guid":{"rendered":"https:\/\/www.tatanka.nl\/?post_type=product&#038;p=73689"},"modified":"2025-07-08T09:53:55","modified_gmt":"2025-07-08T08:53:55","slug":"cbd-love-gummies","status":"publish","type":"product","link":"https:\/\/www.tatanka.nl\/fr\/cbd-love-gummies\/","title":{"rendered":"CBD Love Gummies"},"content":{"rendered":"<h2>Qu'est-ce que les CBD Love Gummies ?<\/h2>\n<p>Les CBD Love Gummies sont des friandises d\u00e9lectables en forme de c\u0153ur de Dr. Candy, con\u00e7ues pour susciter la passion et am\u00e9liorer l'intimit\u00e9. Chaque gomme contient 4 mg de CBD, ainsi que de puissants aphrodisiaques, la Damiana et le Muira Puama, connu sous le nom de \"Viagra de l'Amazonie\". Avec leur douce saveur de fraise, les CBD Love Gummies offrent un moyen naturel et agr\u00e9able d'intensifier les moments romantiques pour les adultes. Ces gommes favorisent un sentiment accru de connexion et de d\u00e9sir, ce qui les rend parfaites pour des soir\u00e9es inoubliables avec votre partenaire. Exempts d'additifs synth\u00e9tiques, ils constituent un compl\u00e9ment s\u00fbr, \u00e0 base de plantes, qui favorise la proximit\u00e9 \u00e9motionnelle et physique. Faciles \u00e0 int\u00e9grer dans votre routine, les CBD Love Gummies d\u00e9ploient leurs effets en 30 \u00e0 60 minutes, cr\u00e9ant une exp\u00e9rience chaleureuse et passionn\u00e9e. Id\u00e9ales pour ceux qui cherchent \u00e0 allumer leur feu int\u00e9rieur, ces gommes combinent bien-\u00eatre et plaisir dans un format d\u00e9licieux. Commencez par une gomme par jour pour augmenter les niveaux de CBD et profitez de la synergie des ingr\u00e9dients naturels qui favorisent l'amour et l'excitation. Les CBD Love Gummies transforment les moments ordinaires en exp\u00e9riences extraordinaires et passionn\u00e9es, pour que vous et votre partenaire puissiez savourer chaque seconde de connexion.<\/p>\n<h2>Comment utiliser les CBD Love Gummies ?<\/h2>\n<p>L'utilisation des CBD Love Gummies est un moyen simple et agr\u00e9able d'am\u00e9liorer l'intimit\u00e9 et la passion. Commencez par consommer une gomme par jour au cours de la premi\u00e8re semaine afin d'augmenter les niveaux de CBD dans votre syst\u00e8me et de permettre au corps d'\u00e9tablir une base pour ses effets calmants. Si vous le souhaitez, passez \u00e0 deux gommes par jour, mais ne d\u00e9passez pas 100 mg de CBD par jour pour des raisons de s\u00e9curit\u00e9. M\u00e2chez lentement le chewing-gum, en savourant sa douce saveur de fraise, et attendez-vous \u00e0 des effets tels qu'une augmentation du d\u00e9sir et une relaxation dans les 30 \u00e0 60 minutes qui suivent. Prenez les gommes environ une heure avant un moment romantique pour maximiser leurs propri\u00e9t\u00e9s aphrodisiaques, id\u00e9alement dans un environnement confortable et intime. Conservez les CBD Love Gummies dans un endroit frais et sombre, comme un placard de cuisine, afin de pr\u00e9server leur puissance. \u00c9vitez de les combiner avec de l'alcool, des m\u00e9dicaments ou d'autres stimulants, afin de garantir une exp\u00e9rience harmonieuse. Cette m\u00e9thode simple fait de ces gommes un compl\u00e9ment pratique \u00e0 votre routine, favorisant l'amour et la connexion sans effort. En utilisant les CBD Love Gummies en toute connaissance de cause, vous pouvez faire na\u00eetre la passion et cr\u00e9er des moments m\u00e9morables et passionn\u00e9s avec votre partenaire, en profitant de la synergie naturelle du CBD et des plantes amazoniennes.<\/p>\n<h2>Ingr\u00e9dients des CBD Love Gummies<\/h2>\n<p>Les CBD Love Gummies contiennent un m\u00e9lange puissant de trois ingr\u00e9dients cl\u00e9s : 4 mg de CBD, 100 mg de Damiana (Turnera Diffusa) et 100 mg de Muira Puama (Ptychopetalum olacoides). Le CBD, extrait du chanvre, poss\u00e8de des propri\u00e9t\u00e9s calmantes et non psychoactives qui favorisent la relaxation et l'\u00e9quilibre \u00e9motionnel. La damiana, plante traditionnelle d'Am\u00e9rique centrale, est r\u00e9put\u00e9e pour ses effets aphrodisiaques, favorisant le d\u00e9sir et la vitalit\u00e9. Le Muira Puama, connu sous le nom de \"Viagra de l'Amazonie\", am\u00e9liore la libido et l'endurance, en compl\u00e9ment du Damiana, pour une stimulation puissante et naturelle. Ces ingr\u00e9dients d'origine v\u00e9g\u00e9tale sont exempts d'additifs artificiels, ce qui garantit un suppl\u00e9ment pur et s\u00fbr. L'ar\u00f4me de fraise des gommes ajoute une touche d\u00e9licieuse, ce qui les rend agr\u00e9ables \u00e0 consommer. Chaque ingr\u00e9dient est soigneusement s\u00e9lectionn\u00e9 pour maintenir sa qualit\u00e9 et sa puissance, afin d'offrir une exp\u00e9rience fiable et propice \u00e0 la passion. Conservez-les dans un endroit frais et sombre pour pr\u00e9server leur efficacit\u00e9. Cette formulation synergique fait des CBD Love Gummies un choix unique pour les adultes qui cherchent \u00e0 am\u00e9liorer leur intimit\u00e9 de mani\u00e8re naturelle, en combinant les bienfaits apaisants du CBD et les propri\u00e9t\u00e9s stimulantes des herbes amazoniennes pour cr\u00e9er une friandise savoureuse et efficace qui favorise la connexion et l'excitation dans les moments romantiques.<\/p>\n<p><strong>Avertissement<\/strong><br \/>\nTenir hors de port\u00e9e des enfants. Ne convient pas aux femmes enceintes ni aux enfants. Ne pas utiliser si vous souffrez d'hypertension ou d'hypotension, de probl\u00e8mes cardiaques ou pulmonaires, de diab\u00e8te ou si vous consommez des m\u00e9dicaments, des drogues ou de l'alcool.<\/p>","protected":false},"excerpt":{"rendered":"<p dir=\"auto\">Les CBD Love Gummies, friandises en forme de c\u0153ur de Dr. Candy, m\u00e9langent 4 mg de CBD \u00e0 de puissants aphrodisiaques, la Damiana et le Muira Puama. Ces gommes aromatis\u00e9es \u00e0 la fraise enflamment la passion et renforcent l'intimit\u00e9, offrant un moyen naturel et d\u00e9licieux d'\u00e9lever les exp\u00e9riences romantiques.<\/p>","protected":false},"featured_media":73717,"template":"","meta":[],"product_brand":[],"product_cat":[605,297,611],"product_tag":[],"class_list":{"0":"post-73689","1":"product","2":"type-product","3":"status-publish","4":"has-post-thumbnail","6":"product_cat-dr-candy","7":"product_cat-all-products","8":"product_cat-edibles","10":"first","11":"instock","12":"taxable","13":"shipping-taxable","14":"purchasable","15":"product-type-variable","16":"has-default-attributes"},"_links":{"self":[{"href":"https:\/\/www.tatanka.nl\/fr\/wp-json\/wp\/v2\/product\/73689","targetHints":{"allow":["GET"]}}],"collection":[{"href":"https:\/\/www.tatanka.nl\/fr\/wp-json\/wp\/v2\/product"}],"about":[{"href":"https:\/\/www.tatanka.nl\/fr\/wp-json\/wp\/v2\/types\/product"}],"wp:featuredmedia":[{"embeddable":true,"href":"https:\/\/www.tatanka.nl\/fr\/wp-json\/wp\/v2\/media\/73717"}],"wp:attachment":[{"href":"https:\/\/www.tatanka.nl\/fr\/wp-json\/wp\/v2\/media?parent=73689"}],"wp:term":[{"taxonomy":"product_brand","embeddable":true,"href":"https:\/\/www.tatanka.nl\/fr\/wp-json\/wp\/v2\/product_brand?post=73689"},{"taxonomy":"product_cat","embeddable":true,"href":"https:\/\/www.tatanka.nl\/fr\/wp-json\/wp\/v2\/product_cat?post=73689"},{"taxonomy":"product_tag","embeddable":true,"href":"https:\/\/www.tatanka.nl\/fr\/wp-json\/wp\/v2\/product_tag?post=73689"}],"curies":[{"name":"wp","href":"https:\/\/api.w.org\/{rel}","templated":true}]}}