{"id":8344,"date":"2017-12-29T15:18:23","date_gmt":"2017-12-29T15:18:23","guid":{"rendered":"http:\/\/www.tatanka.nl\/?post_type=product&#038;p=8344"},"modified":"2025-05-20T11:02:02","modified_gmt":"2025-05-20T10:02:02","slug":"absinthe-10x-extract","status":"publish","type":"product","link":"https:\/\/www.tatanka.nl\/fr\/absinthe-10x-extract\/","title":{"rendered":"Absinthe \u2013 10x Extract"},"content":{"rendered":"<h2 data-start=\"385\" data-end=\"427\">Qu'est-ce que l'Artemisia Absinthium Extracts ?<\/h2>\n<p data-start=\"429\" data-end=\"946\">L'extrait d'Artemisia Absinthium est d\u00e9riv\u00e9 des boutons de la plante Artemisia Absinthium, commun\u00e9ment appel\u00e9e absinthe. Cette plante rare est devenue c\u00e9l\u00e8bre principalement en raison de son utilisation dans la cr\u00e9ation de l'absinthe, une boisson alcoolis\u00e9e forte qui a \u00e9t\u00e9 populaire parmi les artistes et les cr\u00e9atifs pour sa capacit\u00e9 r\u00e9put\u00e9e \u00e0 favoriser la relaxation et \u00e0 stimuler la cr\u00e9ativit\u00e9. La nature am\u00e8re de la plante et ses propri\u00e9t\u00e9s m\u00e9dicinales remontent \u00e0 plusieurs si\u00e8cles, son utilisation \u00e9tant \u00e0 l'origine destin\u00e9e \u00e0 faciliter la digestion et \u00e0 traiter les probl\u00e8mes d'estomac.<\/p>\n<p data-start=\"948\" data-end=\"1534\">L'extrait lui-m\u00eame est une forme concentr\u00e9e de la plante, ce qui le rend beaucoup plus puissant que les herbes s\u00e9ch\u00e9es traditionnelles. Sa polyvalence permet diverses utilisations, notamment la pr\u00e9paration de th\u00e9s calmants ou l'ajout \u00e0 des boissons alcoolis\u00e9es. Selon l'\u00e9tat physique et mental de l'utilisateur, les effets peuvent varier consid\u00e9rablement, ce qui contribue \u00e0 sa r\u00e9putation de plante m\u00e9dicinale et r\u00e9cr\u00e9ative. Si l'extrait peut induire un sentiment de calme, il peut \u00e9galement produire des effets plus intenses lorsqu'il est combin\u00e9 \u00e0 de l'alcool, bien que ces exp\u00e9riences puissent varier consid\u00e9rablement d'une personne \u00e0 l'autre.<\/p>\n<h2 data-start=\"1541\" data-end=\"1583\">Histoire de l'extrait d'Artemisia Absinthium<\/h2>\n<p data-start=\"1585\" data-end=\"2002\">L'histoire de l'Artemisia Absinthium remonte \u00e0 l'Antiquit\u00e9, o\u00f9 ses propri\u00e9t\u00e9s m\u00e9dicinales \u00e9taient bien connues dans diverses cultures. La plante \u00e9tait utilis\u00e9e comme rem\u00e8de pour les probl\u00e8mes digestifs et constituait un ingr\u00e9dient courant dans les premiers traitements m\u00e9dicaux. Ses applications m\u00e9dicinales ont \u00e9t\u00e9 prises tr\u00e8s au s\u00e9rieux par les gu\u00e9risseurs et les m\u00e9decins aux XVIIIe et XIXe si\u00e8cles, l'absinthe \u00e9tant un \u00e9l\u00e9ment cl\u00e9 de l'arsenal de l'apothicaire.<\/p>\n<p data-start=\"2004\" data-end=\"2532\">La notori\u00e9t\u00e9 de l'Artemisia Absinthium s'est accrue au cours du XIXe si\u00e8cle, notamment en raison de son utilisation dans l'absinthe. Cette boisson fortement alcoolis\u00e9e est devenue particuli\u00e8rement populaire en France, o\u00f9 elle \u00e9tait connue sous le nom de \"F\u00e9e verte\". De nombreux artistes, dont Van Gogh, ont \u00e9t\u00e9 attir\u00e9s par les effets calmants et cr\u00e9atifs attribu\u00e9s \u00e0 l'absinthe, l'utilisant comme muse pour leurs \u0153uvres. Cependant, les propri\u00e9t\u00e9s psychoactives de la plante ont conduit \u00e0 son interdiction dans plusieurs pays au d\u00e9but du 20e si\u00e8cle, car on craignait qu'elle ne provoque des hallucinations et une d\u00e9pendance.<\/p>\n<p data-start=\"2534\" data-end=\"2819\">Malgr\u00e9 son interdiction, l'Artemisia Absinthium est rest\u00e9e un sujet d'int\u00e9r\u00eat pour les professionnels de la sant\u00e9 et les amateurs. Aujourd'hui, l'extrait est \u00e0 nouveau disponible sous diff\u00e9rentes formes, y compris sous forme de produit concentr\u00e9, et est utilis\u00e9 \u00e0 la fois pour ses effets relaxants et en tant que curiosit\u00e9 historique.<\/p>\n<h2 data-start=\"2826\" data-end=\"2868\">Comment utiliser l'extrait d'Artemisia Absinthium ?<\/h2>\n<p data-start=\"2870\" data-end=\"3364\">L'extrait d'Artemisia Absinthium est une forme puissante de la plante. Il est donc essentiel de savoir comment l'utiliser correctement pour profiter de ses bienfaits. L'une des fa\u00e7ons les plus courantes d'utiliser l'extrait est d'en faire du th\u00e9. Il suffit de dissoudre une petite quantit\u00e9 d'extrait dans de l'eau chaude pour obtenir une boisson calmante qui peut aider \u00e0 apaiser l'estomac et \u00e0 soulager l'inconfort digestif. Il est important de noter que l'extrait est tr\u00e8s concentr\u00e9, de sorte que seules quelques gouttes ou une petite portion sont n\u00e9cessaires pour un service.<\/p>\n<p data-start=\"3366\" data-end=\"3778\">Outre son utilisation sous forme de th\u00e9, l'extrait d'Artemisia Absinthium peut \u00e9galement \u00eatre ajout\u00e9 \u00e0 l'alcool pour cr\u00e9er une boisson unique et puissante. Combin\u00e9 \u00e0 des boissons comme la vodka ou l'absinthe, il peut rehausser la saveur de la boisson et offrir une exp\u00e9rience diff\u00e9rente selon l'\u00e9tat d'esprit de l'utilisateur. Cependant, les utilisateurs doivent \u00eatre prudents lorsqu'ils m\u00e9langent l'extrait avec de l'alcool, car les effets peuvent varier consid\u00e9rablement.<\/p>\n<p data-start=\"3780\" data-end=\"3925\">Avant d'utiliser l'extrait d'Artemisia Absinthium, il est recommand\u00e9 de comprendre la tol\u00e9rance de votre corps et de commencer par de petites quantit\u00e9s pour \u00e9valuer son impact.<\/p>\n<h2 data-start=\"3932\" data-end=\"3978\">Ingr\u00e9dients de l'extrait d'Artemisia Absinthium<\/h2>\n<p data-start=\"3980\" data-end=\"4415\">Le principal ingr\u00e9dient de l'extrait d'Artemisia Absinthium est, naturellement, l'Artemisia Absinthium elle-m\u00eame. Cette plante, souvent appel\u00e9e absinthe, contient une vari\u00e9t\u00e9 de compos\u00e9s qui contribuent \u00e0 ses propri\u00e9t\u00e9s m\u00e9dicinales. L'un des plus remarquables est la thuyone, un compos\u00e9 chimique qui serait responsable de certains des effets psychoactifs attribu\u00e9s \u00e0 la plante, en particulier lorsqu'elle est consomm\u00e9e en grandes quantit\u00e9s ou m\u00e9lang\u00e9e \u00e0 de l'alcool.<\/p>\n<p data-start=\"4417\" data-end=\"4816\">L'extrait contient \u00e9galement des huiles essentielles cens\u00e9es avoir des effets calmants et digestifs. Ces huiles sont g\u00e9n\u00e9ralement extraites des bourgeons ou des feuilles de la plante, qui sont riches en compos\u00e9s b\u00e9n\u00e9fiques. L'Artemisia Absinthium poss\u00e8de des propri\u00e9t\u00e9s antibact\u00e9riennes, antifongiques et anti-inflammatoires, ce qui la rend utile non seulement pour les probl\u00e8mes digestifs, mais aussi comme rem\u00e8de \u00e0 d'autres affections.<\/p>\n<p data-start=\"4818\" data-end=\"5117\">Bien que l'extrait soit puissant, sa composition est naturelle et, lorsqu'il est utilis\u00e9 de mani\u00e8re responsable, l'extrait d'Artemisia Absinthium peut offrir toute une s\u00e9rie de bienfaits. Il est toutefois important de noter que les effets peuvent varier en fonction de l'\u00e9tat physique et mental de l'individu et que le dosage doit toujours \u00eatre pris en compte.<\/p>\n<p data-start=\"5124\" data-end=\"5136\"><strong data-start=\"5124\" data-end=\"5136\">Avertissement :<\/strong><\/p>\n<p data-start=\"5138\" data-end=\"5680\" data-is-last-node=\"\">Bien que l'extrait d'Artemisia Absinthium puisse offrir des avantages tels que la relaxation et le soulagement digestif, il doit \u00eatre utilis\u00e9 avec prudence, en particulier lorsqu'il est associ\u00e9 \u00e0 de l'alcool. En raison de sa puissance, ses effets peuvent varier d'une personne \u00e0 l'autre et, en grande quantit\u00e9, il peut provoquer des r\u00e9actions ind\u00e9sirables. Consultez toujours un professionnel de la sant\u00e9 avant d'utiliser l'extrait d'Artemisia Absinthium, en particulier si vous \u00eates enceinte, si vous allaitez ou si vous avez des probl\u00e8mes de sant\u00e9 pr\u00e9existants. Utilisez-le avec mod\u00e9ration et soyez attentif \u00e0 la r\u00e9action de votre corps \u00e0 l'extrait.<\/p>","protected":false},"excerpt":{"rendered":"<p>L'extrait d'Artemisia Absinthium est un concentr\u00e9 puissant fabriqu\u00e9 \u00e0 partir de la plante rare Artemisia Absinthium, largement connue pour son utilisation dans la boisson alcoolis\u00e9e embl\u00e9matique, l'Absinthe. Connu pour sa saveur am\u00e8re et son utilisation m\u00e9dicinale historique, cet extrait est souvent utilis\u00e9 pour favoriser la relaxation et on lui pr\u00eate divers effets lorsqu'il est consomm\u00e9 en combinaison avec de l'alcool.<\/p>","protected":false},"featured_media":126165,"template":"","meta":[],"product_brand":[],"product_cat":[600,297,512,477,513,290,476],"product_tag":[],"class_list":{"0":"post-8344","1":"product","2":"type-product","3":"status-publish","4":"has-post-thumbnail","6":"product_cat-mcmystic","7":"product_cat-all-products","8":"product_cat-extracts","9":"product_cat-herbs","10":"product_cat-party","11":"product_cat-psychedelic-herbs","12":"product_cat-smartshop","14":"first","15":"instock","16":"taxable","17":"shipping-taxable","18":"purchasable","19":"product-type-variable"},"_links":{"self":[{"href":"https:\/\/www.tatanka.nl\/fr\/wp-json\/wp\/v2\/product\/8344","targetHints":{"allow":["GET"]}}],"collection":[{"href":"https:\/\/www.tatanka.nl\/fr\/wp-json\/wp\/v2\/product"}],"about":[{"href":"https:\/\/www.tatanka.nl\/fr\/wp-json\/wp\/v2\/types\/product"}],"wp:featuredmedia":[{"embeddable":true,"href":"https:\/\/www.tatanka.nl\/fr\/wp-json\/wp\/v2\/media\/126165"}],"wp:attachment":[{"href":"https:\/\/www.tatanka.nl\/fr\/wp-json\/wp\/v2\/media?parent=8344"}],"wp:term":[{"taxonomy":"product_brand","embeddable":true,"href":"https:\/\/www.tatanka.nl\/fr\/wp-json\/wp\/v2\/product_brand?post=8344"},{"taxonomy":"product_cat","embeddable":true,"href":"https:\/\/www.tatanka.nl\/fr\/wp-json\/wp\/v2\/product_cat?post=8344"},{"taxonomy":"product_tag","embeddable":true,"href":"https:\/\/www.tatanka.nl\/fr\/wp-json\/wp\/v2\/product_tag?post=8344"}],"curies":[{"name":"wp","href":"https:\/\/api.w.org\/{rel}","templated":true}]}}