{"id":8455,"date":"2016-12-30T12:17:23","date_gmt":"2016-12-30T10:17:23","guid":{"rendered":"http:\/\/www.tatanka.nl\/?post_type=product&#038;p=8455"},"modified":"2025-10-16T07:57:36","modified_gmt":"2025-10-16T06:57:36","slug":"b-mushroom-spore-10-ml","status":"publish","type":"product","link":"https:\/\/www.tatanka.nl\/fr\/b-mushroom-spore-10-ml\/","title":{"rendered":"B+ Spore de champignon"},"content":{"rendered":"<h3 dir=\"ltr\" data-pm-slice=\"1 1 []\">Qu'est-ce que les spores de champignons magiques B+ ?<\/h3>\n<p dir=\"ltr\">Les B+ Magic Mushroom Spores sont une souche tr\u00e8s adaptable de Psilocybe cubensis, r\u00e9put\u00e9e pour sa croissance vigoureuse et sa r\u00e9sistance. Id\u00e9ale pour la culture en int\u00e9rieur, cette souche excelle dans une large gamme de substrats et de conditions de temp\u00e9rature, ce qui en fait un favori parmi les enthousiastes. Contrairement aux impressions de spores ou aux seringues traditionnelles, la souche B+ est livr\u00e9e dans une ampoule de culture st\u00e9rile, qui contient une culture liquide pr\u00eate \u00e0 l'emploi. Cette m\u00e9thode de livraison innovante minimise les risques de contamination, garantissant un taux de r\u00e9ussite plus \u00e9lev\u00e9 pour les cultivateurs. Les spores sont con\u00e7ues pour inoculer les substrats, o\u00f9 elles se d\u00e9veloppent en myc\u00e9lium visible en quelques jours, ouvrant la voie \u00e0 une exp\u00e9rience remarquable. Avec une composition de myc\u00e9lium 100%, de vermiculite et de perlite, l'ampoule de 5 ML garantit la qualit\u00e9 et la constance. Que vous soyez novice ou cultivateur chevronn\u00e9, ces spores constituent une option accessible et fiable pour cultiver une vari\u00e9t\u00e9 unique qui promet un voyage extraordinaire. Leur polyvalence et leur facilit\u00e9 d'utilisation en font un choix remarquable pour ceux qui recherchent un processus de culture fiable et dynamique.<\/p>\n<h3 dir=\"ltr\">Histoire des spores de champignons magiques B+<\/h3>\n<p dir=\"ltr\">Les origines de B+ Magic Mushroom Spores remontent au monde dynamique de la mycologie, o\u00f9 cette souche est apparue comme une vari\u00e9t\u00e9 exceptionnelle de Psilocybe cubensis. D\u00e9velopp\u00e9e aux \u00c9tats-Unis, la souche B+ a gagn\u00e9 en popularit\u00e9 dans les ann\u00e9es 1990 en raison de son adaptabilit\u00e9 et de ses caract\u00e9ristiques de croissance robustes. Son nom, \"B+\", est cens\u00e9 refl\u00e9ter ses performances \"sup\u00e9rieures \u00e0 la moyenne\" en culture, se d\u00e9veloppant dans des conditions diverses qui d\u00e9fient les autres souches. Au fil des ans, elle est devenue un \u00e9l\u00e9ment essentiel de la communaut\u00e9 des cultivateurs de champignons, r\u00e9put\u00e9e pour sa capacit\u00e9 \u00e0 coloniser rapidement les substrats et \u00e0 r\u00e9sister \u00e0 la contamination. L'introduction de l'ampoule de culture a r\u00e9volutionn\u00e9 son utilisation, en offrant une alternative st\u00e9rile et conviviale aux m\u00e9thodes traditionnelles d'administration des spores. Cette innovation a rendu la souche B+ accessible \u00e0 un public plus large, des amateurs aux cultivateurs exp\u00e9riment\u00e9s. Son attrait durable r\u00e9side dans sa coh\u00e9rence et sa polyvalence, ce qui lui a valu la r\u00e9putation d'\u00eatre l'une des souches les plus fiables qui soient. Aujourd'hui, ces spores continuent de captiver les amateurs, m\u00ealant une histoire riche \u00e0 des techniques de culture modernes pour offrir un produit qui honore son h\u00e9ritage tout en int\u00e9grant les avanc\u00e9es contemporaines de la mycologie.<\/p>\n<h3 dir=\"ltr\">Comment utiliser les spores de champignons magiques B+ ?<\/h3>\n<p dir=\"ltr\">L'utilisation de B+ Magic Mushroom Spores est un processus simple, gr\u00e2ce \u00e0 la conception de l'ampoule de culture st\u00e9rile. Commencez par vous laver soigneusement les mains et par nettoyer l'ext\u00e9rieur de l'ampoule avec un tampon d'alcool st\u00e9rile pour \u00e9liminer les bact\u00e9ries. Ensuite, ouvrez l'emballage de la seringue st\u00e9rile dans un environnement propre pour \u00e9viter toute contamination. Desserrez l\u00e9g\u00e8rement le bouchon de l'ampoule pour \u00e9viter les probl\u00e8mes de vide, puis ins\u00e9rez l'aiguille de la seringue \u00e0 travers le joint en caoutchouc pour pr\u00e9lever la culture de 5 ML. Une fois remplie, la seringue est pr\u00eate \u00e0 inoculer le substrat choisi. Appliquez la culture sur le substrat et maintenez-le \u00e0 temp\u00e9rature ambiante. En quelques jours, une croissance visible du myc\u00e9lium indiquera une colonisation r\u00e9ussie. Pour des r\u00e9sultats optimaux, travaillez dans un environnement propre et contr\u00f4l\u00e9 afin de minimiser les risques de contamination. Le processus est con\u00e7u pour \u00eatre facile, ce qui le rend accessible aux d\u00e9butants tout en offrant une fiabilit\u00e9 aux utilisateurs exp\u00e9riment\u00e9s. Apr\u00e8s l'inoculation, conservez les spores restantes dans un espace sombre et r\u00e9frig\u00e9r\u00e9 (2-8\u00b0C) pour pr\u00e9server leur viabilit\u00e9. Cette m\u00e9thode garantit une exp\u00e9rience de culture sans heurts, vous permettant d'exploiter tout le potentiel de cette souche polyvalente pour un r\u00e9sultat vibrant et unique.<\/p>\n<h3 dir=\"ltr\">Ingr\u00e9dients de B+ Magic Mushroom Spores<\/h3>\n<p dir=\"ltr\">L'ampoule de culture B+ Magic Mushroom Spores contient un m\u00e9lange pr\u00e9cis d'ingr\u00e9dients garantissant une culture r\u00e9ussie. Chaque ampoule de 5 ML est compos\u00e9e de 100% mycelium, le r\u00e9seau fongique actif qui assure la croissance des champignons, combin\u00e9 \u00e0 de la vermiculite et de la perlite. La vermiculite, un min\u00e9ral connu pour ses propri\u00e9t\u00e9s de r\u00e9tention d'eau, cr\u00e9e un environnement id\u00e9al pour le d\u00e9veloppement du myc\u00e9lium en maintenant les niveaux d'humidit\u00e9. La perlite, un verre volcanique l\u00e9ger, am\u00e9liore l'a\u00e9ration et le drainage, favorisant une colonisation saine. Cette composition soigneusement \u00e9quilibr\u00e9e favorise la croissance agressive de la souche B+, lui permettant de se d\u00e9velopper sur diff\u00e9rents substrats et dans diff\u00e9rentes conditions. Produite dans des conditions st\u00e9riles, l'ampoule garantit la puret\u00e9 et minimise les risques de contamination, fournissant un produit de haute qualit\u00e9 pr\u00eat \u00e0 \u00eatre utilis\u00e9 imm\u00e9diatement. L'absence de produits chimiques ou d'additifs suppl\u00e9mentaires souligne l'int\u00e9grit\u00e9 naturelle des spores, ce qui en fait un choix fiable pour les cultivateurs. En combinant ces composants essentiels, l'ampoule de culture B+ constitue une base solide pour la culture d'une souche r\u00e9put\u00e9e pour sa polyvalence et sa r\u00e9sistance, garantissant une exp\u00e9rience coh\u00e9rente et gratifiante pour les utilisateurs de tous niveaux d'expertise.<\/p>\n<p dir=\"ltr\"><strong>Avertir<\/strong>i<strong>ng<\/strong><\/p>\n<p dir=\"ltr\">Conserver les spores de champignons magiques B+ hors de port\u00e9e des enfants. Utilisez ce produit dans un environnement s\u00fbr, \u00e0 l'int\u00e9rieur, en pr\u00e9sence d'une personne de confiance qui veillera \u00e0 votre bien-\u00eatre pendant l'exp\u00e9rience. Ne pas utiliser ce produit en cas de grossesse ou d'allaitement, car il peut pr\u00e9senter des risques pour la sant\u00e9. Ce produit alt\u00e8re votre capacit\u00e9 \u00e0 conduire ou \u00e0 utiliser des machines, \u00e9vitez donc ces activit\u00e9s. Il n'est pas recommand\u00e9 de le combiner avec de l'alcool, des drogues ou des m\u00e9dicaments en raison des interactions n\u00e9gatives potentielles. Ce produit ne convient pas aux personnes \u00e2g\u00e9es de moins de 18 ans. Conservez les spores dans un environnement sombre et r\u00e9frig\u00e9r\u00e9 (2-8\u00b0C) afin de pr\u00e9server leur qualit\u00e9.<\/p>","protected":false},"excerpt":{"rendered":"<p>La B+ est une vari\u00e9t\u00e9 tr\u00e8s populaire, tr\u00e8s appr\u00e9ci\u00e9e pour ses gros champignons. Il s'agit \u00e9galement d'une vari\u00e9t\u00e9 originale de Cubensis.<\/p>\n<p>Si vous aimez voir un bon visuel color\u00e9 avec une connexion spirituelle avec tout l'univers et un trip toujours amusant, c'est un bon champignon pour cela.<\/p>","protected":false},"featured_media":13587,"template":"","meta":[],"product_brand":[],"product_cat":[540,297,595,513,515,476],"product_tag":[662],"class_list":{"0":"post-8455","1":"product","2":"type-product","3":"status-publish","4":"has-post-thumbnail","6":"product_cat-magic-mushroom-spore-syringes","7":"product_cat-all-products","8":"product_cat-mcsmart","9":"product_cat-party","10":"product_cat-shroomshop","11":"product_cat-smartshop","12":"product_tag-shrdeal","13":"product_shipping_class-creditcard-off","15":"first","16":"instock","17":"taxable","18":"shipping-taxable","19":"purchasable","20":"product-type-variable","21":"has-default-attributes"},"_links":{"self":[{"href":"https:\/\/www.tatanka.nl\/fr\/wp-json\/wp\/v2\/product\/8455","targetHints":{"allow":["GET"]}}],"collection":[{"href":"https:\/\/www.tatanka.nl\/fr\/wp-json\/wp\/v2\/product"}],"about":[{"href":"https:\/\/www.tatanka.nl\/fr\/wp-json\/wp\/v2\/types\/product"}],"wp:featuredmedia":[{"embeddable":true,"href":"https:\/\/www.tatanka.nl\/fr\/wp-json\/wp\/v2\/media\/13587"}],"wp:attachment":[{"href":"https:\/\/www.tatanka.nl\/fr\/wp-json\/wp\/v2\/media?parent=8455"}],"wp:term":[{"taxonomy":"product_brand","embeddable":true,"href":"https:\/\/www.tatanka.nl\/fr\/wp-json\/wp\/v2\/product_brand?post=8455"},{"taxonomy":"product_cat","embeddable":true,"href":"https:\/\/www.tatanka.nl\/fr\/wp-json\/wp\/v2\/product_cat?post=8455"},{"taxonomy":"product_tag","embeddable":true,"href":"https:\/\/www.tatanka.nl\/fr\/wp-json\/wp\/v2\/product_tag?post=8455"}],"curies":[{"name":"wp","href":"https:\/\/api.w.org\/{rel}","templated":true}]}}