{"id":8473,"date":"2016-12-30T13:15:47","date_gmt":"2016-12-30T11:15:47","guid":{"rendered":"http:\/\/www.tatanka.nl\/?post_type=product&#038;p=8473"},"modified":"2025-10-16T07:57:34","modified_gmt":"2025-10-16T06:57:34","slug":"mazatapec-mushroom-spore-10-ml","status":"publish","type":"product","link":"https:\/\/www.tatanka.nl\/fr\/mazatapec-mushroom-spore-10-ml\/","title":{"rendered":"Mazatapec Champignon Spore"},"content":{"rendered":"<h2 dir=\"ltr\" data-pm-slice=\"1 1 []\">Qu'est-ce que les spores de champignon magique Mazatapec ?<\/h2>\n<p dir=\"ltr\">Les spores de champignon magique Mazatapec sont une vari\u00e9t\u00e9 particuli\u00e8re de spores de champignon \u00e0 psilocybine, r\u00e9put\u00e9es pour leurs effets spirituels et visuels. Originaire de la r\u00e9gion de Mazatapec, au Mexique, cette souche est appr\u00e9ci\u00e9e pour sa facilit\u00e9 de culture et ses puissantes propri\u00e9t\u00e9s psych\u00e9d\u00e9liques. Contrairement aux empreintes de spores ou aux seringues traditionnelles, les spores de champignon magique Mazatapec sont pr\u00e9sent\u00e9es dans une ampoule de culture, qui contient 100% de myc\u00e9lium pour une inoculation fiable du substrat. Les risques de contamination sont ainsi r\u00e9duits, ce qui en fait un produit id\u00e9al pour les cultivateurs novices et exp\u00e9riment\u00e9s. L'h\u00e9ritage Mexican de la vari\u00e9t\u00e9 la relie \u00e0 d'anciennes pratiques spirituelles, offrant aux utilisateurs un voyage profond et introspectif. Chaque flacon contient 5 ML de culture, y compris de la vermiculite et de la perlite, garantissant des conditions de croissance optimales. Conserv\u00e9es correctement, ces spores restent viables pendant de longues p\u00e9riodes, offrant une exp\u00e9rience de culture constante. Les spores de champignon magique Mazatapec se distinguent par leur \u00e9quilibre entre accessibilit\u00e9 et effets profonds, attirant ceux qui recherchent \u00e0 la fois le d\u00e9veloppement personnel et une connexion avec les myst\u00e8res de la nature. Leurs caract\u00e9ristiques uniques en font un choix populaire dans la communaut\u00e9 psych\u00e9d\u00e9lique, offrant une exp\u00e9rience transformatrice lorsqu'elles sont cultiv\u00e9es et utilis\u00e9es de mani\u00e8re responsable.<\/p>\n<h2 dir=\"ltr\">Historique de Mazatapec Magic Mushroom Spores<\/h2>\n<p dir=\"ltr\">L'histoire des spores de champignons magiques Mazatapec remonte aux r\u00e9gions luxuriantes des environs de Mazatapec, au Mexique, o\u00f9 les communaut\u00e9s indig\u00e8nes v\u00e9n\u00e8rent depuis longtemps les champignons \u00e0 psilocybine pour leur signification spirituelle. Ces champignons faisaient partie int\u00e9grante d'anciens rituels, cens\u00e9s relier les utilisateurs aux royaumes divins et favoriser une profonde introspection. La souche Mazatapec s'est impos\u00e9e \u00e0 l'\u00e8re moderne, lorsque l'int\u00e9r\u00eat mondial pour les psych\u00e9d\u00e9liques s'est accru, en particulier lors des mouvements de contre-culture du XXe si\u00e8cle. Sa r\u00e9putation s'est accrue en raison de sa r\u00e9sistance et de sa facilit\u00e9 de culture, ce qui en a fait la pr\u00e9f\u00e9r\u00e9e des mycologues et des amateurs. Contrairement \u00e0 d'autres souches, les spores de champignon magique Mazatapec sont r\u00e9put\u00e9es pour leurs effets visuels et spirituels constants, enracin\u00e9s dans leur lign\u00e9e Mexican. Le d\u00e9veloppement de la technologie de l'ampoule de culture a r\u00e9volutionn\u00e9 leur utilisation, en offrant un moyen st\u00e9rile et efficace de cultiver ces champignons. Aujourd'hui, les spores de champignons magiques Mazatapec sont appr\u00e9ci\u00e9es dans le monde entier pour leurs liens historiques avec les pratiques indig\u00e8nes et leur capacit\u00e9 \u00e0 offrir une exp\u00e9rience psych\u00e9d\u00e9lique significative. Leur popularit\u00e9 durable refl\u00e8te une appr\u00e9ciation croissante de l'h\u00e9ritage culturel et spirituel de cette vari\u00e9t\u00e9 remarquable.<\/p>\n<h2 dir=\"ltr\">Comment utiliser les spores de champignons magiques Mazatapec<\/h2>\n<p dir=\"ltr\">L'utilisation des spores du champignon magique Mazatapec est simple gr\u00e2ce \u00e0 l'ampoule de culture, con\u00e7ue pour \u00eatre facile \u00e0 utiliser et fiable. Commencez par vous laver soigneusement les mains et par nettoyer l'ext\u00e9rieur de l'ampoule avec un tampon d'alcool st\u00e9rile pour \u00e9liminer les bact\u00e9ries. Ensuite, ouvrez soigneusement l'emballage de la seringue st\u00e9rile dans un environnement propre pour \u00e9viter toute contamination. Desserrez l\u00e9g\u00e8rement le bouchon de l'ampoule pour lib\u00e9rer le vide, puis ins\u00e9rez l'aiguille de la seringue \u00e0 travers le joint en caoutchouc pour aspirer la culture de 5 ML. Une fois remplie, la seringue est pr\u00eate \u00e0 inoculer le substrat de votre choix. R\u00e9partissez la culture uniform\u00e9ment et conservez le substrat \u00e0 temp\u00e9rature ambiante pour permettre au myc\u00e9lium de se d\u00e9velopper en quelques jours. Les spores de champignon magique Mazatapec requi\u00e8rent de la patience, car leur cycle de croissance est l\u00e9g\u00e8rement plus long que celui des autres souches, mais les r\u00e9sultats sont gratifiants. Veillez \u00e0 ce que l'espace de travail soit st\u00e9rile tout au long de la culture afin de maximiser le succ\u00e8s. Apr\u00e8s la culture, consommez les champignons dans un environnement s\u00fbr et confortable, id\u00e9alement avec un compagnon de confiance. Les effets puissants de cette vari\u00e9t\u00e9 exigent le respect, commencez donc par une faible dose pour en \u00e9valuer l'intensit\u00e9. Une utilisation correcte garantit une exp\u00e9rience s\u00fbre et transformatrice avec Mazatapec Magic Mushroom Spores.<\/p>\n<h2 dir=\"ltr\">Ingr\u00e9dients de Mazatapec Magic Mushroom Spores<\/h2>\n<p dir=\"ltr\">Mazatapec Magic Mushroom Spores est compos\u00e9 d'\u00e9l\u00e9ments soigneusement s\u00e9lectionn\u00e9s pour garantir une culture r\u00e9ussie. Chaque ampoule de culture de 5 ML contient 100% de myc\u00e9lium, le r\u00e9seau fongique actif qui assure la croissance des champignons. Il est compl\u00e9t\u00e9 par de la vermiculite, un min\u00e9ral qui retient l'humidit\u00e9 et favorise le d\u00e9veloppement du myc\u00e9lium, et de la perlite, qui am\u00e9liore l'a\u00e9ration et le drainage du substrat. Ces ingr\u00e9dients sont m\u00e9ticuleusement pr\u00e9par\u00e9s dans des conditions st\u00e9riles afin d'\u00e9viter toute contamination et de favoriser une croissance saine. L'absence d'additifs suppl\u00e9mentaires garantit la puret\u00e9 de la souche Mazatapec, pr\u00e9servant ainsi sa puissance naturelle et ses qualit\u00e9s spirituelles. La vermiculite et la perlite cr\u00e9ent un environnement optimal pour le d\u00e9veloppement du myc\u00e9lium, rendant la culture accessible m\u00eame aux d\u00e9butants. Les spores sont produites et conditionn\u00e9es de mani\u00e8re \u00e0 maintenir leur viabilit\u00e9, n\u00e9cessitant un stockage dans un environnement sombre et r\u00e9frig\u00e9r\u00e9 (2-8\u00b0C) pour prolonger leur dur\u00e9e de vie. Cette formulation pr\u00e9cise souligne la qualit\u00e9 de Mazatapec Magic Mushroom Spores, offrant un produit fiable et efficace pour ceux qui cherchent \u00e0 explorer leur potentiel psych\u00e9d\u00e9lique. La combinaison de myc\u00e9lium, de vermiculite et de perlite garantit une base solide pour une exp\u00e9rience de culture r\u00e9ussie et enrichissante.<\/p>\n<p dir=\"ltr\"><strong>Avertissement<\/strong><\/p>\n<p dir=\"ltr\">Tenir les spores de champignon magique Mazatapec hors de port\u00e9e des enfants. Utilisez-les dans un environnement s\u00fbr, \u00e0 l'int\u00e9rieur, en pr\u00e9sence d'une personne de confiance qui veillera \u00e0 votre bien-\u00eatre pendant l'exp\u00e9rience. Ne les utilisez pas si vous \u00eates enceinte ou si vous allaitez, car les effets peuvent pr\u00e9senter des risques. La consommation alt\u00e8re la capacit\u00e9 de conduire ou d'utiliser des machines, il faut donc \u00e9viter ces activit\u00e9s. Il n'est pas recommand\u00e9 de combiner ce produit avec de l'alcool, des drogues ou des m\u00e9dicaments, car cela peut entra\u00eener des effets impr\u00e9visibles. Ce produit ne convient pas aux personnes de moins de 18 ans. Conservez les spores dans un endroit r\u00e9frig\u00e9r\u00e9 et \u00e0 l'abri de la lumi\u00e8re afin de pr\u00e9server leur puissance et de garantir une utilisation responsable.<\/p>","protected":false},"excerpt":{"rendered":"<p dir=\"auto\">Mazatapec Magic Mushroom Spores offre une exp\u00e9rience spirituelle unique avec des images vivantes. Originaire du Mexique, cette vari\u00e9t\u00e9 facile \u00e0 cultiver est parfaite pour ceux qui recherchent un voyage profond. L'ampoule de culture garantit une inoculation fiable avec un risque de contamination minimal, fournissant un myc\u00e9lium pur pour un processus de culture r\u00e9ussi.<\/p>","protected":false},"featured_media":13600,"template":"","meta":[],"product_brand":[],"product_cat":[540,297,595,513,515,476],"product_tag":[662],"class_list":{"0":"post-8473","1":"product","2":"type-product","3":"status-publish","4":"has-post-thumbnail","6":"product_cat-magic-mushroom-spore-syringes","7":"product_cat-all-products","8":"product_cat-mcsmart","9":"product_cat-party","10":"product_cat-shroomshop","11":"product_cat-smartshop","12":"product_tag-shrdeal","13":"product_shipping_class-creditcard-off","15":"first","16":"instock","17":"taxable","18":"shipping-taxable","19":"purchasable","20":"product-type-variable","21":"has-default-attributes"},"_links":{"self":[{"href":"https:\/\/www.tatanka.nl\/fr\/wp-json\/wp\/v2\/product\/8473","targetHints":{"allow":["GET"]}}],"collection":[{"href":"https:\/\/www.tatanka.nl\/fr\/wp-json\/wp\/v2\/product"}],"about":[{"href":"https:\/\/www.tatanka.nl\/fr\/wp-json\/wp\/v2\/types\/product"}],"wp:featuredmedia":[{"embeddable":true,"href":"https:\/\/www.tatanka.nl\/fr\/wp-json\/wp\/v2\/media\/13600"}],"wp:attachment":[{"href":"https:\/\/www.tatanka.nl\/fr\/wp-json\/wp\/v2\/media?parent=8473"}],"wp:term":[{"taxonomy":"product_brand","embeddable":true,"href":"https:\/\/www.tatanka.nl\/fr\/wp-json\/wp\/v2\/product_brand?post=8473"},{"taxonomy":"product_cat","embeddable":true,"href":"https:\/\/www.tatanka.nl\/fr\/wp-json\/wp\/v2\/product_cat?post=8473"},{"taxonomy":"product_tag","embeddable":true,"href":"https:\/\/www.tatanka.nl\/fr\/wp-json\/wp\/v2\/product_tag?post=8473"}],"curies":[{"name":"wp","href":"https:\/\/api.w.org\/{rel}","templated":true}]}}