{"id":8488,"date":"2017-12-30T14:33:14","date_gmt":"2017-12-30T14:33:14","guid":{"rendered":"http:\/\/www.tatanka.nl\/?post_type=product&#038;p=8488"},"modified":"2025-05-20T11:01:09","modified_gmt":"2025-05-20T10:01:09","slug":"catmint-50-gram","status":"publish","type":"product","link":"https:\/\/www.tatanka.nl\/fr\/catmint-50-gram\/","title":{"rendered":"Menthe des chats"},"content":{"rendered":"<h2>Qu'est-ce que la menthe des chats ?<\/h2>\n<p>La menthe des chats, ou Nepeta Cataria, est une herbe appartenant \u00e0 la famille de la menthe, r\u00e9put\u00e9e pour ses effets calmants et relaxants. Si elle est souvent associ\u00e9e aux chats en raison de l'intense influence euphorisante qu'elle exerce sur eux, l'exp\u00e9rience humaine est l\u00e9g\u00e8rement diff\u00e9rente. Cette plante est principalement utilis\u00e9e pour sa capacit\u00e9 \u00e0 apaiser le corps et l'esprit, offrant un moyen naturel de se d\u00e9tendre apr\u00e8s une longue journ\u00e9e. Indian Elements Catmint est fabriqu\u00e9 \u00e0 partir d'herbe \u00e0 chat sauvage, offrant une exp\u00e9rience psychoactive unique et douce pour les humains.<\/p>\n<p>Bien qu'elle ne provoque pas la m\u00eame r\u00e9action \"heureuse\" chez l'homme que chez le chat, la menthe des chats pr\u00e9sente des avantages notables. Elle poss\u00e8de des propri\u00e9t\u00e9s s\u00e9datives qui contribuent \u00e0 r\u00e9duire le stress et \u00e0 favoriser la relaxation. En outre, elle peut induire de l\u00e9gers effets hallucinog\u00e8nes, souvent compar\u00e9s aux effets de la marijuana. La nature douce de cette plante en fait un compl\u00e9ment id\u00e9al \u00e0 votre routine du soir, vous aidant \u00e0 atteindre un \u00e9tat d'esprit d\u00e9tendu et paisible. Que vous la d\u00e9gustiez sous forme de th\u00e9 calmant ou que vous l'int\u00e9griez \u00e0 votre r\u00e9gime de bien-\u00eatre, Catmint de Indian Elements est un excellent moyen de se d\u00e9tendre.<\/p>\n<h2>Histoire de la menthe des champs<\/h2>\n<p>La menthe des champs a une longue histoire, notamment dans la phytoth\u00e9rapie europ\u00e9enne. Traditionnellement, elle \u00e9tait utilis\u00e9e pour traiter divers maux tels que les crampes menstruelles, l'agitation, la nervosit\u00e9, l'insomnie, les rhumes et m\u00eame les maux de dents. Les effets calmants de cette plante en ont fait un rem\u00e8de populaire dans l'Antiquit\u00e9, en particulier chez les personnes qui recherchaient des moyens naturels de soulager leur inconfort.<\/p>\n<p>Dans l'\u00c9gypte ancienne, la menthe des champs \u00e9tait tr\u00e8s appr\u00e9ci\u00e9e pour ses propri\u00e9t\u00e9s curatives et \u00e9tait souvent utilis\u00e9e sous diff\u00e9rentes formes, notamment sous forme de th\u00e9s et de teintures, pour soulager la douleur et favoriser la relaxation. Au fil du temps, son utilisation s'est r\u00e9pandue en Europe, o\u00f9 elle \u00e9tait cultiv\u00e9e pour ses bienfaits th\u00e9rapeutiques. Le lien entre la plante et les chats a \u00e9galement contribu\u00e9 \u00e0 sa popularit\u00e9, les chats \u00e9tant souvent attir\u00e9s par la plante pour ses effets stimulants, ce qui a encore renforc\u00e9 sa place dans la culture populaire.<\/p>\n<p>Aujourd'hui, alors que les utilisations m\u00e9dicinales historiques sont moins courantes, la menthe des champs continue d'\u00eatre appr\u00e9ci\u00e9e pour ses qualit\u00e9s relaxantes. Elle est toujours utilis\u00e9e dans les tisanes et les produits de bien-\u00eatre, offrant aux gens un moyen naturel de se d\u00e9tendre. Le Indian Elements fait entrer cette herbe ancienne dans le monde moderne, en offrant un moyen facile et agr\u00e9able d'exp\u00e9rimenter ses effets apaisants.<\/p>\n<h2>Comment utiliser la menthe des chats<\/h2>\n<p>Il existe plusieurs fa\u00e7ons d'int\u00e9grer la menthe des champs \u00e0 votre routine, mais l'une des m\u00e9thodes les plus populaires consiste \u00e0 la faire infuser dans un th\u00e9 relaxant. Pour pr\u00e9parer un th\u00e9 \u00e0 la menthe des champs, il suffit de faire infuser 1 gramme d'herbe dans de l'eau chaude pendant quelques minutes. Le th\u00e9 est parfum\u00e9 et a un go\u00fbt agr\u00e9able, ce qui en fait une boisson agr\u00e9able pour vous aider \u00e0 vous d\u00e9tendre apr\u00e8s une journ\u00e9e bien remplie.<\/p>\n<p>Vous pouvez \u00e9galement utiliser la menthe des champs sous d'autres formes, telles que des g\u00e9lules ou des teintures, selon vos pr\u00e9f\u00e9rences. Cependant, le th\u00e9 reste la m\u00e9thode de consommation la plus courante et la plus simple. Lors de l'utilisation de la menthe des champs, il est important de respecter la dose recommand\u00e9e de 1 gramme par jour, ce qui permet d'obtenir des effets calmants optimaux sans surconsommation.<\/p>\n<p>Il est pr\u00e9f\u00e9rable de consommer la menthe des champs le soir, car elle favorise la relaxation et peut \u00e9galement am\u00e9liorer la qualit\u00e9 du sommeil. Ses propri\u00e9t\u00e9s l\u00e9g\u00e8rement s\u00e9datives peuvent aider \u00e0 soulager le stress, ce qui en fait un compagnon id\u00e9al pour les moments de relaxation, de soins personnels ou de m\u00e9ditation. Qu'il s'agisse de se d\u00e9tendre apr\u00e8s le travail ou de se pr\u00e9parer \u00e0 aller se coucher, la menthe des champs est un choix id\u00e9al pour se sentir calme et \u00e0 l'aise.<\/p>\n<h2>Ingr\u00e9dients de la Menthe Catmint<\/h2>\n<p>Indian Elements Catmint contient un seul ingr\u00e9dient : Nepeta Cataria, commun\u00e9ment appel\u00e9e herbe aux chats. Cette herbe est cultiv\u00e9e et r\u00e9colt\u00e9e naturellement pour ses propri\u00e9t\u00e9s calmantes et apaisantes, et elle est exempte d'additifs artificiels ou de produits chimiques.<\/p>\n<p>La Nepeta Cataria appartient \u00e0 la famille de la menthe et ses feuilles contiennent des compos\u00e9s qui lui conf\u00e8rent des effets relaxants et l\u00e9g\u00e8rement psychoactifs. Ces compos\u00e9s interagissent avec l'organisme pour induire un sentiment de calme et de tranquillit\u00e9. Les compos\u00e9s naturels de la menthe des champs ont \u00e9t\u00e9 \u00e9tudi\u00e9s pour leurs effets b\u00e9n\u00e9fiques potentiels sur la sant\u00e9, en particulier pour r\u00e9duire l'anxi\u00e9t\u00e9, favoriser le sommeil et soulager l'inconfort.<\/p>\n<p>Cette plante est \u00e9galement 100% v\u00e9g\u00e9talienne et enti\u00e8rement naturelle, ce qui en fait un excellent choix pour ceux qui recherchent des solutions de bien-\u00eatre \u00e0 base de plantes. Indian Elements prend grand soin de l'approvisionnement et de la pr\u00e9paration de cette herbe pour s'assurer qu'elle conserve tous ses bienfaits, vous offrant ainsi un produit pur et efficace. Que vous cherchiez un moyen naturel de soulager le stress ou simplement de profiter d'une soir\u00e9e paisible, la simplicit\u00e9 et la puret\u00e9 de Catmint en font un compl\u00e9ment id\u00e9al \u00e0 votre routine de bien-\u00eatre.<\/p>\n<p><strong>Avertissement :<\/strong><\/p>\n<p>N'utiliser que si l'on est \u00e2g\u00e9 de plus de 18 ans. Tenir hors de port\u00e9e des enfants. Cette plante n'est pas un m\u00e9dicament, bien qu'elle ait \u00e9t\u00e9 utilis\u00e9e \u00e0 diverses fins m\u00e9dicinales au cours de l'histoire. Dans la m\u00e9decine europ\u00e9enne, elle \u00e9tait utilis\u00e9e pour traiter des affections telles que les douleurs menstruelles, l'agitation, l'anxi\u00e9t\u00e9, l'insomnie, les rhumes et les maux de dents. Consultez votre m\u00e9decin si vous souhaitez l'utiliser \u00e0 ces fins. Ce produit est un compl\u00e9ment alimentaire et doit \u00eatre utilis\u00e9 comme tel. Ne l'achetez pas si le sceau est bris\u00e9.<\/p>","protected":false},"excerpt":{"rendered":"<p data-pm-slice=\"1 1 []\">Indian Elements La menthe des chats est une herbe apaisante obtenue \u00e0 partir de la cataire sauvage (Nepeta Cataria). Connue pour ses propri\u00e9t\u00e9s calmantes et relaxantes, elle peut induire de l\u00e9gers effets psychoactifs, comparables \u00e0 ceux de la marijuana. Ce produit est parfait pour se d\u00e9tendre et profiter d'une soir\u00e9e paisible. Vous pouvez l'utiliser pour pr\u00e9parer un th\u00e9 parfum\u00e9 et agr\u00e9able au go\u00fbt qui favorise la relaxation.<\/p>","protected":false},"featured_media":125982,"template":"","meta":[],"product_brand":[],"product_cat":[597,297,477,513,290,476],"product_tag":[],"class_list":{"0":"post-8488","1":"product","2":"type-product","3":"status-publish","4":"has-post-thumbnail","6":"product_cat-indian-elements","7":"product_cat-all-products","8":"product_cat-herbs","9":"product_cat-party","10":"product_cat-psychedelic-herbs","11":"product_cat-smartshop","13":"first","14":"instock","15":"taxable","16":"shipping-taxable","17":"purchasable","18":"product-type-variable"},"_links":{"self":[{"href":"https:\/\/www.tatanka.nl\/fr\/wp-json\/wp\/v2\/product\/8488","targetHints":{"allow":["GET"]}}],"collection":[{"href":"https:\/\/www.tatanka.nl\/fr\/wp-json\/wp\/v2\/product"}],"about":[{"href":"https:\/\/www.tatanka.nl\/fr\/wp-json\/wp\/v2\/types\/product"}],"wp:featuredmedia":[{"embeddable":true,"href":"https:\/\/www.tatanka.nl\/fr\/wp-json\/wp\/v2\/media\/125982"}],"wp:attachment":[{"href":"https:\/\/www.tatanka.nl\/fr\/wp-json\/wp\/v2\/media?parent=8488"}],"wp:term":[{"taxonomy":"product_brand","embeddable":true,"href":"https:\/\/www.tatanka.nl\/fr\/wp-json\/wp\/v2\/product_brand?post=8488"},{"taxonomy":"product_cat","embeddable":true,"href":"https:\/\/www.tatanka.nl\/fr\/wp-json\/wp\/v2\/product_cat?post=8488"},{"taxonomy":"product_tag","embeddable":true,"href":"https:\/\/www.tatanka.nl\/fr\/wp-json\/wp\/v2\/product_tag?post=8488"}],"curies":[{"name":"wp","href":"https:\/\/api.w.org\/{rel}","templated":true}]}}