{"id":8504,"date":"2017-12-30T15:34:50","date_gmt":"2017-12-30T15:34:50","guid":{"rendered":"http:\/\/www.tatanka.nl\/?post_type=product&#038;p=8504"},"modified":"2025-08-28T00:49:01","modified_gmt":"2025-08-27T23:49:01","slug":"baby-hawaiian-woodrose-seeds","status":"publish","type":"product","link":"https:\/\/www.tatanka.nl\/fr\/baby-hawaiian-woodrose-seeds\/","title":{"rendered":"B\u00e9b\u00e9 Hawaiian Woodrose"},"content":{"rendered":"<h2 data-start=\"537\" data-end=\"572\">Que sont les graines d'Argyreia Nervosa ?<\/h2>\n<p data-start=\"574\" data-end=\"1265\">Les graines d'Argyreia Nervosa, commun\u00e9ment appel\u00e9es Baby Hawaiian Woodrose, sont les graines d'une plante grimpante originaire d'Inde. Ces graines contiennent une substance psychoactive connue sous le nom de LSA (Lysergic Acid Amide), qui peut induire de l\u00e9gers effets psych\u00e9d\u00e9liques lorsqu'elle est consomm\u00e9e. Contrairement \u00e0 d'autres hallucinog\u00e8nes, les effets de ces graines sont g\u00e9n\u00e9ralement l\u00e9gers, sans les hallucinations extr\u00eames typiquement associ\u00e9es \u00e0 des substances comme le LSD. Les utilisateurs font souvent \u00e9tat de sensations color\u00e9es, vives et mystiques qui cr\u00e9ent un \u00e9tat de conscience unique et alt\u00e9r\u00e9. La plante est utilis\u00e9e de diverses mani\u00e8res, notamment en m\u00e9decine traditionnelle et \u00e0 des fins r\u00e9cr\u00e9atives, offrant un m\u00e9lange intrigant de propri\u00e9t\u00e9s th\u00e9rapeutiques et psychoactives.<\/p>\n<p data-start=\"1267\" data-end=\"1746\">Les graines d'Argyreia Nervosa font partie des pratiques m\u00e9dicinales depuis des si\u00e8cles en Inde. Cependant, la plante est devenue plus largement connue pour ses propri\u00e9t\u00e9s psychoactives lorsqu'elle a \u00e9t\u00e9 introduite dans le monde occidental, en particulier \u00e0 Hawa\u00ef. Aujourd'hui, les graines de Baby Hawaiian Woodrose sont utilis\u00e9es par ceux qui recherchent des exp\u00e9riences spirituelles et r\u00e9cr\u00e9atives. La plante continue d'\u00eatre \u00e9tudi\u00e9e pour sa riche histoire et les avantages potentiels qu'elle pourrait offrir au-del\u00e0 de ses propri\u00e9t\u00e9s psychotropes.<\/p>\n<h2 data-start=\"1748\" data-end=\"1784\">Histoire d'Argyreia Nervosa Seeds<\/h2>\n<p data-start=\"1786\" data-end=\"2198\">L'Argyreia Nervosa a un lien historique profond avec la m\u00e9decine traditionnelle et l'utilisation de substances psychoactives. Originaire de l'Inde, cette plante est v\u00e9n\u00e9r\u00e9e pour ses qualit\u00e9s m\u00e9dicinales depuis des centaines d'ann\u00e9es. Dans l'Inde ancienne, elle \u00e9tait utilis\u00e9e pour traiter toute une s\u00e9rie de maladies, des probl\u00e8mes respiratoires au diab\u00e8te et \u00e0 l'arthrite. En outre, elle \u00e9tait reconnue comme aphrodisiaque, certains sugg\u00e9rant qu'elle avait des effets stimulants sur la libido.<\/p>\n<p data-start=\"2200\" data-end=\"2619\">La plante a attir\u00e9 l'attention internationale lorsqu'elle a \u00e9t\u00e9 remarqu\u00e9e par les Europ\u00e9ens \u00e0 Hawa\u00ef. Elle y \u00e9tait utilis\u00e9e non seulement pour ses propri\u00e9t\u00e9s m\u00e9dicinales, mais aussi comme s\u00e9datif. C'est \u00e0 cette \u00e9poque que les propri\u00e9t\u00e9s psychoactives des graines ont \u00e9t\u00e9 observ\u00e9es, ce qui a finalement conduit \u00e0 l'association populaire de la plante avec une exp\u00e9rience psych\u00e9d\u00e9lique. Le nom \"Hawaiian Woodrose\" a \u00e9t\u00e9 adopt\u00e9 en raison de son utilisation r\u00e9pandue dans la r\u00e9gion.<\/p>\n<p data-start=\"2621\" data-end=\"2995\">Plus tard, le LSA a \u00e9t\u00e9 isol\u00e9 par le chimiste suisse Albert Hoffman, le m\u00eame scientifique qui a d\u00e9couvert le LSD. Apr\u00e8s que Hoffman a synth\u00e9tis\u00e9 le LSA, on a d\u00e9couvert qu'il \u00e9tait naturellement pr\u00e9sent dans certaines plantes, dont l'Argyreia Nervosa. Parmi ces plantes, l'Argyreia Nervosa contient la plus forte concentration de LSA, ce qui fait que ses graines sont particuli\u00e8rement recherch\u00e9es \u00e0 des fins r\u00e9cr\u00e9atives et m\u00e9dicinales.<\/p>\n<h2 data-start=\"2997\" data-end=\"3033\">Comment utiliser les graines d'Argyreia Nervosa<\/h2>\n<p data-start=\"3035\" data-end=\"3477\">Il existe plusieurs m\u00e9thodes d'utilisation des graines d'Argyreia Nervosa, chacune offrant une exp\u00e9rience l\u00e9g\u00e8rement diff\u00e9rente. Traditionnellement, les graines sont m\u00e2ch\u00e9es, ce qui permet de lib\u00e9rer le compos\u00e9 actif LSA. Cette m\u00e9thode permet une apparition progressive des effets, g\u00e9n\u00e9ralement dans l'heure qui suit la consommation. Les effets peuvent durer plusieurs heures et les utilisateurs peuvent ressentir un sentiment d'euphorie, des images vives et une sensibilit\u00e9 accrue au son et \u00e0 la lumi\u00e8re.<\/p>\n<p data-start=\"3479\" data-end=\"3858\">Certains utilisateurs pr\u00e9f\u00e8rent r\u00e9duire les graines en poudre et les consommer, soit en les m\u00e9langeant \u00e0 de la nourriture ou \u00e0 de l'eau, afin de masquer l'amertume naturelle. Cette m\u00e9thode peut modifier le d\u00e9lai d'apparition et l'intensit\u00e9 des effets. Il est important de noter que l'exp\u00e9rience peut varier consid\u00e9rablement en fonction de plusieurs facteurs, notamment le m\u00e9tabolisme de l'utilisateur, l'environnement et la consommation ant\u00e9rieure d'aliments.<\/p>\n<p data-start=\"3860\" data-end=\"4302\">Il est \u00e9galement conseill\u00e9 d'aborder l'utilisation des graines d'Argyreia Nervosa avec prudence, en particulier si c'est la premi\u00e8re fois. Commencez par une petite quantit\u00e9 pour \u00e9valuer votre tol\u00e9rance et soyez conscient du contexte dans lequel vous les utilisez. Le cadre et l'\u00e9tat d'esprit peuvent influencer de mani\u00e8re significative les effets des graines. Il est toujours recommand\u00e9 de les utiliser dans un environnement s\u00fbr et confortable, id\u00e9alement avec une personne de confiance pour guider l'exp\u00e9rience.<\/p>\n<h2 data-start=\"4792\" data-end=\"4832\">Ingr\u00e9dients de Argyreia Nervosa Seeds<\/h2>\n<p data-start=\"4834\" data-end=\"5436\">Le principal ingr\u00e9dient actif des graines d'Argyreia Nervosa est le LSA (Lysergic Acid Amide), un compos\u00e9 naturel qui appartient \u00e0 la m\u00eame famille chimique que le LSD. Le LSA est connu pour ses effets psychoactifs l\u00e9gers, qui peuvent modifier la perception et induire un sentiment d'euphorie et des am\u00e9liorations visuelles. Les graines contiennent \u00e9galement plusieurs autres compos\u00e9s, dont des alcalo\u00efdes, qui contribuent aux propri\u00e9t\u00e9s m\u00e9dicinales de la plante. Ces composants suppl\u00e9mentaires peuvent avoir divers effets sur l'organisme, tels que des propri\u00e9t\u00e9s anti-inflammatoires, analg\u00e9siques et antispasmodiques, ce qui rend les graines utiles dans la m\u00e9decine traditionnelle.<\/p>\n<p data-start=\"5438\" data-end=\"5886\">Outre la LSA, les graines contiennent une vari\u00e9t\u00e9 d'autres substances naturelles dont on pense qu'elles contribuent \u00e0 leur potentiel th\u00e9rapeutique global. Cette combinaison de compos\u00e9s psychoactifs et m\u00e9dicinaux explique pourquoi les graines d'Argyreia Nervosa sont utilis\u00e9es depuis des si\u00e8cles, \u00e0 la fois \u00e0 des fins r\u00e9cr\u00e9atives et pour leur potentiel de traitement de diverses affections. Toutefois, en raison de la nature impr\u00e9visible des effets, il est recommand\u00e9 d'utiliser ces graines de mani\u00e8re responsable.<\/p>\n<p data-start=\"5888\" data-end=\"6255\">En termes de structure chimique, le LSA est un proche parent du LSD, mais avec un impact psychoactif moins intense. On pense qu'il interagit avec les r\u00e9cepteurs de la s\u00e9rotonine dans le cerveau, ce qui entra\u00eene une alt\u00e9ration des perceptions sensorielles signal\u00e9e par les utilisateurs. Bien que les effets psychoactifs soient plus l\u00e9gers, ils peuvent n\u00e9anmoins offrir une exp\u00e9rience unique et introspective lorsqu'ils sont utilis\u00e9s avec pr\u00e9caution.<\/p>\n<p data-start=\"6272\" data-end=\"6873\" data-is-last-node=\"\"><strong data-start=\"4304\" data-end=\"4316\">Avertissement :<\/strong><br data-start=\"4316\" data-end=\"4319\" \/>Il est important d'\u00eatre prudent lors de l'utilisation des graines d'Argyreia Nervosa, car elles contiennent un compos\u00e9 psychoactif, le LSA. Les effets peuvent varier consid\u00e9rablement en fonction de l'individu et de la m\u00e9thode de consommation. Une consommation excessive ou abusive peut entra\u00eener des exp\u00e9riences d\u00e9sagr\u00e9ables et, dans certains cas, des effets n\u00e9fastes sur la sant\u00e9. Assurez-vous toujours d'\u00eatre dans un environnement s\u00fbr et contr\u00f4l\u00e9 lorsque vous utilisez ces graines, et commencez par une petite dose si vous n'\u00eates pas familier avec leurs effets.<\/p>","protected":false},"excerpt":{"rendered":"<p>L'Argyreia Nervosa, \u00e9galement connue sous le nom de Baby Hawaiian Woodrose, est une plante dont les graines contiennent du LSA, une substance psychoactive. Six graines seulement peuvent procurer une l\u00e9g\u00e8re exp\u00e9rience psych\u00e9d\u00e9lique, marqu\u00e9e par des sensations vibrantes et mystiques. Originaire de l'Inde, elle est utilis\u00e9e \u00e0 des fins m\u00e9dicinales depuis des si\u00e8cles, notamment pour traiter le diab\u00e8te, les probl\u00e8mes respiratoires et l'arthrite, tout en \u00e9tant consid\u00e9r\u00e9e comme un aphrodisiaque. \u00c0 Hawa\u00ef, ces graines sont connues pour leurs effets s\u00e9datifs et font partie des pratiques traditionnelles.<\/p>","protected":false},"featured_media":126163,"template":"","meta":[],"product_brand":[],"product_cat":[600,297,537,513,476],"product_tag":[],"class_list":{"0":"post-8504","1":"product","2":"type-product","3":"status-publish","4":"has-post-thumbnail","6":"product_cat-mcmystic","7":"product_cat-all-products","8":"product_cat-lsa-seeds","9":"product_cat-party","10":"product_cat-smartshop","11":"product_shipping_class-not-allowed-group-3","13":"first","14":"instock","15":"taxable","16":"shipping-taxable","17":"purchasable","18":"product-type-variable"},"_links":{"self":[{"href":"https:\/\/www.tatanka.nl\/fr\/wp-json\/wp\/v2\/product\/8504","targetHints":{"allow":["GET"]}}],"collection":[{"href":"https:\/\/www.tatanka.nl\/fr\/wp-json\/wp\/v2\/product"}],"about":[{"href":"https:\/\/www.tatanka.nl\/fr\/wp-json\/wp\/v2\/types\/product"}],"wp:featuredmedia":[{"embeddable":true,"href":"https:\/\/www.tatanka.nl\/fr\/wp-json\/wp\/v2\/media\/126163"}],"wp:attachment":[{"href":"https:\/\/www.tatanka.nl\/fr\/wp-json\/wp\/v2\/media?parent=8504"}],"wp:term":[{"taxonomy":"product_brand","embeddable":true,"href":"https:\/\/www.tatanka.nl\/fr\/wp-json\/wp\/v2\/product_brand?post=8504"},{"taxonomy":"product_cat","embeddable":true,"href":"https:\/\/www.tatanka.nl\/fr\/wp-json\/wp\/v2\/product_cat?post=8504"},{"taxonomy":"product_tag","embeddable":true,"href":"https:\/\/www.tatanka.nl\/fr\/wp-json\/wp\/v2\/product_tag?post=8504"}],"curies":[{"name":"wp","href":"https:\/\/api.w.org\/{rel}","templated":true}]}}