{"id":8508,"date":"2017-12-30T15:51:38","date_gmt":"2017-12-30T15:51:38","guid":{"rendered":"http:\/\/www.tatanka.nl\/?post_type=product&#038;p=8508"},"modified":"2025-06-04T15:46:19","modified_gmt":"2025-06-04T14:46:19","slug":"morning-glory-seeds","status":"publish","type":"product","link":"https:\/\/www.tatanka.nl\/fr\/morning-glory-seeds\/","title":{"rendered":"Graines de gloire du matin"},"content":{"rendered":"<h2 data-start=\"337\" data-end=\"369\">Qu'est-ce qu'une graine de Morning Glory ?<\/h2>\n<p data-start=\"371\" data-end=\"1197\">Graines de Morning Glory, sp\u00e9cifiquement de la plante <em data-start=\"420\" data-end=\"438\">Ipomoea Purpurea<\/em>Les graines de l'acide lysergique ont attir\u00e9 l'attention en raison de leurs propri\u00e9t\u00e9s psychoactives. Les graines contiennent un compos\u00e9 appel\u00e9 acide lysergique amide (LSA), qui est chimiquement apparent\u00e9 au LSD. Le LSA est connu pour sa capacit\u00e9 \u00e0 induire des exp\u00e9riences introspectives, m\u00e9ditatives et parfois visionnaires. Les graines sont utilis\u00e9es depuis des si\u00e8cles par les cultures indig\u00e8nes, notamment en Am\u00e9rique du Sud, o\u00f9 elles sont pr\u00e9par\u00e9es et consomm\u00e9es de diverses mani\u00e8res pour renforcer les pratiques spirituelles. Ces graines ne sont pas seulement une merveille visuelle gr\u00e2ce \u00e0 leurs magnifiques fleurs, mais aussi une porte d'entr\u00e9e vers des \u00e9tats de conscience modifi\u00e9s. Les effets psychoactifs des graines de Morning Glory sont influenc\u00e9s par l'environnement et l'\u00e9tat d'esprit individuel, ce qui signifie que l'exp\u00e9rience peut varier consid\u00e9rablement en fonction du contexte et de la concentration mentale.<\/p>\n<h2 data-start=\"1204\" data-end=\"1237\">Histoire des graines de gloire du matin<\/h2>\n<p data-start=\"1239\" data-end=\"2119\">L'histoire de la <em data-start=\"1254\" data-end=\"1272\">Ipomoea Purpurea<\/em> Les graines de Morning Glory remontent \u00e0 des milliers d'ann\u00e9es. Les tribus indig\u00e8nes d'Am\u00e9rique du Sud ont \u00e9t\u00e9 parmi les premi\u00e8res \u00e0 reconna\u00eetre et \u00e0 utiliser les propri\u00e9t\u00e9s psychoactives de la Morning Glory. Elles broyaient les graines et les faisaient tremper dans de l'eau ou de l'alcool pour en extraire le compos\u00e9 actif, le LSA. Cette m\u00e9thode de pr\u00e9paration leur permettait de consommer les graines d'une mani\u00e8re qui r\u00e9duisait les effets secondaires ind\u00e9sirables, cr\u00e9ant ainsi une exp\u00e9rience plus g\u00e9rable et plus concentr\u00e9e. La connaissance des effets de ces graines a \u00e9t\u00e9 transmise de g\u00e9n\u00e9ration en g\u00e9n\u00e9ration, souvent utilis\u00e9e dans des contextes spirituels et c\u00e9r\u00e9moniels. La d\u00e9couverte scientifique du LSA est intervenue bien plus tard, les chercheurs l'ayant identifi\u00e9 comme un compos\u00e9 naturel \u00e9troitement li\u00e9 au LSD dans les ann\u00e9es 1960. Ce lien avec le LSD a attir\u00e9 l'attention sur les graines de Morning Glory \u00e0 l'\u00e9poque moderne, suscitant \u00e0 la fois des recherches scientifiques et un int\u00e9r\u00eat r\u00e9cr\u00e9atif pour leurs effets.<\/p>\n<h2 data-start=\"2126\" data-end=\"2159\">Comment utiliser les graines de gloire du matin<\/h2>\n<p data-start=\"2161\" data-end=\"3039\">Les graines de Morning Glory doivent \u00eatre utilis\u00e9es avec prudence en raison de leurs puissants effets psychoactifs. La m\u00e9thode traditionnelle de consommation consiste \u00e0 broyer les graines en une fine poudre, qui est ensuite tremp\u00e9e dans de l'eau ou, de pr\u00e9f\u00e9rence, dans de l'alcool. L'alcool permet d'extraire plus efficacement les compos\u00e9s psychoactifs. Apr\u00e8s le trempage, les graines sont g\u00e9n\u00e9ralement consomm\u00e9es \u00e0 jeun pour obtenir les effets les plus profonds. Il est essentiel de commencer par une petite dose et d'\u00eatre attentif \u00e0 son environnement, car l'exp\u00e9rience peut \u00eatre intense et impr\u00e9visible. De nombreuses personnes rapportent avoir ressenti une introspection accrue, des pens\u00e9es m\u00e9ditatives et m\u00eame des \u00e9tats visionnaires. Toutefois, en raison du risque d'effets secondaires, tels que naus\u00e9es ou vertiges, il est recommand\u00e9 de se trouver dans un environnement calme et s\u00fbr et d'\u00e9viter les distractions. Assurez-vous toujours d'\u00eatre dans un \u00e9tat mental positif avant de consommer ces graines.<\/p>\n<h2 data-start=\"3046\" data-end=\"3083\">Ingr\u00e9dients des graines de Morning Glory<\/h2>\n<p data-start=\"3085\" data-end=\"3882\">Le principal compos\u00e9 psychoactif pr\u00e9sent dans les graines de Morning Glory est l'amide d'acide lysergique (LSA). Le LSA est chimiquement similaire au LSD, mais il est moins puissant. Ce compos\u00e9 est responsable des effets psychoactifs associ\u00e9s aux graines, qui peuvent inclure des perceptions alt\u00e9r\u00e9es, une introspection accrue et des exp\u00e9riences visionnaires. Outre le LSA, les graines de Morning Glory contiennent d'autres compos\u00e9s tels que des alcalo\u00efdes et des acides amin\u00e9s, bien que le LSA soit le principal ingr\u00e9dient actif. Ces graines contiennent \u00e9galement diverses fibres v\u00e9g\u00e9tales et des nutriments essentiels, bien qu'ils ne soient pas au c\u0153ur de leurs effets psychoactifs. La concentration de LSA dans les graines peut varier en fonction des conditions de croissance de la plante et de la souche sp\u00e9cifique, ce qui explique pourquoi certains lots peuvent produire des exp\u00e9riences plus ou moins fortes que d'autres.<\/p>\n<p data-start=\"3889\" data-end=\"4489\" data-is-last-node=\"\"><strong data-start=\"3889\" data-end=\"3901\">Avertissement :<\/strong><br data-start=\"3901\" data-end=\"3904\" \/>La consommation de graines de Morning Glory peut provoquer des effets psychoactifs intenses. Ces effets peuvent varier en fonction de l'individu, de l'environnement et du dosage. Il est essentiel d'aborder l'utilisation de ces graines avec prudence et conscience. Les effets secondaires potentiels peuvent inclure des naus\u00e9es, des vertiges et des troubles psychologiques. Il est conseill\u00e9 d'utiliser ces graines dans un environnement contr\u00f4l\u00e9 et s\u00fbr. Les femmes enceintes, les personnes souffrant de troubles mentaux ou celles qui prennent des m\u00e9dicaments doivent \u00e9viter d'utiliser les graines de Morning Glory. Assurez-vous toujours d'\u00eatre pleinement inform\u00e9 des risques potentiels avant de les utiliser.<\/p>","protected":false},"excerpt":{"rendered":"<p>L'Ipomoea Purpurea, commun\u00e9ment appel\u00e9e Morning Glory, est une plante captivante connue pour ses \u00e9tonnantes fleurs bleu-violet et ses graines psychoactives. Ces graines contiennent de l'acide lysergique amide (LSA), un compos\u00e9 similaire au LSD, utilis\u00e9 depuis des si\u00e8cles par les cultures indig\u00e8nes pour ses effets psychotropes. Contient 300 graines.<\/p>","protected":false},"featured_media":126159,"template":"","meta":[],"product_brand":[],"product_cat":[600,297,537,513,476],"product_tag":[],"class_list":{"0":"post-8508","1":"product","2":"type-product","3":"status-publish","4":"has-post-thumbnail","6":"product_cat-mcmystic","7":"product_cat-all-products","8":"product_cat-lsa-seeds","9":"product_cat-party","10":"product_cat-smartshop","11":"product_shipping_class-not-allowed-group-3","13":"first","14":"instock","15":"taxable","16":"shipping-taxable","17":"purchasable","18":"product-type-variable"},"_links":{"self":[{"href":"https:\/\/www.tatanka.nl\/fr\/wp-json\/wp\/v2\/product\/8508","targetHints":{"allow":["GET"]}}],"collection":[{"href":"https:\/\/www.tatanka.nl\/fr\/wp-json\/wp\/v2\/product"}],"about":[{"href":"https:\/\/www.tatanka.nl\/fr\/wp-json\/wp\/v2\/types\/product"}],"wp:featuredmedia":[{"embeddable":true,"href":"https:\/\/www.tatanka.nl\/fr\/wp-json\/wp\/v2\/media\/126159"}],"wp:attachment":[{"href":"https:\/\/www.tatanka.nl\/fr\/wp-json\/wp\/v2\/media?parent=8508"}],"wp:term":[{"taxonomy":"product_brand","embeddable":true,"href":"https:\/\/www.tatanka.nl\/fr\/wp-json\/wp\/v2\/product_brand?post=8508"},{"taxonomy":"product_cat","embeddable":true,"href":"https:\/\/www.tatanka.nl\/fr\/wp-json\/wp\/v2\/product_cat?post=8508"},{"taxonomy":"product_tag","embeddable":true,"href":"https:\/\/www.tatanka.nl\/fr\/wp-json\/wp\/v2\/product_tag?post=8508"}],"curies":[{"name":"wp","href":"https:\/\/api.w.org\/{rel}","templated":true}]}}